{"id":16696,"date":"2024-04-24T10:18:18","date_gmt":"2024-04-24T12:18:18","guid":{"rendered":"https:\/\/truckstyling.lt\/?post_type=product&#038;p=16696"},"modified":"2024-04-24T11:09:20","modified_gmt":"2024-04-24T13:09:20","slug":"xado-maximum-automatinems-sunkvezimiu-pavaru-dezems","status":"publish","type":"product","link":"https:\/\/truckstyling.lt\/ru\/\u043f\u0440\u043e\u0434\u0443\u043a\u0442\/xado-maximum-automatinems-sunkvezimiu-pavaru-dezems\/","title":{"rendered":"XADO MAXIMUM automatin\u0117ms sunkve\u017eimi\u0173 pavar\u0173 d\u0117\u017e\u0117ms"},"content":{"rendered":"<p><iframe loading=\"lazy\" src=\"\/\/www.youtube.com\/embed\/B2PVpP7X5cI?ab_channel=XADOLT\" width=\"560\" height=\"314\" allowfullscreen=\"allowfullscreen\"><\/iframe><\/p>\n<p>Daugiafunkcinis priedas \u012f alyv\u0105.<\/p>\n<p>Atominis metalo kondicionierius automatin\u0117ms pavar\u0173 d\u0117\u017e\u0117ms su revitalizantu.<\/p>\n<p>Jis skirtas detali\u0173 geometrijos atstatymui, bei j\u0173 apsaugai nuo d\u0117v\u0117jimosi.<\/p>\n<p>Detali\u0173 trynimosi pavir\u0161iuose formuojamas naujas metalo keramikos sluoksnis, tuo pa\u010diu modifikuojasi darbinius pavir\u0161ius ir kompensuoja einamaji nusid\u0117v\u0117jim\u0105.<\/p>\n<p>Metalo kondicionierius stiprina tepimo pl\u0117vel\u0119, suteikia papildom\u0105 apsaug\u0105 nuo d\u0117v\u0117jimosi.<\/p>\n<p>Sud\u0117tis universali, tinka visoms automatin\u0117ms transmisijoms \u012fskaitant Tiptronic\u00ae, Steptronic\u00ae, CVT, DSG (su &#171;\u0161lapia sankaba &#171;) ir kt.<\/p>\n<h3>Prana\u0161umai:<\/h3>\n<ul>\n<li>Atstato ir apsaugo metalini\u0173 detali\u0173 pavir\u0161i\u0173 nuo d\u0117v\u0117jimosi;<\/li>\n<li>Pa\u0161alina pavir\u0161iaus defektus;<\/li>\n<li>Pailgina mazg\u0173 tarnavimo laik\u0105;<\/li>\n<li>Suma\u017eina triuk\u0161m\u0105 ir vibracij\u0105;<\/li>\n<li>Amortizuoja auk\u0161tas apkrovas.<\/li>\n<\/ul>\n<h3>Naudojimas:<\/h3>\n<p>I\u0161spausti vien\u0105 \u0161virk\u0161t\u0105 \u012f tepal\u0105 su\u0161ilus\u012f iki darbin\u0117s temperat\u016bros.<\/p>\n<p>Eksploatuoti \u012fprastu re\u017eimu.<\/p>\n<p>Apdorojimas baigtas po 1500 km ridos.<\/p>\n<table cellpadding=\"3\">\n<tbody>\n<tr>\n<th>Alyvos kiekis<\/th>\n<th>5-10<\/th>\n<th>10-15<\/th>\n<th>15-20<\/th>\n<\/tr>\n<tr>\n<td>Speciali\u0173 \u0161virk\u0161t\u0173 kiekis (30 ml), vnt.<\/td>\n<td>1<\/td>\n<td>2<\/td>\n<td>3<\/td>\n<\/tr>\n<tr>\n<td>Apdorojimo schema<\/td>\n<td>Vienkartinis<\/td>\n<td>Vienkartinis<\/td>\n<td>Vienkartinis<\/td>\n<\/tr>\n<\/tbody>\n<\/table>\n<p>Revitalizacijos poveikis juntamas nuo pirm\u0173 kilometr\u0173. Suma\u017e\u0117ja triuk\u0161mas, tolygiau persijungia pavaros.<\/p>\n<p>Revitalizantas yra suderinamas su visais automatini\u0173 transmisij\u0173 skys\u010diais: Dexron, Mercon, Mopar, CV\u0422 ir kt.<\/p>\n<p>Pakartotinas produkto naudojimas rekomenduojamas po 100 000 km.<\/p>\n<p>Pakuot\u0117: \u0160virk\u0161tas 30ml XA 40027<\/p>\n","protected":false},"excerpt":{"rendered":"<p>Daugiafunkcinis priedas \u012f alyv\u0105. Atominis metalo kondicionierius automatin\u0117ms pavar\u0173 d\u0117\u017e\u0117ms su revitalizantu. Jis skirtas detali\u0173 geometrijos atstatymui, bei j\u0173 apsaugai nuo d\u0117v\u0117jimosi. Detali\u0173 trynimosi pavir\u0161iuose formuojamas naujas metalo keramikos sluoksnis, tuo pa\u010diu modifikuojasi darbinius pavir\u0161ius ir kompensuoja einamaji nusid\u0117v\u0117jim\u0105. Metalo kondicionierius stiprina tepimo pl\u0117vel\u0119, suteikia papildom\u0105 apsaug\u0105 nuo d\u0117v\u0117jimosi. Sud\u0117tis universali, tinka visoms automatin\u0117ms transmisijoms [&hellip;]<\/p>\n","protected":false},"featured_media":16699,"comment_status":"open","ping_status":"closed","template":"","meta":{"_acf_changed":false,"inline_featured_image":false},"product_cat":[698],"product_tag":[],"class_list":{"0":"post-16696","1":"product","2":"type-product","3":"status-publish","4":"has-post-thumbnail","6":"product_cat-xado","8":"first","9":"instock","10":"sale","11":"taxable","12":"shipping-taxable","13":"purchasable","14":"product-type-simple"},"acf":[],"yoast_head":"<!-- This site is optimized with the Yoast SEO plugin v23.4 - https:\/\/yoast.com\/wordpress\/plugins\/seo\/ -->\n<title>XADO MAXIMUM automatin\u0117ms sunkve\u017eimi\u0173 pavar\u0173 d\u0117\u017e\u0117ms<\/title>\n<meta name=\"description\" content=\"XADO MAXIMUM TRANSMISSION Atominis metalo kondicionierius su revitalizantu 1 Stage (RF 100). Skirtas krovinin\u0117ms ma\u0161inoms\" \/>\n<meta name=\"robots\" content=\"index, follow, max-snippet:-1, max-image-preview:large, max-video-preview:-1\" \/>\n<link rel=\"canonical\" href=\"https:\/\/truckstyling.lt\/ru\/\u043f\u0440\u043e\u0434\u0443\u043a\u0442\/xado-maximum-automatinems-sunkvezimiu-pavaru-dezems\/\" \/>\n<meta property=\"og:locale\" content=\"ru_RU\" \/>\n<meta property=\"og:type\" content=\"article\" \/>\n<meta property=\"og:title\" content=\"XADO MAXIMUM automatin\u0117ms sunkve\u017eimi\u0173 pavar\u0173 d\u0117\u017e\u0117ms\" \/>\n<meta property=\"og:description\" content=\"XADO MAXIMUM TRANSMISSION Atominis metalo kondicionierius su revitalizantu 1 Stage (RF 100). Skirtas krovinin\u0117ms ma\u0161inoms\" \/>\n<meta property=\"og:url\" content=\"https:\/\/truckstyling.lt\/ru\/\u043f\u0440\u043e\u0434\u0443\u043a\u0442\/xado-maximum-automatinems-sunkvezimiu-pavaru-dezems\/\" \/>\n<meta property=\"og:site_name\" content=\"Truckstyling.lt\" \/>\n<meta property=\"article:publisher\" content=\"https:\/\/www.facebook.com\/truckstylinglt\" \/>\n<meta property=\"article:modified_time\" content=\"2024-04-24T13:09:20+00:00\" \/>\n<meta property=\"og:image\" content=\"https:\/\/truckstyling.lt\/wp-content\/uploads\/2024\/04\/XADO-MAXIMUM-for-automatic-transmission_p.jpg\" \/>\n\t<meta property=\"og:image:width\" content=\"400\" \/>\n\t<meta property=\"og:image:height\" content=\"400\" \/>\n\t<meta property=\"og:image:type\" content=\"image\/jpeg\" \/>\n<meta name=\"twitter:card\" content=\"summary_large_image\" \/>\n<meta name=\"twitter:label1\" content=\"\u041f\u0440\u0438\u043c\u0435\u0440\u043d\u043e\u0435 \u0432\u0440\u0435\u043c\u044f \u0434\u043b\u044f \u0447\u0442\u0435\u043d\u0438\u044f\" \/>\n\t<meta name=\"twitter:data1\" content=\"2 \u043c\u0438\u043d\u0443\u0442\u044b\" \/>\n<script type=\"application\/ld+json\" class=\"yoast-schema-graph\">{\"@context\":\"https:\/\/schema.org\",\"@graph\":[{\"@type\":\"WebPage\",\"@id\":\"https:\/\/truckstyling.lt\/ru\/\u043f\u0440\u043e\u0434\u0443\u043a\u0442\/xado-maximum-automatinems-sunkvezimiu-pavaru-dezems\/\",\"url\":\"https:\/\/truckstyling.lt\/ru\/\u043f\u0440\u043e\u0434\u0443\u043a\u0442\/xado-maximum-automatinems-sunkvezimiu-pavaru-dezems\/\",\"name\":\"XADO MAXIMUM automatin\u0117ms sunkve\u017eimi\u0173 pavar\u0173 d\u0117\u017e\u0117ms\",\"isPartOf\":{\"@id\":\"https:\/\/truckstyling.lt\/#website\"},\"primaryImageOfPage\":{\"@id\":\"https:\/\/truckstyling.lt\/ru\/\u043f\u0440\u043e\u0434\u0443\u043a\u0442\/xado-maximum-automatinems-sunkvezimiu-pavaru-dezems\/#primaryimage\"},\"image\":{\"@id\":\"https:\/\/truckstyling.lt\/ru\/\u043f\u0440\u043e\u0434\u0443\u043a\u0442\/xado-maximum-automatinems-sunkvezimiu-pavaru-dezems\/#primaryimage\"},\"thumbnailUrl\":\"https:\/\/truckstyling.lt\/wp-content\/uploads\/2024\/04\/XADO-MAXIMUM-for-automatic-transmission_p.jpg\",\"datePublished\":\"2024-04-24T12:18:18+00:00\",\"dateModified\":\"2024-04-24T13:09:20+00:00\",\"description\":\"XADO MAXIMUM TRANSMISSION Atominis metalo kondicionierius su revitalizantu 1 Stage (RF 100). Skirtas krovinin\u0117ms ma\u0161inoms\",\"breadcrumb\":{\"@id\":\"https:\/\/truckstyling.lt\/ru\/\u043f\u0440\u043e\u0434\u0443\u043a\u0442\/xado-maximum-automatinems-sunkvezimiu-pavaru-dezems\/#breadcrumb\"},\"inLanguage\":\"ru-RU\",\"potentialAction\":[{\"@type\":\"ReadAction\",\"target\":[\"https:\/\/truckstyling.lt\/ru\/\u043f\u0440\u043e\u0434\u0443\u043a\u0442\/xado-maximum-automatinems-sunkvezimiu-pavaru-dezems\/\"]}]},{\"@type\":\"ImageObject\",\"inLanguage\":\"ru-RU\",\"@id\":\"https:\/\/truckstyling.lt\/ru\/\u043f\u0440\u043e\u0434\u0443\u043a\u0442\/xado-maximum-automatinems-sunkvezimiu-pavaru-dezems\/#primaryimage\",\"url\":\"https:\/\/truckstyling.lt\/wp-content\/uploads\/2024\/04\/XADO-MAXIMUM-for-automatic-transmission_p.jpg\",\"contentUrl\":\"https:\/\/truckstyling.lt\/wp-content\/uploads\/2024\/04\/XADO-MAXIMUM-for-automatic-transmission_p.jpg\",\"width\":400,\"height\":400,\"caption\":\"XADO MAXIMUM AUTOMATIN\u0116MS PAVAR\u0172 D\u0116\u017d\u0116MS\"},{\"@type\":\"BreadcrumbList\",\"@id\":\"https:\/\/truckstyling.lt\/ru\/\u043f\u0440\u043e\u0434\u0443\u043a\u0442\/xado-maximum-automatinems-sunkvezimiu-pavaru-dezems\/#breadcrumb\",\"itemListElement\":[{\"@type\":\"ListItem\",\"position\":1,\"name\":\"Home\",\"item\":\"https:\/\/truckstyling.lt\/ru\/\"},{\"@type\":\"ListItem\",\"position\":2,\"name\":\"\u041c\u0430\u0433\u0430\u0437\u0438\u043d\",\"item\":\"https:\/\/truckstyling.lt\/ru\/magazin\/\"},{\"@type\":\"ListItem\",\"position\":3,\"name\":\"XADO MAXIMUM automatin\u0117ms sunkve\u017eimi\u0173 pavar\u0173 d\u0117\u017e\u0117ms\"}]},{\"@type\":\"WebSite\",\"@id\":\"https:\/\/truckstyling.lt\/#website\",\"url\":\"https:\/\/truckstyling.lt\/\",\"name\":\"Truckstyling.lt\",\"description\":\"Truckstyling.lt\",\"publisher\":{\"@id\":\"https:\/\/truckstyling.lt\/#organization\"},\"potentialAction\":[{\"@type\":\"SearchAction\",\"target\":{\"@type\":\"EntryPoint\",\"urlTemplate\":\"https:\/\/truckstyling.lt\/?s={search_term_string}\"},\"query-input\":{\"@type\":\"PropertyValueSpecification\",\"valueRequired\":true,\"valueName\":\"search_term_string\"}}],\"inLanguage\":\"ru-RU\"},{\"@type\":\"Organization\",\"@id\":\"https:\/\/truckstyling.lt\/#organization\",\"name\":\"Fitmenta\",\"url\":\"https:\/\/truckstyling.lt\/\",\"logo\":{\"@type\":\"ImageObject\",\"inLanguage\":\"ru-RU\",\"@id\":\"https:\/\/truckstyling.lt\/#\/schema\/logo\/image\/\",\"url\":\"https:\/\/truckstyling.lt\/wp-content\/uploads\/2021\/01\/fitmenta-logo-white.svg\",\"contentUrl\":\"https:\/\/truckstyling.lt\/wp-content\/uploads\/2021\/01\/fitmenta-logo-white.svg\",\"width\":201,\"height\":143,\"caption\":\"Fitmenta\"},\"image\":{\"@id\":\"https:\/\/truckstyling.lt\/#\/schema\/logo\/image\/\"},\"sameAs\":[\"https:\/\/www.facebook.com\/truckstylinglt\"]}]}<\/script>\n<!-- \/ Yoast SEO plugin. -->","yoast_head_json":{"title":"XADO MAXIMUM automatin\u0117ms sunkve\u017eimi\u0173 pavar\u0173 d\u0117\u017e\u0117ms","description":"XADO MAXIMUM TRANSMISSION Atominis metalo kondicionierius su revitalizantu 1 Stage (RF 100). Skirtas krovinin\u0117ms ma\u0161inoms","robots":{"index":"index","follow":"follow","max-snippet":"max-snippet:-1","max-image-preview":"max-image-preview:large","max-video-preview":"max-video-preview:-1"},"canonical":"https:\/\/truckstyling.lt\/ru\/\u043f\u0440\u043e\u0434\u0443\u043a\u0442\/xado-maximum-automatinems-sunkvezimiu-pavaru-dezems\/","og_locale":"ru_RU","og_type":"article","og_title":"XADO MAXIMUM automatin\u0117ms sunkve\u017eimi\u0173 pavar\u0173 d\u0117\u017e\u0117ms","og_description":"XADO MAXIMUM TRANSMISSION Atominis metalo kondicionierius su revitalizantu 1 Stage (RF 100). Skirtas krovinin\u0117ms ma\u0161inoms","og_url":"https:\/\/truckstyling.lt\/ru\/\u043f\u0440\u043e\u0434\u0443\u043a\u0442\/xado-maximum-automatinems-sunkvezimiu-pavaru-dezems\/","og_site_name":"Truckstyling.lt","article_publisher":"https:\/\/www.facebook.com\/truckstylinglt","article_modified_time":"2024-04-24T13:09:20+00:00","og_image":[{"width":400,"height":400,"url":"https:\/\/truckstyling.lt\/wp-content\/uploads\/2024\/04\/XADO-MAXIMUM-for-automatic-transmission_p.jpg","type":"image\/jpeg"}],"twitter_card":"summary_large_image","twitter_misc":{"\u041f\u0440\u0438\u043c\u0435\u0440\u043d\u043e\u0435 \u0432\u0440\u0435\u043c\u044f \u0434\u043b\u044f \u0447\u0442\u0435\u043d\u0438\u044f":"2 \u043c\u0438\u043d\u0443\u0442\u044b"},"schema":{"@context":"https:\/\/schema.org","@graph":[{"@type":"WebPage","@id":"https:\/\/truckstyling.lt\/ru\/\u043f\u0440\u043e\u0434\u0443\u043a\u0442\/xado-maximum-automatinems-sunkvezimiu-pavaru-dezems\/","url":"https:\/\/truckstyling.lt\/ru\/\u043f\u0440\u043e\u0434\u0443\u043a\u0442\/xado-maximum-automatinems-sunkvezimiu-pavaru-dezems\/","name":"XADO MAXIMUM automatin\u0117ms sunkve\u017eimi\u0173 pavar\u0173 d\u0117\u017e\u0117ms","isPartOf":{"@id":"https:\/\/truckstyling.lt\/#website"},"primaryImageOfPage":{"@id":"https:\/\/truckstyling.lt\/ru\/\u043f\u0440\u043e\u0434\u0443\u043a\u0442\/xado-maximum-automatinems-sunkvezimiu-pavaru-dezems\/#primaryimage"},"image":{"@id":"https:\/\/truckstyling.lt\/ru\/\u043f\u0440\u043e\u0434\u0443\u043a\u0442\/xado-maximum-automatinems-sunkvezimiu-pavaru-dezems\/#primaryimage"},"thumbnailUrl":"https:\/\/truckstyling.lt\/wp-content\/uploads\/2024\/04\/XADO-MAXIMUM-for-automatic-transmission_p.jpg","datePublished":"2024-04-24T12:18:18+00:00","dateModified":"2024-04-24T13:09:20+00:00","description":"XADO MAXIMUM TRANSMISSION Atominis metalo kondicionierius su revitalizantu 1 Stage (RF 100). Skirtas krovinin\u0117ms ma\u0161inoms","breadcrumb":{"@id":"https:\/\/truckstyling.lt\/ru\/\u043f\u0440\u043e\u0434\u0443\u043a\u0442\/xado-maximum-automatinems-sunkvezimiu-pavaru-dezems\/#breadcrumb"},"inLanguage":"ru-RU","potentialAction":[{"@type":"ReadAction","target":["https:\/\/truckstyling.lt\/ru\/\u043f\u0440\u043e\u0434\u0443\u043a\u0442\/xado-maximum-automatinems-sunkvezimiu-pavaru-dezems\/"]}]},{"@type":"ImageObject","inLanguage":"ru-RU","@id":"https:\/\/truckstyling.lt\/ru\/\u043f\u0440\u043e\u0434\u0443\u043a\u0442\/xado-maximum-automatinems-sunkvezimiu-pavaru-dezems\/#primaryimage","url":"https:\/\/truckstyling.lt\/wp-content\/uploads\/2024\/04\/XADO-MAXIMUM-for-automatic-transmission_p.jpg","contentUrl":"https:\/\/truckstyling.lt\/wp-content\/uploads\/2024\/04\/XADO-MAXIMUM-for-automatic-transmission_p.jpg","width":400,"height":400,"caption":"XADO MAXIMUM AUTOMATIN\u0116MS PAVAR\u0172 D\u0116\u017d\u0116MS"},{"@type":"BreadcrumbList","@id":"https:\/\/truckstyling.lt\/ru\/\u043f\u0440\u043e\u0434\u0443\u043a\u0442\/xado-maximum-automatinems-sunkvezimiu-pavaru-dezems\/#breadcrumb","itemListElement":[{"@type":"ListItem","position":1,"name":"Home","item":"https:\/\/truckstyling.lt\/ru\/"},{"@type":"ListItem","position":2,"name":"\u041c\u0430\u0433\u0430\u0437\u0438\u043d","item":"https:\/\/truckstyling.lt\/ru\/magazin\/"},{"@type":"ListItem","position":3,"name":"XADO MAXIMUM automatin\u0117ms sunkve\u017eimi\u0173 pavar\u0173 d\u0117\u017e\u0117ms"}]},{"@type":"WebSite","@id":"https:\/\/truckstyling.lt\/#website","url":"https:\/\/truckstyling.lt\/","name":"Truckstyling.lt","description":"Truckstyling.lt","publisher":{"@id":"https:\/\/truckstyling.lt\/#organization"},"potentialAction":[{"@type":"SearchAction","target":{"@type":"EntryPoint","urlTemplate":"https:\/\/truckstyling.lt\/?s={search_term_string}"},"query-input":{"@type":"PropertyValueSpecification","valueRequired":true,"valueName":"search_term_string"}}],"inLanguage":"ru-RU"},{"@type":"Organization","@id":"https:\/\/truckstyling.lt\/#organization","name":"Fitmenta","url":"https:\/\/truckstyling.lt\/","logo":{"@type":"ImageObject","inLanguage":"ru-RU","@id":"https:\/\/truckstyling.lt\/#\/schema\/logo\/image\/","url":"https:\/\/truckstyling.lt\/wp-content\/uploads\/2021\/01\/fitmenta-logo-white.svg","contentUrl":"https:\/\/truckstyling.lt\/wp-content\/uploads\/2021\/01\/fitmenta-logo-white.svg","width":201,"height":143,"caption":"Fitmenta"},"image":{"@id":"https:\/\/truckstyling.lt\/#\/schema\/logo\/image\/"},"sameAs":["https:\/\/www.facebook.com\/truckstylinglt"]}]}},"_links":{"self":[{"href":"https:\/\/truckstyling.lt\/ru\/wp-json\/wp\/v2\/product\/16696"}],"collection":[{"href":"https:\/\/truckstyling.lt\/ru\/wp-json\/wp\/v2\/product"}],"about":[{"href":"https:\/\/truckstyling.lt\/ru\/wp-json\/wp\/v2\/types\/product"}],"replies":[{"embeddable":true,"href":"https:\/\/truckstyling.lt\/ru\/wp-json\/wp\/v2\/comments?post=16696"}],"wp:featuredmedia":[{"embeddable":true,"href":"https:\/\/truckstyling.lt\/ru\/wp-json\/wp\/v2\/media\/16699"}],"wp:attachment":[{"href":"https:\/\/truckstyling.lt\/ru\/wp-json\/wp\/v2\/media?parent=16696"}],"wp:term":[{"taxonomy":"product_cat","embeddable":true,"href":"https:\/\/truckstyling.lt\/ru\/wp-json\/wp\/v2\/product_cat?post=16696"},{"taxonomy":"product_tag","embeddable":true,"href":"https:\/\/truckstyling.lt\/ru\/wp-json\/wp\/v2\/product_tag?post=16696"}],"curies":[{"name":"wp","href":"https:\/\/api.w.org\/{rel}","templated":true}]}}