{"id":16690,"date":"2024-04-24T09:59:55","date_gmt":"2024-04-24T11:59:55","guid":{"rendered":"https:\/\/truckstyling.lt\/?post_type=product&#038;p=16690"},"modified":"2024-04-24T10:07:28","modified_gmt":"2024-04-24T12:07:28","slug":"xado-maximum-transmission-sunkvezimiams","status":"publish","type":"product","link":"https:\/\/truckstyling.lt\/ru\/\u043f\u0440\u043e\u0434\u0443\u043a\u0442\/xado-maximum-transmission-sunkvezimiams\/","title":{"rendered":"XADO MAXIMUM TRANSMISSION sunkve\u017eimiams"},"content":{"rendered":"<div class=\"characteristic-list-holder clearfix\">\n<p>Atominis metalo kondicionierius su revitalizantu 1 Stage (RF 100).<\/p>\n<p>Skirtas krovinini\u0173 ma\u0161in\u0173 pavar\u0173, guoli\u0173 ir kit\u0173 pavar\u0173 d\u0117\u017ei\u0173 bei reduktori\u0173 mazg\u0173 atstatomajam remontui bei apsaugai nuo dilimo.<\/p>\n<p>Novatori\u0161kas dviej\u0173 komponent\u0173 naujos kartos produktas, suderinantis metalo kondicionieriaus ir tre\u010dios kartos revitalizanto prana\u0161umus.<\/p>\n<ul>\n<li>Pa\u0161alina \u012fdr\u0117skimus darbini\u0173 pavir\u0161i\u0173.<\/li>\n<li>Atstato detali\u0173 geometrij\u0105.<\/li>\n<li>10 kart\u0173 suma\u017eina triuk\u0161m\u0105 ir vibracij\u0105.<\/li>\n<li>Pagerina pavar\u0173 perjungimo tikslum\u0105.<\/li>\n<li>Gerina sinchronizatori\u0173 darb\u0105.<\/li>\n<li>U\u017etikrina degal\u0173 ekonomi\u0161kum\u0105 (ypa\u010d keturiais ratais varomuose automobiliuose); nutek\u0117jus alyvai leid\u017eia eksploatuoti transmisijos mazgus (iki 1000 km).<\/li>\n<li>Atstato ir apsaugo nuo dilimo besitrinan\u010dias transmisijos detales.<\/li>\n<\/ul>\n<h3>Naudojimas<\/h3>\n<p>\u0160virk\u0161to turin\u012f supilti \u012f pavar\u0173 d\u0117\u017e\u0117s, skirstomosios d\u0117\u017e\u0117s ar reduktoriaus alyvos supylimo ang\u0105. 3 &#8212; 5 minutes automobiliu va\u017eiuoti, kad pilnai i\u0161tirpt\u0173 revitalizantas. Toliau automobil\u012f eksploatuoti \u012fprastu re\u017eimu.<\/p>\n<h3>Pastabos<\/h3>\n<ul>\n<li>Nerekomenduojama naudoti XADO Maximum transmission jeigu nusidev\u0117jimas yra 100 % (pvz. nul\u016b\u017eineja dantra\u010diai).<\/li>\n<li>Nerekomenduojama naudoti automatin\u0117ms pavar\u0173 d\u0117\u017e\u0117m.<\/li>\n<li>Suderinamas su visais alyvos tipais<\/li>\n<li>Revitalizacijos procesas vyksta 1000 km ridos, nerekomenduojama keisti alyvos po supylimo 1000km.<\/li>\n<li>Pakartotinis naudojimas XADO \u201eMaximum transmission for diesel truck\u201c rekomenduojamas po 100 t\u016bkst. km ridos.<\/li>\n<\/ul>\n<h3>Dozavimas<\/h3>\n<ul>\n<li>Viena pakuot\u0117 XADO Maximum transmission (50 ml) transmisijoms kuri\u0173 tepalin\u0117s sistemos t\u016bris iki 25L.<\/li>\n<li>RF=100<\/li>\n<li>RF (Revitalization factor) \u2014 apsaugos nuo dilimo ir atstatymo efektyvumo rodiklis<\/li>\n<li>RF=100 rei\u0161kia, kad naudojant produkt\u0105 pavar\u0173 d\u0117\u017e\u0117 praeina vis\u0105 revitalizacijos cikl\u0105, ji visi\u0161kai atstatyta ir garantuotai apsaugota nuo dilimo 100 000 km ridos.<\/li>\n<\/ul>\n<h3>Pakuot\u0117<\/h3>\n<p>\u0160virk\u0161tas 50 ml XA 40017<\/p>\n<\/div>\n<div class=\"technology-box-holder clearfix\">\n<p>&nbsp;<\/p>\n<\/div>\n","protected":false},"excerpt":{"rendered":"<p>Atominis metalo kondicionierius su revitalizantu 1 Stage (RF 100). Skirtas krovinini\u0173 ma\u0161in\u0173 pavar\u0173, guoli\u0173 ir kit\u0173 pavar\u0173 d\u0117\u017ei\u0173 bei reduktori\u0173 mazg\u0173 atstatomajam remontui bei apsaugai nuo dilimo. Novatori\u0161kas dviej\u0173 komponent\u0173 naujos kartos produktas, suderinantis metalo kondicionieriaus ir tre\u010dios kartos revitalizanto prana\u0161umus. Pa\u0161alina \u012fdr\u0117skimus darbini\u0173 pavir\u0161i\u0173. Atstato detali\u0173 geometrij\u0105. 10 kart\u0173 suma\u017eina triuk\u0161m\u0105 ir vibracij\u0105. Pagerina [&hellip;]<\/p>\n","protected":false},"featured_media":16693,"comment_status":"open","ping_status":"closed","template":"","meta":{"_acf_changed":false,"inline_featured_image":false},"product_cat":[698],"product_tag":[],"class_list":{"0":"post-16690","1":"product","2":"type-product","3":"status-publish","4":"has-post-thumbnail","6":"product_cat-xado","8":"first","9":"instock","10":"taxable","11":"shipping-taxable","12":"purchasable","13":"product-type-simple"},"acf":[],"yoast_head":"<!-- This site is optimized with the Yoast SEO plugin v23.4 - https:\/\/yoast.com\/wordpress\/plugins\/seo\/ -->\n<title>XADO MAXIMUM TRANSMISSION sunkve\u017eimiams<\/title>\n<meta name=\"description\" content=\"XADO MAXIMUM Gelis revitalizantas skirtas benzininio ir dyzelinio automobilio kuro sistemos apsaugai nuo dilimo ir atstatomajam remontui jos nei\u0161ardant.\" \/>\n<meta name=\"robots\" content=\"index, follow, max-snippet:-1, max-image-preview:large, max-video-preview:-1\" \/>\n<link rel=\"canonical\" href=\"https:\/\/truckstyling.lt\/ru\/\u043f\u0440\u043e\u0434\u0443\u043a\u0442\/xado-maximum-transmission-sunkvezimiams\/\" \/>\n<meta property=\"og:locale\" content=\"ru_RU\" \/>\n<meta property=\"og:type\" content=\"article\" \/>\n<meta property=\"og:title\" content=\"XADO MAXIMUM TRANSMISSION sunkve\u017eimiams\" \/>\n<meta property=\"og:description\" content=\"XADO MAXIMUM Gelis revitalizantas skirtas benzininio ir dyzelinio automobilio kuro sistemos apsaugai nuo dilimo ir atstatomajam remontui jos nei\u0161ardant.\" \/>\n<meta property=\"og:url\" content=\"https:\/\/truckstyling.lt\/ru\/\u043f\u0440\u043e\u0434\u0443\u043a\u0442\/xado-maximum-transmission-sunkvezimiams\/\" \/>\n<meta property=\"og:site_name\" content=\"Truckstyling.lt\" \/>\n<meta property=\"article:publisher\" content=\"https:\/\/www.facebook.com\/truckstylinglt\" \/>\n<meta property=\"article:modified_time\" content=\"2024-04-24T12:07:28+00:00\" \/>\n<meta property=\"og:image\" content=\"https:\/\/truckstyling.lt\/wp-content\/uploads\/2024\/04\/XA42017.webp\" \/>\n\t<meta property=\"og:image:width\" content=\"400\" \/>\n\t<meta property=\"og:image:height\" content=\"400\" \/>\n\t<meta property=\"og:image:type\" content=\"image\/webp\" \/>\n<meta name=\"twitter:card\" content=\"summary_large_image\" \/>\n<meta name=\"twitter:label1\" content=\"\u041f\u0440\u0438\u043c\u0435\u0440\u043d\u043e\u0435 \u0432\u0440\u0435\u043c\u044f \u0434\u043b\u044f \u0447\u0442\u0435\u043d\u0438\u044f\" \/>\n\t<meta name=\"twitter:data1\" content=\"2 \u043c\u0438\u043d\u0443\u0442\u044b\" \/>\n<script type=\"application\/ld+json\" class=\"yoast-schema-graph\">{\"@context\":\"https:\/\/schema.org\",\"@graph\":[{\"@type\":\"WebPage\",\"@id\":\"https:\/\/truckstyling.lt\/ru\/\u043f\u0440\u043e\u0434\u0443\u043a\u0442\/xado-maximum-transmission-sunkvezimiams\/\",\"url\":\"https:\/\/truckstyling.lt\/ru\/\u043f\u0440\u043e\u0434\u0443\u043a\u0442\/xado-maximum-transmission-sunkvezimiams\/\",\"name\":\"XADO MAXIMUM TRANSMISSION sunkve\u017eimiams\",\"isPartOf\":{\"@id\":\"https:\/\/truckstyling.lt\/#website\"},\"primaryImageOfPage\":{\"@id\":\"https:\/\/truckstyling.lt\/ru\/\u043f\u0440\u043e\u0434\u0443\u043a\u0442\/xado-maximum-transmission-sunkvezimiams\/#primaryimage\"},\"image\":{\"@id\":\"https:\/\/truckstyling.lt\/ru\/\u043f\u0440\u043e\u0434\u0443\u043a\u0442\/xado-maximum-transmission-sunkvezimiams\/#primaryimage\"},\"thumbnailUrl\":\"https:\/\/truckstyling.lt\/wp-content\/uploads\/2024\/04\/XA42017.webp\",\"datePublished\":\"2024-04-24T11:59:55+00:00\",\"dateModified\":\"2024-04-24T12:07:28+00:00\",\"description\":\"XADO MAXIMUM Gelis revitalizantas skirtas benzininio ir dyzelinio automobilio kuro sistemos apsaugai nuo dilimo ir atstatomajam remontui jos nei\u0161ardant.\",\"breadcrumb\":{\"@id\":\"https:\/\/truckstyling.lt\/ru\/\u043f\u0440\u043e\u0434\u0443\u043a\u0442\/xado-maximum-transmission-sunkvezimiams\/#breadcrumb\"},\"inLanguage\":\"ru-RU\",\"potentialAction\":[{\"@type\":\"ReadAction\",\"target\":[\"https:\/\/truckstyling.lt\/ru\/\u043f\u0440\u043e\u0434\u0443\u043a\u0442\/xado-maximum-transmission-sunkvezimiams\/\"]}]},{\"@type\":\"ImageObject\",\"inLanguage\":\"ru-RU\",\"@id\":\"https:\/\/truckstyling.lt\/ru\/\u043f\u0440\u043e\u0434\u0443\u043a\u0442\/xado-maximum-transmission-sunkvezimiams\/#primaryimage\",\"url\":\"https:\/\/truckstyling.lt\/wp-content\/uploads\/2024\/04\/XA42017.webp\",\"contentUrl\":\"https:\/\/truckstyling.lt\/wp-content\/uploads\/2024\/04\/XA42017.webp\",\"width\":400,\"height\":400,\"caption\":\"XADO MAXIMUM TRANSMISSION KROVININ\u0116MS MA\u0160INOMS\"},{\"@type\":\"BreadcrumbList\",\"@id\":\"https:\/\/truckstyling.lt\/ru\/\u043f\u0440\u043e\u0434\u0443\u043a\u0442\/xado-maximum-transmission-sunkvezimiams\/#breadcrumb\",\"itemListElement\":[{\"@type\":\"ListItem\",\"position\":1,\"name\":\"Home\",\"item\":\"https:\/\/truckstyling.lt\/ru\/\"},{\"@type\":\"ListItem\",\"position\":2,\"name\":\"\u041c\u0430\u0433\u0430\u0437\u0438\u043d\",\"item\":\"https:\/\/truckstyling.lt\/ru\/magazin\/\"},{\"@type\":\"ListItem\",\"position\":3,\"name\":\"XADO MAXIMUM TRANSMISSION sunkve\u017eimiams\"}]},{\"@type\":\"WebSite\",\"@id\":\"https:\/\/truckstyling.lt\/#website\",\"url\":\"https:\/\/truckstyling.lt\/\",\"name\":\"Truckstyling.lt\",\"description\":\"Truckstyling.lt\",\"publisher\":{\"@id\":\"https:\/\/truckstyling.lt\/#organization\"},\"potentialAction\":[{\"@type\":\"SearchAction\",\"target\":{\"@type\":\"EntryPoint\",\"urlTemplate\":\"https:\/\/truckstyling.lt\/?s={search_term_string}\"},\"query-input\":{\"@type\":\"PropertyValueSpecification\",\"valueRequired\":true,\"valueName\":\"search_term_string\"}}],\"inLanguage\":\"ru-RU\"},{\"@type\":\"Organization\",\"@id\":\"https:\/\/truckstyling.lt\/#organization\",\"name\":\"Fitmenta\",\"url\":\"https:\/\/truckstyling.lt\/\",\"logo\":{\"@type\":\"ImageObject\",\"inLanguage\":\"ru-RU\",\"@id\":\"https:\/\/truckstyling.lt\/#\/schema\/logo\/image\/\",\"url\":\"https:\/\/truckstyling.lt\/wp-content\/uploads\/2021\/01\/fitmenta-logo-white.svg\",\"contentUrl\":\"https:\/\/truckstyling.lt\/wp-content\/uploads\/2021\/01\/fitmenta-logo-white.svg\",\"width\":201,\"height\":143,\"caption\":\"Fitmenta\"},\"image\":{\"@id\":\"https:\/\/truckstyling.lt\/#\/schema\/logo\/image\/\"},\"sameAs\":[\"https:\/\/www.facebook.com\/truckstylinglt\"]}]}<\/script>\n<!-- \/ Yoast SEO plugin. -->","yoast_head_json":{"title":"XADO MAXIMUM TRANSMISSION sunkve\u017eimiams","description":"XADO MAXIMUM Gelis revitalizantas skirtas benzininio ir dyzelinio automobilio kuro sistemos apsaugai nuo dilimo ir atstatomajam remontui jos nei\u0161ardant.","robots":{"index":"index","follow":"follow","max-snippet":"max-snippet:-1","max-image-preview":"max-image-preview:large","max-video-preview":"max-video-preview:-1"},"canonical":"https:\/\/truckstyling.lt\/ru\/\u043f\u0440\u043e\u0434\u0443\u043a\u0442\/xado-maximum-transmission-sunkvezimiams\/","og_locale":"ru_RU","og_type":"article","og_title":"XADO MAXIMUM TRANSMISSION sunkve\u017eimiams","og_description":"XADO MAXIMUM Gelis revitalizantas skirtas benzininio ir dyzelinio automobilio kuro sistemos apsaugai nuo dilimo ir atstatomajam remontui jos nei\u0161ardant.","og_url":"https:\/\/truckstyling.lt\/ru\/\u043f\u0440\u043e\u0434\u0443\u043a\u0442\/xado-maximum-transmission-sunkvezimiams\/","og_site_name":"Truckstyling.lt","article_publisher":"https:\/\/www.facebook.com\/truckstylinglt","article_modified_time":"2024-04-24T12:07:28+00:00","og_image":[{"width":400,"height":400,"url":"https:\/\/truckstyling.lt\/wp-content\/uploads\/2024\/04\/XA42017.webp","type":"image\/webp"}],"twitter_card":"summary_large_image","twitter_misc":{"\u041f\u0440\u0438\u043c\u0435\u0440\u043d\u043e\u0435 \u0432\u0440\u0435\u043c\u044f \u0434\u043b\u044f \u0447\u0442\u0435\u043d\u0438\u044f":"2 \u043c\u0438\u043d\u0443\u0442\u044b"},"schema":{"@context":"https:\/\/schema.org","@graph":[{"@type":"WebPage","@id":"https:\/\/truckstyling.lt\/ru\/\u043f\u0440\u043e\u0434\u0443\u043a\u0442\/xado-maximum-transmission-sunkvezimiams\/","url":"https:\/\/truckstyling.lt\/ru\/\u043f\u0440\u043e\u0434\u0443\u043a\u0442\/xado-maximum-transmission-sunkvezimiams\/","name":"XADO MAXIMUM TRANSMISSION sunkve\u017eimiams","isPartOf":{"@id":"https:\/\/truckstyling.lt\/#website"},"primaryImageOfPage":{"@id":"https:\/\/truckstyling.lt\/ru\/\u043f\u0440\u043e\u0434\u0443\u043a\u0442\/xado-maximum-transmission-sunkvezimiams\/#primaryimage"},"image":{"@id":"https:\/\/truckstyling.lt\/ru\/\u043f\u0440\u043e\u0434\u0443\u043a\u0442\/xado-maximum-transmission-sunkvezimiams\/#primaryimage"},"thumbnailUrl":"https:\/\/truckstyling.lt\/wp-content\/uploads\/2024\/04\/XA42017.webp","datePublished":"2024-04-24T11:59:55+00:00","dateModified":"2024-04-24T12:07:28+00:00","description":"XADO MAXIMUM Gelis revitalizantas skirtas benzininio ir dyzelinio automobilio kuro sistemos apsaugai nuo dilimo ir atstatomajam remontui jos nei\u0161ardant.","breadcrumb":{"@id":"https:\/\/truckstyling.lt\/ru\/\u043f\u0440\u043e\u0434\u0443\u043a\u0442\/xado-maximum-transmission-sunkvezimiams\/#breadcrumb"},"inLanguage":"ru-RU","potentialAction":[{"@type":"ReadAction","target":["https:\/\/truckstyling.lt\/ru\/\u043f\u0440\u043e\u0434\u0443\u043a\u0442\/xado-maximum-transmission-sunkvezimiams\/"]}]},{"@type":"ImageObject","inLanguage":"ru-RU","@id":"https:\/\/truckstyling.lt\/ru\/\u043f\u0440\u043e\u0434\u0443\u043a\u0442\/xado-maximum-transmission-sunkvezimiams\/#primaryimage","url":"https:\/\/truckstyling.lt\/wp-content\/uploads\/2024\/04\/XA42017.webp","contentUrl":"https:\/\/truckstyling.lt\/wp-content\/uploads\/2024\/04\/XA42017.webp","width":400,"height":400,"caption":"XADO MAXIMUM TRANSMISSION KROVININ\u0116MS MA\u0160INOMS"},{"@type":"BreadcrumbList","@id":"https:\/\/truckstyling.lt\/ru\/\u043f\u0440\u043e\u0434\u0443\u043a\u0442\/xado-maximum-transmission-sunkvezimiams\/#breadcrumb","itemListElement":[{"@type":"ListItem","position":1,"name":"Home","item":"https:\/\/truckstyling.lt\/ru\/"},{"@type":"ListItem","position":2,"name":"\u041c\u0430\u0433\u0430\u0437\u0438\u043d","item":"https:\/\/truckstyling.lt\/ru\/magazin\/"},{"@type":"ListItem","position":3,"name":"XADO MAXIMUM TRANSMISSION sunkve\u017eimiams"}]},{"@type":"WebSite","@id":"https:\/\/truckstyling.lt\/#website","url":"https:\/\/truckstyling.lt\/","name":"Truckstyling.lt","description":"Truckstyling.lt","publisher":{"@id":"https:\/\/truckstyling.lt\/#organization"},"potentialAction":[{"@type":"SearchAction","target":{"@type":"EntryPoint","urlTemplate":"https:\/\/truckstyling.lt\/?s={search_term_string}"},"query-input":{"@type":"PropertyValueSpecification","valueRequired":true,"valueName":"search_term_string"}}],"inLanguage":"ru-RU"},{"@type":"Organization","@id":"https:\/\/truckstyling.lt\/#organization","name":"Fitmenta","url":"https:\/\/truckstyling.lt\/","logo":{"@type":"ImageObject","inLanguage":"ru-RU","@id":"https:\/\/truckstyling.lt\/#\/schema\/logo\/image\/","url":"https:\/\/truckstyling.lt\/wp-content\/uploads\/2021\/01\/fitmenta-logo-white.svg","contentUrl":"https:\/\/truckstyling.lt\/wp-content\/uploads\/2021\/01\/fitmenta-logo-white.svg","width":201,"height":143,"caption":"Fitmenta"},"image":{"@id":"https:\/\/truckstyling.lt\/#\/schema\/logo\/image\/"},"sameAs":["https:\/\/www.facebook.com\/truckstylinglt"]}]}},"_links":{"self":[{"href":"https:\/\/truckstyling.lt\/ru\/wp-json\/wp\/v2\/product\/16690"}],"collection":[{"href":"https:\/\/truckstyling.lt\/ru\/wp-json\/wp\/v2\/product"}],"about":[{"href":"https:\/\/truckstyling.lt\/ru\/wp-json\/wp\/v2\/types\/product"}],"replies":[{"embeddable":true,"href":"https:\/\/truckstyling.lt\/ru\/wp-json\/wp\/v2\/comments?post=16690"}],"wp:featuredmedia":[{"embeddable":true,"href":"https:\/\/truckstyling.lt\/ru\/wp-json\/wp\/v2\/media\/16693"}],"wp:attachment":[{"href":"https:\/\/truckstyling.lt\/ru\/wp-json\/wp\/v2\/media?parent=16690"}],"wp:term":[{"taxonomy":"product_cat","embeddable":true,"href":"https:\/\/truckstyling.lt\/ru\/wp-json\/wp\/v2\/product_cat?post=16690"},{"taxonomy":"product_tag","embeddable":true,"href":"https:\/\/truckstyling.lt\/ru\/wp-json\/wp\/v2\/product_tag?post=16690"}],"curies":[{"name":"wp","href":"https:\/\/api.w.org\/{rel}","templated":true}]}}