{"id":16684,"date":"2024-04-24T09:20:25","date_gmt":"2024-04-24T11:20:25","guid":{"rendered":"https:\/\/truckstyling.lt\/?post_type=product&#038;p=16684"},"modified":"2024-04-24T09:57:39","modified_gmt":"2024-04-24T11:57:39","slug":"xado-maximum-revitalizantas-kuro-ipuskimo-sistemoms","status":"publish","type":"product","link":"https:\/\/truckstyling.lt\/ru\/\u043f\u0440\u043e\u0434\u0443\u043a\u0442\/xado-maximum-revitalizantas-kuro-ipuskimo-sistemoms\/","title":{"rendered":"XADO MAXIMUM Revitalizantas kuro \u012fpu\u0161kimo sistemoms"},"content":{"rendered":"<div class=\"characteristic-list-holder clearfix\">\n<p>Gelis revitalizantas skirtas benzininio ir dyzelinio automobilio kuro sistemos apsaugai nuo dilimo ir atstatomajam remontui jos nei\u0161ardant. D\u0117ka didesn\u0117s aktyviosios med\u017eiagos koncentracijos yra u\u017etikrinama geresn\u0117 apsauga nuo dilimo ir didesnis atstatomasis poveikis.<\/p>\n<p>Apdorojimo metu ant besitrinan\u010di\u0173 kuro aparat\u016bros detali\u0173 yra formuojamas apsauginis metalo keramikos sluoksnis, atsistato detali\u0173 geometrija. Revitalizantas universalus, tinkamas naudoti su vis\u0173 tip\u0173 kuro sistemomis Common Rail, Pumpe D\u00fcse ir kt.<\/p>\n<ul>\n<li>Atstato vis\u0173 tip\u0173 kuro aparat\u016bros detali\u0173 geometrij\u0105 ir apsaugo jas nuo nusid\u0117v\u0117jimo;<\/li>\n<li>Patikimai apsaugo nuo nekokybi\u0161k\u0173 degal\u0173;<\/li>\n<li>Ma\u017eina degal\u0173 s\u0105naudas;<\/li>\n<li>Ma\u017eina triuk\u0161m\u0105 ir vibracij\u0105;<\/li>\n<li>Suma\u017eina kenksming\u0173 med\u017eiag\u0173 kieki i\u0161metamosiose dujose.<\/li>\n<\/ul>\n<h3>Naudojimo instrukcijos:<\/h3>\n<p>Kuro aparat\u016bros apdorojimas varikliams kuri\u0173 darbinis t\u016bris iki 15 l.<\/p>\n<ol>\n<li>\u0160virk\u0161to turin\u012f su\u0161virk\u0161ti \u012f kuro bak\u0105 esant minimaliam kuro kiekiui.<\/li>\n<li>\u012epilyi \u012f bak\u0105 150 litr\u0173 kuro.<\/li>\n<li>Eksploatuoti automobil\u012f \u012fprastu re\u017eimu.<\/li>\n<li>Revitalizacijos procesas bus baigtas po 100 valand\u0173 mechanizmo darbo, apytiksliai po 3000km ridos.<\/li>\n<\/ol>\n<h3>Dozavimas:<\/h3>\n<table cellpadding=\"3\">\n<tbody>\n<tr>\n<td>Variklio darbinis t\u016bris<\/td>\n<td>10-15<\/td>\n<td>15-25<\/td>\n<td>25-40<\/td>\n<\/tr>\n<tr>\n<td>Speciali\u0173 \u0161virk\u0161t\u0173 kiekis<\/td>\n<td>1<\/td>\n<td>2<\/td>\n<td>3<\/td>\n<\/tr>\n<tr>\n<td>Apdorojimo etap\u0173 schema<\/td>\n<td>Vienkartinis<\/td>\n<td>Vienkartinis<\/td>\n<td>Vienkartinis<\/td>\n<\/tr>\n<\/tbody>\n<\/table>\n<h3>Pastabos:<\/h3>\n<p>Prie\u0161 naudojim\u0105 rekomenduojama i\u0161valyti kuro sistem\u0105.<\/p>\n<h3>Pakuot\u0117<\/h3>\n<p>specialus \u0161virk\u0161tas, 30 ml XA 40026<\/p>\n<\/div>\n<div class=\"technology-box-holder clearfix\">\n<p>&nbsp;<\/p>\n<\/div>\n","protected":false},"excerpt":{"rendered":"<p>Gelis revitalizantas skirtas benzininio ir dyzelinio automobilio kuro sistemos apsaugai nuo dilimo ir atstatomajam remontui jos nei\u0161ardant. D\u0117ka didesn\u0117s aktyviosios med\u017eiagos koncentracijos yra u\u017etikrinama geresn\u0117 apsauga nuo dilimo ir didesnis atstatomasis poveikis. Apdorojimo metu ant besitrinan\u010di\u0173 kuro aparat\u016bros detali\u0173 yra formuojamas apsauginis metalo keramikos sluoksnis, atsistato detali\u0173 geometrija. Revitalizantas universalus, tinkamas naudoti su vis\u0173 tip\u0173 [&hellip;]<\/p>\n","protected":false},"featured_media":16687,"comment_status":"open","ping_status":"closed","template":"","meta":{"_acf_changed":false,"inline_featured_image":false},"product_cat":[698],"product_tag":[],"class_list":{"0":"post-16684","1":"product","2":"type-product","3":"status-publish","4":"has-post-thumbnail","6":"product_cat-xado","8":"first","9":"instock","10":"taxable","11":"shipping-taxable","12":"purchasable","13":"product-type-simple"},"acf":[],"yoast_head":"<!-- This site is optimized with the Yoast SEO plugin v23.4 - https:\/\/yoast.com\/wordpress\/plugins\/seo\/ -->\n<title>XADO MAXIMUM Revitalizantas kuro \u012fpu\u0161kimo sistemoms - Truckstyling.lt<\/title>\n<meta name=\"description\" content=\"XADO Gelis revitalizantas skirtas hidraulinio vairo stiprintuvo apsaugai nuo dilimo ir atstatomajam remontui jo nei\u0161ardant\" \/>\n<meta name=\"robots\" content=\"index, follow, max-snippet:-1, max-image-preview:large, max-video-preview:-1\" \/>\n<link rel=\"canonical\" href=\"https:\/\/truckstyling.lt\/ru\/\u043f\u0440\u043e\u0434\u0443\u043a\u0442\/xado-maximum-revitalizantas-kuro-ipuskimo-sistemoms\/\" \/>\n<meta property=\"og:locale\" content=\"ru_RU\" \/>\n<meta property=\"og:type\" content=\"article\" \/>\n<meta property=\"og:title\" content=\"XADO MAXIMUM Revitalizantas kuro \u012fpu\u0161kimo sistemoms - Truckstyling.lt\" \/>\n<meta property=\"og:description\" content=\"XADO Gelis revitalizantas skirtas hidraulinio vairo stiprintuvo apsaugai nuo dilimo ir atstatomajam remontui jo nei\u0161ardant\" \/>\n<meta property=\"og:url\" content=\"https:\/\/truckstyling.lt\/ru\/\u043f\u0440\u043e\u0434\u0443\u043a\u0442\/xado-maximum-revitalizantas-kuro-ipuskimo-sistemoms\/\" \/>\n<meta property=\"og:site_name\" content=\"Truckstyling.lt\" \/>\n<meta property=\"article:publisher\" content=\"https:\/\/www.facebook.com\/truckstylinglt\" \/>\n<meta property=\"article:modified_time\" content=\"2024-04-24T11:57:39+00:00\" \/>\n<meta property=\"og:image\" content=\"https:\/\/truckstyling.lt\/wp-content\/uploads\/2024\/04\/AMC-maximum-disel-truck-fuel_new.webp\" \/>\n\t<meta property=\"og:image:width\" content=\"500\" \/>\n\t<meta property=\"og:image:height\" content=\"500\" \/>\n\t<meta property=\"og:image:type\" content=\"image\/webp\" \/>\n<meta name=\"twitter:card\" content=\"summary_large_image\" \/>\n<meta name=\"twitter:label1\" content=\"\u041f\u0440\u0438\u043c\u0435\u0440\u043d\u043e\u0435 \u0432\u0440\u0435\u043c\u044f \u0434\u043b\u044f \u0447\u0442\u0435\u043d\u0438\u044f\" \/>\n\t<meta name=\"twitter:data1\" content=\"2 \u043c\u0438\u043d\u0443\u0442\u044b\" \/>\n<script type=\"application\/ld+json\" class=\"yoast-schema-graph\">{\"@context\":\"https:\/\/schema.org\",\"@graph\":[{\"@type\":\"WebPage\",\"@id\":\"https:\/\/truckstyling.lt\/ru\/\u043f\u0440\u043e\u0434\u0443\u043a\u0442\/xado-maximum-revitalizantas-kuro-ipuskimo-sistemoms\/\",\"url\":\"https:\/\/truckstyling.lt\/ru\/\u043f\u0440\u043e\u0434\u0443\u043a\u0442\/xado-maximum-revitalizantas-kuro-ipuskimo-sistemoms\/\",\"name\":\"XADO MAXIMUM Revitalizantas kuro \u012fpu\u0161kimo sistemoms - Truckstyling.lt\",\"isPartOf\":{\"@id\":\"https:\/\/truckstyling.lt\/#website\"},\"primaryImageOfPage\":{\"@id\":\"https:\/\/truckstyling.lt\/ru\/\u043f\u0440\u043e\u0434\u0443\u043a\u0442\/xado-maximum-revitalizantas-kuro-ipuskimo-sistemoms\/#primaryimage\"},\"image\":{\"@id\":\"https:\/\/truckstyling.lt\/ru\/\u043f\u0440\u043e\u0434\u0443\u043a\u0442\/xado-maximum-revitalizantas-kuro-ipuskimo-sistemoms\/#primaryimage\"},\"thumbnailUrl\":\"https:\/\/truckstyling.lt\/wp-content\/uploads\/2024\/04\/AMC-maximum-disel-truck-fuel_new.webp\",\"datePublished\":\"2024-04-24T11:20:25+00:00\",\"dateModified\":\"2024-04-24T11:57:39+00:00\",\"description\":\"XADO Gelis revitalizantas skirtas hidraulinio vairo stiprintuvo apsaugai nuo dilimo ir atstatomajam remontui jo nei\u0161ardant\",\"breadcrumb\":{\"@id\":\"https:\/\/truckstyling.lt\/ru\/\u043f\u0440\u043e\u0434\u0443\u043a\u0442\/xado-maximum-revitalizantas-kuro-ipuskimo-sistemoms\/#breadcrumb\"},\"inLanguage\":\"ru-RU\",\"potentialAction\":[{\"@type\":\"ReadAction\",\"target\":[\"https:\/\/truckstyling.lt\/ru\/\u043f\u0440\u043e\u0434\u0443\u043a\u0442\/xado-maximum-revitalizantas-kuro-ipuskimo-sistemoms\/\"]}]},{\"@type\":\"ImageObject\",\"inLanguage\":\"ru-RU\",\"@id\":\"https:\/\/truckstyling.lt\/ru\/\u043f\u0440\u043e\u0434\u0443\u043a\u0442\/xado-maximum-revitalizantas-kuro-ipuskimo-sistemoms\/#primaryimage\",\"url\":\"https:\/\/truckstyling.lt\/wp-content\/uploads\/2024\/04\/AMC-maximum-disel-truck-fuel_new.webp\",\"contentUrl\":\"https:\/\/truckstyling.lt\/wp-content\/uploads\/2024\/04\/AMC-maximum-disel-truck-fuel_new.webp\",\"width\":500,\"height\":500,\"caption\":\"XADO MAXIMUM METALO KONDICIONIERIUS KURO \u012ePUR\u0160KIMO SISTEMOMS\"},{\"@type\":\"BreadcrumbList\",\"@id\":\"https:\/\/truckstyling.lt\/ru\/\u043f\u0440\u043e\u0434\u0443\u043a\u0442\/xado-maximum-revitalizantas-kuro-ipuskimo-sistemoms\/#breadcrumb\",\"itemListElement\":[{\"@type\":\"ListItem\",\"position\":1,\"name\":\"Home\",\"item\":\"https:\/\/truckstyling.lt\/ru\/\"},{\"@type\":\"ListItem\",\"position\":2,\"name\":\"\u041c\u0430\u0433\u0430\u0437\u0438\u043d\",\"item\":\"https:\/\/truckstyling.lt\/ru\/magazin\/\"},{\"@type\":\"ListItem\",\"position\":3,\"name\":\"XADO MAXIMUM Revitalizantas kuro \u012fpu\u0161kimo sistemoms\"}]},{\"@type\":\"WebSite\",\"@id\":\"https:\/\/truckstyling.lt\/#website\",\"url\":\"https:\/\/truckstyling.lt\/\",\"name\":\"Truckstyling.lt\",\"description\":\"Truckstyling.lt\",\"publisher\":{\"@id\":\"https:\/\/truckstyling.lt\/#organization\"},\"potentialAction\":[{\"@type\":\"SearchAction\",\"target\":{\"@type\":\"EntryPoint\",\"urlTemplate\":\"https:\/\/truckstyling.lt\/?s={search_term_string}\"},\"query-input\":{\"@type\":\"PropertyValueSpecification\",\"valueRequired\":true,\"valueName\":\"search_term_string\"}}],\"inLanguage\":\"ru-RU\"},{\"@type\":\"Organization\",\"@id\":\"https:\/\/truckstyling.lt\/#organization\",\"name\":\"Fitmenta\",\"url\":\"https:\/\/truckstyling.lt\/\",\"logo\":{\"@type\":\"ImageObject\",\"inLanguage\":\"ru-RU\",\"@id\":\"https:\/\/truckstyling.lt\/#\/schema\/logo\/image\/\",\"url\":\"https:\/\/truckstyling.lt\/wp-content\/uploads\/2021\/01\/fitmenta-logo-white.svg\",\"contentUrl\":\"https:\/\/truckstyling.lt\/wp-content\/uploads\/2021\/01\/fitmenta-logo-white.svg\",\"width\":201,\"height\":143,\"caption\":\"Fitmenta\"},\"image\":{\"@id\":\"https:\/\/truckstyling.lt\/#\/schema\/logo\/image\/\"},\"sameAs\":[\"https:\/\/www.facebook.com\/truckstylinglt\"]}]}<\/script>\n<!-- \/ Yoast SEO plugin. -->","yoast_head_json":{"title":"XADO MAXIMUM Revitalizantas kuro \u012fpu\u0161kimo sistemoms - Truckstyling.lt","description":"XADO Gelis revitalizantas skirtas hidraulinio vairo stiprintuvo apsaugai nuo dilimo ir atstatomajam remontui jo nei\u0161ardant","robots":{"index":"index","follow":"follow","max-snippet":"max-snippet:-1","max-image-preview":"max-image-preview:large","max-video-preview":"max-video-preview:-1"},"canonical":"https:\/\/truckstyling.lt\/ru\/\u043f\u0440\u043e\u0434\u0443\u043a\u0442\/xado-maximum-revitalizantas-kuro-ipuskimo-sistemoms\/","og_locale":"ru_RU","og_type":"article","og_title":"XADO MAXIMUM Revitalizantas kuro \u012fpu\u0161kimo sistemoms - Truckstyling.lt","og_description":"XADO Gelis revitalizantas skirtas hidraulinio vairo stiprintuvo apsaugai nuo dilimo ir atstatomajam remontui jo nei\u0161ardant","og_url":"https:\/\/truckstyling.lt\/ru\/\u043f\u0440\u043e\u0434\u0443\u043a\u0442\/xado-maximum-revitalizantas-kuro-ipuskimo-sistemoms\/","og_site_name":"Truckstyling.lt","article_publisher":"https:\/\/www.facebook.com\/truckstylinglt","article_modified_time":"2024-04-24T11:57:39+00:00","og_image":[{"width":500,"height":500,"url":"https:\/\/truckstyling.lt\/wp-content\/uploads\/2024\/04\/AMC-maximum-disel-truck-fuel_new.webp","type":"image\/webp"}],"twitter_card":"summary_large_image","twitter_misc":{"\u041f\u0440\u0438\u043c\u0435\u0440\u043d\u043e\u0435 \u0432\u0440\u0435\u043c\u044f \u0434\u043b\u044f \u0447\u0442\u0435\u043d\u0438\u044f":"2 \u043c\u0438\u043d\u0443\u0442\u044b"},"schema":{"@context":"https:\/\/schema.org","@graph":[{"@type":"WebPage","@id":"https:\/\/truckstyling.lt\/ru\/\u043f\u0440\u043e\u0434\u0443\u043a\u0442\/xado-maximum-revitalizantas-kuro-ipuskimo-sistemoms\/","url":"https:\/\/truckstyling.lt\/ru\/\u043f\u0440\u043e\u0434\u0443\u043a\u0442\/xado-maximum-revitalizantas-kuro-ipuskimo-sistemoms\/","name":"XADO MAXIMUM Revitalizantas kuro \u012fpu\u0161kimo sistemoms - Truckstyling.lt","isPartOf":{"@id":"https:\/\/truckstyling.lt\/#website"},"primaryImageOfPage":{"@id":"https:\/\/truckstyling.lt\/ru\/\u043f\u0440\u043e\u0434\u0443\u043a\u0442\/xado-maximum-revitalizantas-kuro-ipuskimo-sistemoms\/#primaryimage"},"image":{"@id":"https:\/\/truckstyling.lt\/ru\/\u043f\u0440\u043e\u0434\u0443\u043a\u0442\/xado-maximum-revitalizantas-kuro-ipuskimo-sistemoms\/#primaryimage"},"thumbnailUrl":"https:\/\/truckstyling.lt\/wp-content\/uploads\/2024\/04\/AMC-maximum-disel-truck-fuel_new.webp","datePublished":"2024-04-24T11:20:25+00:00","dateModified":"2024-04-24T11:57:39+00:00","description":"XADO Gelis revitalizantas skirtas hidraulinio vairo stiprintuvo apsaugai nuo dilimo ir atstatomajam remontui jo nei\u0161ardant","breadcrumb":{"@id":"https:\/\/truckstyling.lt\/ru\/\u043f\u0440\u043e\u0434\u0443\u043a\u0442\/xado-maximum-revitalizantas-kuro-ipuskimo-sistemoms\/#breadcrumb"},"inLanguage":"ru-RU","potentialAction":[{"@type":"ReadAction","target":["https:\/\/truckstyling.lt\/ru\/\u043f\u0440\u043e\u0434\u0443\u043a\u0442\/xado-maximum-revitalizantas-kuro-ipuskimo-sistemoms\/"]}]},{"@type":"ImageObject","inLanguage":"ru-RU","@id":"https:\/\/truckstyling.lt\/ru\/\u043f\u0440\u043e\u0434\u0443\u043a\u0442\/xado-maximum-revitalizantas-kuro-ipuskimo-sistemoms\/#primaryimage","url":"https:\/\/truckstyling.lt\/wp-content\/uploads\/2024\/04\/AMC-maximum-disel-truck-fuel_new.webp","contentUrl":"https:\/\/truckstyling.lt\/wp-content\/uploads\/2024\/04\/AMC-maximum-disel-truck-fuel_new.webp","width":500,"height":500,"caption":"XADO MAXIMUM METALO KONDICIONIERIUS KURO \u012ePUR\u0160KIMO SISTEMOMS"},{"@type":"BreadcrumbList","@id":"https:\/\/truckstyling.lt\/ru\/\u043f\u0440\u043e\u0434\u0443\u043a\u0442\/xado-maximum-revitalizantas-kuro-ipuskimo-sistemoms\/#breadcrumb","itemListElement":[{"@type":"ListItem","position":1,"name":"Home","item":"https:\/\/truckstyling.lt\/ru\/"},{"@type":"ListItem","position":2,"name":"\u041c\u0430\u0433\u0430\u0437\u0438\u043d","item":"https:\/\/truckstyling.lt\/ru\/magazin\/"},{"@type":"ListItem","position":3,"name":"XADO MAXIMUM Revitalizantas kuro \u012fpu\u0161kimo sistemoms"}]},{"@type":"WebSite","@id":"https:\/\/truckstyling.lt\/#website","url":"https:\/\/truckstyling.lt\/","name":"Truckstyling.lt","description":"Truckstyling.lt","publisher":{"@id":"https:\/\/truckstyling.lt\/#organization"},"potentialAction":[{"@type":"SearchAction","target":{"@type":"EntryPoint","urlTemplate":"https:\/\/truckstyling.lt\/?s={search_term_string}"},"query-input":{"@type":"PropertyValueSpecification","valueRequired":true,"valueName":"search_term_string"}}],"inLanguage":"ru-RU"},{"@type":"Organization","@id":"https:\/\/truckstyling.lt\/#organization","name":"Fitmenta","url":"https:\/\/truckstyling.lt\/","logo":{"@type":"ImageObject","inLanguage":"ru-RU","@id":"https:\/\/truckstyling.lt\/#\/schema\/logo\/image\/","url":"https:\/\/truckstyling.lt\/wp-content\/uploads\/2021\/01\/fitmenta-logo-white.svg","contentUrl":"https:\/\/truckstyling.lt\/wp-content\/uploads\/2021\/01\/fitmenta-logo-white.svg","width":201,"height":143,"caption":"Fitmenta"},"image":{"@id":"https:\/\/truckstyling.lt\/#\/schema\/logo\/image\/"},"sameAs":["https:\/\/www.facebook.com\/truckstylinglt"]}]}},"_links":{"self":[{"href":"https:\/\/truckstyling.lt\/ru\/wp-json\/wp\/v2\/product\/16684"}],"collection":[{"href":"https:\/\/truckstyling.lt\/ru\/wp-json\/wp\/v2\/product"}],"about":[{"href":"https:\/\/truckstyling.lt\/ru\/wp-json\/wp\/v2\/types\/product"}],"replies":[{"embeddable":true,"href":"https:\/\/truckstyling.lt\/ru\/wp-json\/wp\/v2\/comments?post=16684"}],"wp:featuredmedia":[{"embeddable":true,"href":"https:\/\/truckstyling.lt\/ru\/wp-json\/wp\/v2\/media\/16687"}],"wp:attachment":[{"href":"https:\/\/truckstyling.lt\/ru\/wp-json\/wp\/v2\/media?parent=16684"}],"wp:term":[{"taxonomy":"product_cat","embeddable":true,"href":"https:\/\/truckstyling.lt\/ru\/wp-json\/wp\/v2\/product_cat?post=16684"},{"taxonomy":"product_tag","embeddable":true,"href":"https:\/\/truckstyling.lt\/ru\/wp-json\/wp\/v2\/product_tag?post=16684"}],"curies":[{"name":"wp","href":"https:\/\/api.w.org\/{rel}","templated":true}]}}