{"id":16669,"date":"2024-04-18T08:33:57","date_gmt":"2024-04-18T10:33:57","guid":{"rendered":"https:\/\/truckstyling.lt\/?post_type=product&#038;p=16669"},"modified":"2024-04-18T08:55:09","modified_gmt":"2024-04-18T10:55:09","slug":"xado-maximum-vairo-stiprintuvams-ir-kitai-hidraulinei-technikai","status":"publish","type":"product","link":"https:\/\/truckstyling.lt\/ru\/\u043f\u0440\u043e\u0434\u0443\u043a\u0442\/xado-maximum-vairo-stiprintuvams-ir-kitai-hidraulinei-technikai\/","title":{"rendered":"XADO MAXIMUM vairo stiprintuvams ir kitai hidraulinei technikai"},"content":{"rendered":"<h1 class=\"product_name\"><span style=\"font-size: 14pt;\">XADO MAXIMUM METALO KONDICIONIERIUS VAIRO STIPRINTUVAMS IR KITAI HIDRAULINEI TECHNIKAI SKIRTAS KROVININ\u0116MS MA\u0160INOMS<\/span><\/h1>\n<p>Gelis revitalizantas skirtas hidraulinio vairo stiprintuvo apsaugai nuo dilimo ir atstatomajam remontui jo nei\u0161ardant.D\u0117ka didesn\u0117s aktyviosios med\u017eiagos koncentracijos yra u\u017etikrinama geresn\u0117 apsauga nuo dilimo ir didesnis atstatomasis poveikis.<\/p>\n<p>Detali\u0173 trynimosi pavir\u0161iuose formuojamas naujas metalokeramikos sluoksnis.Atnaujintas agregatas savo eksploatacin\u0117mis savyb\u0117mis pranoksta nauj\u0105 ir garantuotai tarnaus 2-4 kartus ilgiau.<\/p>\n<ul>\n<li>Pa\u0161alina siurblio \u016b\u017ees\u012f;<\/li>\n<li>Suma\u017eina pastangas sukant vair\u0105;<\/li>\n<li>Pagerina hidraulin\u0117s sistemos darbo sklandum\u0105, po 50-100km ridos panaudojus revitalizan\u0105;<\/li>\n<li>Suma\u017eina hidraulinio vairo stiprintuvo siurblio triuk\u0161m\u0105 ir vibracij\u0105;<\/li>\n<li>Apsaugo detales nuo nusid\u0117v\u0117jimo esant ma\u017eesniam alyvos kiekiui.<\/li>\n<\/ul>\n<h3>Naudojimo instrukcijos:<\/h3>\n<p>Sistemos apdorojimas esant 3-5 l hidraulinio skyscio.<\/p>\n<ol>\n<li>\u0160virk\u0161to turin\u012f su\u0161virk\u0161ti \u012f hidraulinio vairo stiprintuvo bakel\u012f.<\/li>\n<li>Po revitalizanto su\u0161virk\u0161timo sukti vair\u0105 5-10 minu\u010di\u0173.<\/li>\n<li>Revitalizacijos procesas baigtas po 50 darbo valand\u0173 (5000km ridos).<\/li>\n<\/ol>\n<h3>Dozavimas:<\/h3>\n<table cellpadding=\"3\">\n<tbody>\n<tr>\n<td>Skys\u010dio sistemos t\u016bris l.<\/td>\n<td>3-5<\/td>\n<td>5-10<\/td>\n<td>10-15<\/td>\n<\/tr>\n<tr>\n<td>Speciali\u0173 \u0161virk\u0161t\u0173 kiekis<\/td>\n<td>1<\/td>\n<td>2<\/td>\n<td>3<\/td>\n<\/tr>\n<tr>\n<td>Apdorojimo etap\u0173 schema<\/td>\n<td>Vienkartinis<\/td>\n<td>Vienkartinis<\/td>\n<td>Vienkartinis<\/td>\n<\/tr>\n<\/tbody>\n<\/table>\n<h3>Pastaba:<\/h3>\n<p>Revitalizacijos proceso prad\u017ei\u0105 \u017eymi pager\u0117jas vairo mechanizmo darbas (suma\u017e\u0117ja pastangos sukant vair\u0105, pager\u0117ja darbo tikslumas, suma\u017e\u0117ja triuk\u0161mas).<\/p>\n<p>Jejgu po 100-200km ridos mechanizmo darbas nepager\u0117ja, tai grei\u010diausiai buvo klaidingai atlikta diagnostika.<\/p>\n<h3>Pakuot\u0117<\/h3>\n<p>Specialus \u0161virk\u0161tas, 30ml XA 40016<\/p>\n<div class=\"characteristic-list-holder clearfix\"><\/div>\n<div class=\"technology-box-holder clearfix\">\n<p>&nbsp;<\/p>\n<\/div>\n","protected":false},"excerpt":{"rendered":"<p>XADO MAXIMUM METALO KONDICIONIERIUS VAIRO STIPRINTUVAMS IR KITAI HIDRAULINEI TECHNIKAI SKIRTAS KROVININ\u0116MS MA\u0160INOMS Gelis revitalizantas skirtas hidraulinio vairo stiprintuvo apsaugai nuo dilimo ir atstatomajam remontui jo nei\u0161ardant.D\u0117ka didesn\u0117s aktyviosios med\u017eiagos koncentracijos yra u\u017etikrinama geresn\u0117 apsauga nuo dilimo ir didesnis atstatomasis poveikis. Detali\u0173 trynimosi pavir\u0161iuose formuojamas naujas metalokeramikos sluoksnis.Atnaujintas agregatas savo eksploatacin\u0117mis savyb\u0117mis pranoksta nauj\u0105 ir [&hellip;]<\/p>\n","protected":false},"featured_media":16672,"comment_status":"open","ping_status":"closed","template":"","meta":{"_acf_changed":false,"inline_featured_image":false},"product_cat":[698],"product_tag":[],"class_list":{"0":"post-16669","1":"product","2":"type-product","3":"status-publish","4":"has-post-thumbnail","6":"product_cat-xado","8":"first","9":"onbackorder","10":"taxable","11":"shipping-taxable","12":"purchasable","13":"product-type-simple"},"acf":[],"yoast_head":"<!-- This site is optimized with the Yoast SEO plugin v23.4 - https:\/\/yoast.com\/wordpress\/plugins\/seo\/ -->\n<title>XADO MAXIMUM vairo stiprintuvams ir kitai hidraulinei technikai - Truckstyling.lt<\/title>\n<meta name=\"description\" content=\"XADO MAXIMUM FOR DIESEL TRUCK. Specialiai sukurtas sunkiasvoriams dyzeliniams automobiliams, apsaugoti ir atstatyti variklio dalis.\" \/>\n<meta name=\"robots\" content=\"index, follow, max-snippet:-1, max-image-preview:large, max-video-preview:-1\" \/>\n<link rel=\"canonical\" href=\"https:\/\/truckstyling.lt\/ru\/\u043f\u0440\u043e\u0434\u0443\u043a\u0442\/xado-maximum-vairo-stiprintuvams-ir-kitai-hidraulinei-technikai\/\" \/>\n<meta property=\"og:locale\" content=\"ru_RU\" \/>\n<meta property=\"og:type\" content=\"article\" \/>\n<meta property=\"og:title\" content=\"XADO MAXIMUM vairo stiprintuvams ir kitai hidraulinei technikai - Truckstyling.lt\" \/>\n<meta property=\"og:description\" content=\"XADO MAXIMUM FOR DIESEL TRUCK. Specialiai sukurtas sunkiasvoriams dyzeliniams automobiliams, apsaugoti ir atstatyti variklio dalis.\" \/>\n<meta property=\"og:url\" content=\"https:\/\/truckstyling.lt\/ru\/\u043f\u0440\u043e\u0434\u0443\u043a\u0442\/xado-maximum-vairo-stiprintuvams-ir-kitai-hidraulinei-technikai\/\" \/>\n<meta property=\"og:site_name\" content=\"Truckstyling.lt\" \/>\n<meta property=\"article:publisher\" content=\"https:\/\/www.facebook.com\/truckstylinglt\" \/>\n<meta property=\"article:modified_time\" content=\"2024-04-18T10:55:09+00:00\" \/>\n<meta property=\"og:image\" content=\"https:\/\/truckstyling.lt\/wp-content\/uploads\/2024\/04\/XA42016.webp\" \/>\n\t<meta property=\"og:image:width\" content=\"400\" \/>\n\t<meta property=\"og:image:height\" content=\"400\" \/>\n\t<meta property=\"og:image:type\" content=\"image\/webp\" \/>\n<meta name=\"twitter:card\" content=\"summary_large_image\" \/>\n<meta name=\"twitter:label1\" content=\"\u041f\u0440\u0438\u043c\u0435\u0440\u043d\u043e\u0435 \u0432\u0440\u0435\u043c\u044f \u0434\u043b\u044f \u0447\u0442\u0435\u043d\u0438\u044f\" \/>\n\t<meta name=\"twitter:data1\" content=\"2 \u043c\u0438\u043d\u0443\u0442\u044b\" \/>\n<script type=\"application\/ld+json\" class=\"yoast-schema-graph\">{\"@context\":\"https:\/\/schema.org\",\"@graph\":[{\"@type\":\"WebPage\",\"@id\":\"https:\/\/truckstyling.lt\/ru\/\u043f\u0440\u043e\u0434\u0443\u043a\u0442\/xado-maximum-vairo-stiprintuvams-ir-kitai-hidraulinei-technikai\/\",\"url\":\"https:\/\/truckstyling.lt\/ru\/\u043f\u0440\u043e\u0434\u0443\u043a\u0442\/xado-maximum-vairo-stiprintuvams-ir-kitai-hidraulinei-technikai\/\",\"name\":\"XADO MAXIMUM vairo stiprintuvams ir kitai hidraulinei technikai - Truckstyling.lt\",\"isPartOf\":{\"@id\":\"https:\/\/truckstyling.lt\/#website\"},\"primaryImageOfPage\":{\"@id\":\"https:\/\/truckstyling.lt\/ru\/\u043f\u0440\u043e\u0434\u0443\u043a\u0442\/xado-maximum-vairo-stiprintuvams-ir-kitai-hidraulinei-technikai\/#primaryimage\"},\"image\":{\"@id\":\"https:\/\/truckstyling.lt\/ru\/\u043f\u0440\u043e\u0434\u0443\u043a\u0442\/xado-maximum-vairo-stiprintuvams-ir-kitai-hidraulinei-technikai\/#primaryimage\"},\"thumbnailUrl\":\"https:\/\/truckstyling.lt\/wp-content\/uploads\/2024\/04\/XA42016.webp\",\"datePublished\":\"2024-04-18T10:33:57+00:00\",\"dateModified\":\"2024-04-18T10:55:09+00:00\",\"description\":\"XADO MAXIMUM FOR DIESEL TRUCK. Specialiai sukurtas sunkiasvoriams dyzeliniams automobiliams, apsaugoti ir atstatyti variklio dalis.\",\"breadcrumb\":{\"@id\":\"https:\/\/truckstyling.lt\/ru\/\u043f\u0440\u043e\u0434\u0443\u043a\u0442\/xado-maximum-vairo-stiprintuvams-ir-kitai-hidraulinei-technikai\/#breadcrumb\"},\"inLanguage\":\"ru-RU\",\"potentialAction\":[{\"@type\":\"ReadAction\",\"target\":[\"https:\/\/truckstyling.lt\/ru\/\u043f\u0440\u043e\u0434\u0443\u043a\u0442\/xado-maximum-vairo-stiprintuvams-ir-kitai-hidraulinei-technikai\/\"]}]},{\"@type\":\"ImageObject\",\"inLanguage\":\"ru-RU\",\"@id\":\"https:\/\/truckstyling.lt\/ru\/\u043f\u0440\u043e\u0434\u0443\u043a\u0442\/xado-maximum-vairo-stiprintuvams-ir-kitai-hidraulinei-technikai\/#primaryimage\",\"url\":\"https:\/\/truckstyling.lt\/wp-content\/uploads\/2024\/04\/XA42016.webp\",\"contentUrl\":\"https:\/\/truckstyling.lt\/wp-content\/uploads\/2024\/04\/XA42016.webp\",\"width\":400,\"height\":400,\"caption\":\"XADO MAXIMUM METALO KONDICIONIERIUS VAIRO STIPRINTUVAMS\"},{\"@type\":\"BreadcrumbList\",\"@id\":\"https:\/\/truckstyling.lt\/ru\/\u043f\u0440\u043e\u0434\u0443\u043a\u0442\/xado-maximum-vairo-stiprintuvams-ir-kitai-hidraulinei-technikai\/#breadcrumb\",\"itemListElement\":[{\"@type\":\"ListItem\",\"position\":1,\"name\":\"Home\",\"item\":\"https:\/\/truckstyling.lt\/ru\/\"},{\"@type\":\"ListItem\",\"position\":2,\"name\":\"\u041c\u0430\u0433\u0430\u0437\u0438\u043d\",\"item\":\"https:\/\/truckstyling.lt\/ru\/magazin\/\"},{\"@type\":\"ListItem\",\"position\":3,\"name\":\"XADO MAXIMUM vairo stiprintuvams ir kitai hidraulinei technikai\"}]},{\"@type\":\"WebSite\",\"@id\":\"https:\/\/truckstyling.lt\/#website\",\"url\":\"https:\/\/truckstyling.lt\/\",\"name\":\"Truckstyling.lt\",\"description\":\"Truckstyling.lt\",\"publisher\":{\"@id\":\"https:\/\/truckstyling.lt\/#organization\"},\"potentialAction\":[{\"@type\":\"SearchAction\",\"target\":{\"@type\":\"EntryPoint\",\"urlTemplate\":\"https:\/\/truckstyling.lt\/?s={search_term_string}\"},\"query-input\":{\"@type\":\"PropertyValueSpecification\",\"valueRequired\":true,\"valueName\":\"search_term_string\"}}],\"inLanguage\":\"ru-RU\"},{\"@type\":\"Organization\",\"@id\":\"https:\/\/truckstyling.lt\/#organization\",\"name\":\"Fitmenta\",\"url\":\"https:\/\/truckstyling.lt\/\",\"logo\":{\"@type\":\"ImageObject\",\"inLanguage\":\"ru-RU\",\"@id\":\"https:\/\/truckstyling.lt\/#\/schema\/logo\/image\/\",\"url\":\"https:\/\/truckstyling.lt\/wp-content\/uploads\/2021\/01\/fitmenta-logo-white.svg\",\"contentUrl\":\"https:\/\/truckstyling.lt\/wp-content\/uploads\/2021\/01\/fitmenta-logo-white.svg\",\"width\":201,\"height\":143,\"caption\":\"Fitmenta\"},\"image\":{\"@id\":\"https:\/\/truckstyling.lt\/#\/schema\/logo\/image\/\"},\"sameAs\":[\"https:\/\/www.facebook.com\/truckstylinglt\"]}]}<\/script>\n<!-- \/ Yoast SEO plugin. -->","yoast_head_json":{"title":"XADO MAXIMUM vairo stiprintuvams ir kitai hidraulinei technikai - Truckstyling.lt","description":"XADO MAXIMUM FOR DIESEL TRUCK. Specialiai sukurtas sunkiasvoriams dyzeliniams automobiliams, apsaugoti ir atstatyti variklio dalis.","robots":{"index":"index","follow":"follow","max-snippet":"max-snippet:-1","max-image-preview":"max-image-preview:large","max-video-preview":"max-video-preview:-1"},"canonical":"https:\/\/truckstyling.lt\/ru\/\u043f\u0440\u043e\u0434\u0443\u043a\u0442\/xado-maximum-vairo-stiprintuvams-ir-kitai-hidraulinei-technikai\/","og_locale":"ru_RU","og_type":"article","og_title":"XADO MAXIMUM vairo stiprintuvams ir kitai hidraulinei technikai - Truckstyling.lt","og_description":"XADO MAXIMUM FOR DIESEL TRUCK. Specialiai sukurtas sunkiasvoriams dyzeliniams automobiliams, apsaugoti ir atstatyti variklio dalis.","og_url":"https:\/\/truckstyling.lt\/ru\/\u043f\u0440\u043e\u0434\u0443\u043a\u0442\/xado-maximum-vairo-stiprintuvams-ir-kitai-hidraulinei-technikai\/","og_site_name":"Truckstyling.lt","article_publisher":"https:\/\/www.facebook.com\/truckstylinglt","article_modified_time":"2024-04-18T10:55:09+00:00","og_image":[{"width":400,"height":400,"url":"https:\/\/truckstyling.lt\/wp-content\/uploads\/2024\/04\/XA42016.webp","type":"image\/webp"}],"twitter_card":"summary_large_image","twitter_misc":{"\u041f\u0440\u0438\u043c\u0435\u0440\u043d\u043e\u0435 \u0432\u0440\u0435\u043c\u044f \u0434\u043b\u044f \u0447\u0442\u0435\u043d\u0438\u044f":"2 \u043c\u0438\u043d\u0443\u0442\u044b"},"schema":{"@context":"https:\/\/schema.org","@graph":[{"@type":"WebPage","@id":"https:\/\/truckstyling.lt\/ru\/\u043f\u0440\u043e\u0434\u0443\u043a\u0442\/xado-maximum-vairo-stiprintuvams-ir-kitai-hidraulinei-technikai\/","url":"https:\/\/truckstyling.lt\/ru\/\u043f\u0440\u043e\u0434\u0443\u043a\u0442\/xado-maximum-vairo-stiprintuvams-ir-kitai-hidraulinei-technikai\/","name":"XADO MAXIMUM vairo stiprintuvams ir kitai hidraulinei technikai - Truckstyling.lt","isPartOf":{"@id":"https:\/\/truckstyling.lt\/#website"},"primaryImageOfPage":{"@id":"https:\/\/truckstyling.lt\/ru\/\u043f\u0440\u043e\u0434\u0443\u043a\u0442\/xado-maximum-vairo-stiprintuvams-ir-kitai-hidraulinei-technikai\/#primaryimage"},"image":{"@id":"https:\/\/truckstyling.lt\/ru\/\u043f\u0440\u043e\u0434\u0443\u043a\u0442\/xado-maximum-vairo-stiprintuvams-ir-kitai-hidraulinei-technikai\/#primaryimage"},"thumbnailUrl":"https:\/\/truckstyling.lt\/wp-content\/uploads\/2024\/04\/XA42016.webp","datePublished":"2024-04-18T10:33:57+00:00","dateModified":"2024-04-18T10:55:09+00:00","description":"XADO MAXIMUM FOR DIESEL TRUCK. Specialiai sukurtas sunkiasvoriams dyzeliniams automobiliams, apsaugoti ir atstatyti variklio dalis.","breadcrumb":{"@id":"https:\/\/truckstyling.lt\/ru\/\u043f\u0440\u043e\u0434\u0443\u043a\u0442\/xado-maximum-vairo-stiprintuvams-ir-kitai-hidraulinei-technikai\/#breadcrumb"},"inLanguage":"ru-RU","potentialAction":[{"@type":"ReadAction","target":["https:\/\/truckstyling.lt\/ru\/\u043f\u0440\u043e\u0434\u0443\u043a\u0442\/xado-maximum-vairo-stiprintuvams-ir-kitai-hidraulinei-technikai\/"]}]},{"@type":"ImageObject","inLanguage":"ru-RU","@id":"https:\/\/truckstyling.lt\/ru\/\u043f\u0440\u043e\u0434\u0443\u043a\u0442\/xado-maximum-vairo-stiprintuvams-ir-kitai-hidraulinei-technikai\/#primaryimage","url":"https:\/\/truckstyling.lt\/wp-content\/uploads\/2024\/04\/XA42016.webp","contentUrl":"https:\/\/truckstyling.lt\/wp-content\/uploads\/2024\/04\/XA42016.webp","width":400,"height":400,"caption":"XADO MAXIMUM METALO KONDICIONIERIUS VAIRO STIPRINTUVAMS"},{"@type":"BreadcrumbList","@id":"https:\/\/truckstyling.lt\/ru\/\u043f\u0440\u043e\u0434\u0443\u043a\u0442\/xado-maximum-vairo-stiprintuvams-ir-kitai-hidraulinei-technikai\/#breadcrumb","itemListElement":[{"@type":"ListItem","position":1,"name":"Home","item":"https:\/\/truckstyling.lt\/ru\/"},{"@type":"ListItem","position":2,"name":"\u041c\u0430\u0433\u0430\u0437\u0438\u043d","item":"https:\/\/truckstyling.lt\/ru\/magazin\/"},{"@type":"ListItem","position":3,"name":"XADO MAXIMUM vairo stiprintuvams ir kitai hidraulinei technikai"}]},{"@type":"WebSite","@id":"https:\/\/truckstyling.lt\/#website","url":"https:\/\/truckstyling.lt\/","name":"Truckstyling.lt","description":"Truckstyling.lt","publisher":{"@id":"https:\/\/truckstyling.lt\/#organization"},"potentialAction":[{"@type":"SearchAction","target":{"@type":"EntryPoint","urlTemplate":"https:\/\/truckstyling.lt\/?s={search_term_string}"},"query-input":{"@type":"PropertyValueSpecification","valueRequired":true,"valueName":"search_term_string"}}],"inLanguage":"ru-RU"},{"@type":"Organization","@id":"https:\/\/truckstyling.lt\/#organization","name":"Fitmenta","url":"https:\/\/truckstyling.lt\/","logo":{"@type":"ImageObject","inLanguage":"ru-RU","@id":"https:\/\/truckstyling.lt\/#\/schema\/logo\/image\/","url":"https:\/\/truckstyling.lt\/wp-content\/uploads\/2021\/01\/fitmenta-logo-white.svg","contentUrl":"https:\/\/truckstyling.lt\/wp-content\/uploads\/2021\/01\/fitmenta-logo-white.svg","width":201,"height":143,"caption":"Fitmenta"},"image":{"@id":"https:\/\/truckstyling.lt\/#\/schema\/logo\/image\/"},"sameAs":["https:\/\/www.facebook.com\/truckstylinglt"]}]}},"_links":{"self":[{"href":"https:\/\/truckstyling.lt\/ru\/wp-json\/wp\/v2\/product\/16669"}],"collection":[{"href":"https:\/\/truckstyling.lt\/ru\/wp-json\/wp\/v2\/product"}],"about":[{"href":"https:\/\/truckstyling.lt\/ru\/wp-json\/wp\/v2\/types\/product"}],"replies":[{"embeddable":true,"href":"https:\/\/truckstyling.lt\/ru\/wp-json\/wp\/v2\/comments?post=16669"}],"wp:featuredmedia":[{"embeddable":true,"href":"https:\/\/truckstyling.lt\/ru\/wp-json\/wp\/v2\/media\/16672"}],"wp:attachment":[{"href":"https:\/\/truckstyling.lt\/ru\/wp-json\/wp\/v2\/media?parent=16669"}],"wp:term":[{"taxonomy":"product_cat","embeddable":true,"href":"https:\/\/truckstyling.lt\/ru\/wp-json\/wp\/v2\/product_cat?post=16669"},{"taxonomy":"product_tag","embeddable":true,"href":"https:\/\/truckstyling.lt\/ru\/wp-json\/wp\/v2\/product_tag?post=16669"}],"curies":[{"name":"wp","href":"https:\/\/api.w.org\/{rel}","templated":true}]}}