{"id":16651,"date":"2024-04-16T05:56:45","date_gmt":"2024-04-16T07:56:45","guid":{"rendered":"https:\/\/truckstyling.lt\/?post_type=product&#038;p=16651"},"modified":"2024-04-16T06:51:31","modified_gmt":"2024-04-16T08:51:31","slug":"maximum-priedas-dyzeliniam-sunkvezimiui","status":"publish","type":"product","link":"https:\/\/truckstyling.lt\/ru\/\u043f\u0440\u043e\u0434\u0443\u043a\u0442\/maximum-priedas-dyzeliniam-sunkvezimiui\/","title":{"rendered":"MAXIMUM priedas dyzeliniam sunkve\u017eimiui"},"content":{"rendered":"<p>&nbsp;<\/p>\n<ul>\n<li>\n<div class=\"characteristic-list-holder clearfix\">\n<ul>\n<li>Atstato detali\u0173 pavir\u0161ius ir kompensuoja einam\u0105j\u012f dilim\u0105.<\/li>\n<li>I\u0161lygina ir padidina kompresij\u0105 cilindruose.<\/li>\n<li>Padidina spaudim\u0105 tepal\u0173 sistemoje iki nominalaus lygio.<\/li>\n<li>Sukuria efektyvi\u0105 detali\u0173 apsaugos nuo apkrov\u0173 ir perkaitimo sistem\u0105.<\/li>\n<li>Gerina alyvos sutepimo savybes ir tribologin\u0119 variklio mazg\u0173 charakterik\u0105.<\/li>\n<li>Didina variklio galingum\u0105 ir dinami\u0161kum\u0105.<\/li>\n<li>Suma\u017eina triuk\u0161mo ir vibracijos lyg\u012f.<\/li>\n<li>Padidina variklio resurs\u0105.<\/li>\n<li>Garantuoja variklio apsaug\u0105 nuo nusid\u0117v\u0117jimo 100 000 km ridos<strong>Specialiai sukurtas sunkiasvoriams dyzeliniams automobiliams, apsaugoti ir atstatyti variklio dalis.<\/strong><\/li>\n<\/ul>\n<\/div>\n<div class=\"technology-box-holder clearfix\">\n<h3>Naudojimas<\/h3>\n<p>Turinio temperat\u016bra prie\u0161 naudojim\u0105 turi b\u016bti ne ma\u017eesne negu + 25 0\u0421. Flakon\u0105 suplakti. Jo turin\u012f supilti \u012f iki darbin\u0117s temperat\u016bros su\u0161ildyto variklio alyvos supilimo ang\u0105. U\u017evesti varikl\u012f ir palikti j\u012f veikti tu\u0161\u010di\u0105ja eiga 3-5 minutes.<\/p>\n<h3>Dozavimas<\/h3>\n<p>1 flakonas (950 ml) varikliams kuri\u0173 tepalin\u0117s sistemos t\u016bris 30-45l.\u00a0<b>Pastabos<\/b><\/p>\n<ul>\n<li>specialiai sukurtas ir i\u0161bandytas sunkiasvoriams automobiliams dyzeliniais varikliais su turbina;<\/li>\n<li>suderinamas su visais alyvu tipais;<\/li>\n<li>revitalizacijos procesas vyksta per 1-1,5 t\u016bkst. km ridos; \u0161iuo laikotarpiu nerekomenduojama keisti alyv\u0105;<\/li>\n<li>pakartotinai XADO Maximum for Diesel Truck naudoti rekomenduojama po 100 000 km ridos;<\/li>\n<li>norint u\u017etikrinti auk\u0161\u010diausi\u0105 variklio apsaugos nuo dilimo lyg\u012f v\u0117liau rekomenduojama naudoti varikli\u0173 alyvas XADO Atomic Oil;<\/li>\n<li>RF=100 rei\u0161kia, kad naudojant produkt\u0105 variklis praeina vis\u0105 revitalizacijos cikl\u0105, jis visi\u0161kai atstatytas ir garantuotai apsaugotas nuo dilimo 100 000 km ridos;<\/li>\n<li>produkto sud\u0117tyje yra granuliuoto revitalizanto, kuris visi\u0161kai i\u0161tirpsta alyvoje, esant darbinei temperat\u016brai;<\/li>\n<\/ul>\n<p>Pakuot\u0117: flakonas 950ml XA 40712<\/p>\n<\/div>\n<\/li>\n<\/ul>\n","protected":false},"excerpt":{"rendered":"<p>*PAKUOT\u0116 GALI SKIRTIS NUO MATOMOS NUOTRAUKOJE<\/p>\n","protected":false},"featured_media":16654,"comment_status":"open","ping_status":"closed","template":"","meta":{"_acf_changed":false,"inline_featured_image":false},"product_cat":[698],"product_tag":[],"class_list":{"0":"post-16651","1":"product","2":"type-product","3":"status-publish","4":"has-post-thumbnail","6":"product_cat-xado","8":"first","9":"onbackorder","10":"taxable","11":"shipping-taxable","12":"purchasable","13":"product-type-simple"},"acf":[],"yoast_head":"<!-- This site is optimized with the Yoast SEO plugin v23.4 - https:\/\/yoast.com\/wordpress\/plugins\/seo\/ -->\n<title>MAXIMUM priedas dyzeliniam sunkve\u017eimiui - Truckstyling.lt<\/title>\n<meta name=\"description\" content=\"XADO MAXIMUM FOR DIESEL TRUCK. Specialiai sukurtas sunkiasvoriams dyzeliniams automobiliams, apsaugoti ir atstatyti variklio dalis.\" \/>\n<meta name=\"robots\" content=\"index, follow, max-snippet:-1, max-image-preview:large, max-video-preview:-1\" \/>\n<link rel=\"canonical\" href=\"https:\/\/truckstyling.lt\/ru\/\u043f\u0440\u043e\u0434\u0443\u043a\u0442\/maximum-priedas-dyzeliniam-sunkvezimiui\/\" \/>\n<meta property=\"og:locale\" content=\"ru_RU\" \/>\n<meta property=\"og:type\" content=\"article\" \/>\n<meta property=\"og:title\" content=\"MAXIMUM priedas dyzeliniam sunkve\u017eimiui - Truckstyling.lt\" \/>\n<meta property=\"og:description\" content=\"XADO MAXIMUM FOR DIESEL TRUCK. Specialiai sukurtas sunkiasvoriams dyzeliniams automobiliams, apsaugoti ir atstatyti variklio dalis.\" \/>\n<meta property=\"og:url\" content=\"https:\/\/truckstyling.lt\/ru\/\u043f\u0440\u043e\u0434\u0443\u043a\u0442\/maximum-priedas-dyzeliniam-sunkvezimiui\/\" \/>\n<meta property=\"og:site_name\" content=\"Truckstyling.lt\" \/>\n<meta property=\"article:publisher\" content=\"https:\/\/www.facebook.com\/truckstylinglt\" \/>\n<meta property=\"article:modified_time\" content=\"2024-04-16T08:51:31+00:00\" \/>\n<meta property=\"og:image\" content=\"https:\/\/truckstyling.lt\/wp-content\/uploads\/2024\/04\/XA40712.webp\" \/>\n\t<meta property=\"og:image:width\" content=\"400\" \/>\n\t<meta property=\"og:image:height\" content=\"400\" \/>\n\t<meta property=\"og:image:type\" content=\"image\/webp\" \/>\n<meta name=\"twitter:card\" content=\"summary_large_image\" \/>\n<meta name=\"twitter:label1\" content=\"\u041f\u0440\u0438\u043c\u0435\u0440\u043d\u043e\u0435 \u0432\u0440\u0435\u043c\u044f \u0434\u043b\u044f \u0447\u0442\u0435\u043d\u0438\u044f\" \/>\n\t<meta name=\"twitter:data1\" content=\"2 \u043c\u0438\u043d\u0443\u0442\u044b\" \/>\n<script type=\"application\/ld+json\" class=\"yoast-schema-graph\">{\"@context\":\"https:\/\/schema.org\",\"@graph\":[{\"@type\":\"WebPage\",\"@id\":\"https:\/\/truckstyling.lt\/ru\/\u043f\u0440\u043e\u0434\u0443\u043a\u0442\/maximum-priedas-dyzeliniam-sunkvezimiui\/\",\"url\":\"https:\/\/truckstyling.lt\/ru\/\u043f\u0440\u043e\u0434\u0443\u043a\u0442\/maximum-priedas-dyzeliniam-sunkvezimiui\/\",\"name\":\"MAXIMUM priedas dyzeliniam sunkve\u017eimiui - Truckstyling.lt\",\"isPartOf\":{\"@id\":\"https:\/\/truckstyling.lt\/#website\"},\"primaryImageOfPage\":{\"@id\":\"https:\/\/truckstyling.lt\/ru\/\u043f\u0440\u043e\u0434\u0443\u043a\u0442\/maximum-priedas-dyzeliniam-sunkvezimiui\/#primaryimage\"},\"image\":{\"@id\":\"https:\/\/truckstyling.lt\/ru\/\u043f\u0440\u043e\u0434\u0443\u043a\u0442\/maximum-priedas-dyzeliniam-sunkvezimiui\/#primaryimage\"},\"thumbnailUrl\":\"https:\/\/truckstyling.lt\/wp-content\/uploads\/2024\/04\/XA40712.webp\",\"datePublished\":\"2024-04-16T07:56:45+00:00\",\"dateModified\":\"2024-04-16T08:51:31+00:00\",\"description\":\"XADO MAXIMUM FOR DIESEL TRUCK. Specialiai sukurtas sunkiasvoriams dyzeliniams automobiliams, apsaugoti ir atstatyti variklio dalis.\",\"breadcrumb\":{\"@id\":\"https:\/\/truckstyling.lt\/ru\/\u043f\u0440\u043e\u0434\u0443\u043a\u0442\/maximum-priedas-dyzeliniam-sunkvezimiui\/#breadcrumb\"},\"inLanguage\":\"ru-RU\",\"potentialAction\":[{\"@type\":\"ReadAction\",\"target\":[\"https:\/\/truckstyling.lt\/ru\/\u043f\u0440\u043e\u0434\u0443\u043a\u0442\/maximum-priedas-dyzeliniam-sunkvezimiui\/\"]}]},{\"@type\":\"ImageObject\",\"inLanguage\":\"ru-RU\",\"@id\":\"https:\/\/truckstyling.lt\/ru\/\u043f\u0440\u043e\u0434\u0443\u043a\u0442\/maximum-priedas-dyzeliniam-sunkvezimiui\/#primaryimage\",\"url\":\"https:\/\/truckstyling.lt\/wp-content\/uploads\/2024\/04\/XA40712.webp\",\"contentUrl\":\"https:\/\/truckstyling.lt\/wp-content\/uploads\/2024\/04\/XA40712.webp\",\"width\":400,\"height\":400,\"caption\":\"XADO MAXIMUM\"},{\"@type\":\"BreadcrumbList\",\"@id\":\"https:\/\/truckstyling.lt\/ru\/\u043f\u0440\u043e\u0434\u0443\u043a\u0442\/maximum-priedas-dyzeliniam-sunkvezimiui\/#breadcrumb\",\"itemListElement\":[{\"@type\":\"ListItem\",\"position\":1,\"name\":\"Home\",\"item\":\"https:\/\/truckstyling.lt\/ru\/\"},{\"@type\":\"ListItem\",\"position\":2,\"name\":\"\u041c\u0430\u0433\u0430\u0437\u0438\u043d\",\"item\":\"https:\/\/truckstyling.lt\/ru\/magazin\/\"},{\"@type\":\"ListItem\",\"position\":3,\"name\":\"MAXIMUM priedas dyzeliniam sunkve\u017eimiui\"}]},{\"@type\":\"WebSite\",\"@id\":\"https:\/\/truckstyling.lt\/#website\",\"url\":\"https:\/\/truckstyling.lt\/\",\"name\":\"Truckstyling.lt\",\"description\":\"Truckstyling.lt\",\"publisher\":{\"@id\":\"https:\/\/truckstyling.lt\/#organization\"},\"potentialAction\":[{\"@type\":\"SearchAction\",\"target\":{\"@type\":\"EntryPoint\",\"urlTemplate\":\"https:\/\/truckstyling.lt\/?s={search_term_string}\"},\"query-input\":{\"@type\":\"PropertyValueSpecification\",\"valueRequired\":true,\"valueName\":\"search_term_string\"}}],\"inLanguage\":\"ru-RU\"},{\"@type\":\"Organization\",\"@id\":\"https:\/\/truckstyling.lt\/#organization\",\"name\":\"Fitmenta\",\"url\":\"https:\/\/truckstyling.lt\/\",\"logo\":{\"@type\":\"ImageObject\",\"inLanguage\":\"ru-RU\",\"@id\":\"https:\/\/truckstyling.lt\/#\/schema\/logo\/image\/\",\"url\":\"https:\/\/truckstyling.lt\/wp-content\/uploads\/2021\/01\/fitmenta-logo-white.svg\",\"contentUrl\":\"https:\/\/truckstyling.lt\/wp-content\/uploads\/2021\/01\/fitmenta-logo-white.svg\",\"width\":201,\"height\":143,\"caption\":\"Fitmenta\"},\"image\":{\"@id\":\"https:\/\/truckstyling.lt\/#\/schema\/logo\/image\/\"},\"sameAs\":[\"https:\/\/www.facebook.com\/truckstylinglt\"]}]}<\/script>\n<!-- \/ Yoast SEO plugin. -->","yoast_head_json":{"title":"MAXIMUM priedas dyzeliniam sunkve\u017eimiui - Truckstyling.lt","description":"XADO MAXIMUM FOR DIESEL TRUCK. Specialiai sukurtas sunkiasvoriams dyzeliniams automobiliams, apsaugoti ir atstatyti variklio dalis.","robots":{"index":"index","follow":"follow","max-snippet":"max-snippet:-1","max-image-preview":"max-image-preview:large","max-video-preview":"max-video-preview:-1"},"canonical":"https:\/\/truckstyling.lt\/ru\/\u043f\u0440\u043e\u0434\u0443\u043a\u0442\/maximum-priedas-dyzeliniam-sunkvezimiui\/","og_locale":"ru_RU","og_type":"article","og_title":"MAXIMUM priedas dyzeliniam sunkve\u017eimiui - Truckstyling.lt","og_description":"XADO MAXIMUM FOR DIESEL TRUCK. Specialiai sukurtas sunkiasvoriams dyzeliniams automobiliams, apsaugoti ir atstatyti variklio dalis.","og_url":"https:\/\/truckstyling.lt\/ru\/\u043f\u0440\u043e\u0434\u0443\u043a\u0442\/maximum-priedas-dyzeliniam-sunkvezimiui\/","og_site_name":"Truckstyling.lt","article_publisher":"https:\/\/www.facebook.com\/truckstylinglt","article_modified_time":"2024-04-16T08:51:31+00:00","og_image":[{"width":400,"height":400,"url":"https:\/\/truckstyling.lt\/wp-content\/uploads\/2024\/04\/XA40712.webp","type":"image\/webp"}],"twitter_card":"summary_large_image","twitter_misc":{"\u041f\u0440\u0438\u043c\u0435\u0440\u043d\u043e\u0435 \u0432\u0440\u0435\u043c\u044f \u0434\u043b\u044f \u0447\u0442\u0435\u043d\u0438\u044f":"2 \u043c\u0438\u043d\u0443\u0442\u044b"},"schema":{"@context":"https:\/\/schema.org","@graph":[{"@type":"WebPage","@id":"https:\/\/truckstyling.lt\/ru\/\u043f\u0440\u043e\u0434\u0443\u043a\u0442\/maximum-priedas-dyzeliniam-sunkvezimiui\/","url":"https:\/\/truckstyling.lt\/ru\/\u043f\u0440\u043e\u0434\u0443\u043a\u0442\/maximum-priedas-dyzeliniam-sunkvezimiui\/","name":"MAXIMUM priedas dyzeliniam sunkve\u017eimiui - Truckstyling.lt","isPartOf":{"@id":"https:\/\/truckstyling.lt\/#website"},"primaryImageOfPage":{"@id":"https:\/\/truckstyling.lt\/ru\/\u043f\u0440\u043e\u0434\u0443\u043a\u0442\/maximum-priedas-dyzeliniam-sunkvezimiui\/#primaryimage"},"image":{"@id":"https:\/\/truckstyling.lt\/ru\/\u043f\u0440\u043e\u0434\u0443\u043a\u0442\/maximum-priedas-dyzeliniam-sunkvezimiui\/#primaryimage"},"thumbnailUrl":"https:\/\/truckstyling.lt\/wp-content\/uploads\/2024\/04\/XA40712.webp","datePublished":"2024-04-16T07:56:45+00:00","dateModified":"2024-04-16T08:51:31+00:00","description":"XADO MAXIMUM FOR DIESEL TRUCK. Specialiai sukurtas sunkiasvoriams dyzeliniams automobiliams, apsaugoti ir atstatyti variklio dalis.","breadcrumb":{"@id":"https:\/\/truckstyling.lt\/ru\/\u043f\u0440\u043e\u0434\u0443\u043a\u0442\/maximum-priedas-dyzeliniam-sunkvezimiui\/#breadcrumb"},"inLanguage":"ru-RU","potentialAction":[{"@type":"ReadAction","target":["https:\/\/truckstyling.lt\/ru\/\u043f\u0440\u043e\u0434\u0443\u043a\u0442\/maximum-priedas-dyzeliniam-sunkvezimiui\/"]}]},{"@type":"ImageObject","inLanguage":"ru-RU","@id":"https:\/\/truckstyling.lt\/ru\/\u043f\u0440\u043e\u0434\u0443\u043a\u0442\/maximum-priedas-dyzeliniam-sunkvezimiui\/#primaryimage","url":"https:\/\/truckstyling.lt\/wp-content\/uploads\/2024\/04\/XA40712.webp","contentUrl":"https:\/\/truckstyling.lt\/wp-content\/uploads\/2024\/04\/XA40712.webp","width":400,"height":400,"caption":"XADO MAXIMUM"},{"@type":"BreadcrumbList","@id":"https:\/\/truckstyling.lt\/ru\/\u043f\u0440\u043e\u0434\u0443\u043a\u0442\/maximum-priedas-dyzeliniam-sunkvezimiui\/#breadcrumb","itemListElement":[{"@type":"ListItem","position":1,"name":"Home","item":"https:\/\/truckstyling.lt\/ru\/"},{"@type":"ListItem","position":2,"name":"\u041c\u0430\u0433\u0430\u0437\u0438\u043d","item":"https:\/\/truckstyling.lt\/ru\/magazin\/"},{"@type":"ListItem","position":3,"name":"MAXIMUM priedas dyzeliniam sunkve\u017eimiui"}]},{"@type":"WebSite","@id":"https:\/\/truckstyling.lt\/#website","url":"https:\/\/truckstyling.lt\/","name":"Truckstyling.lt","description":"Truckstyling.lt","publisher":{"@id":"https:\/\/truckstyling.lt\/#organization"},"potentialAction":[{"@type":"SearchAction","target":{"@type":"EntryPoint","urlTemplate":"https:\/\/truckstyling.lt\/?s={search_term_string}"},"query-input":{"@type":"PropertyValueSpecification","valueRequired":true,"valueName":"search_term_string"}}],"inLanguage":"ru-RU"},{"@type":"Organization","@id":"https:\/\/truckstyling.lt\/#organization","name":"Fitmenta","url":"https:\/\/truckstyling.lt\/","logo":{"@type":"ImageObject","inLanguage":"ru-RU","@id":"https:\/\/truckstyling.lt\/#\/schema\/logo\/image\/","url":"https:\/\/truckstyling.lt\/wp-content\/uploads\/2021\/01\/fitmenta-logo-white.svg","contentUrl":"https:\/\/truckstyling.lt\/wp-content\/uploads\/2021\/01\/fitmenta-logo-white.svg","width":201,"height":143,"caption":"Fitmenta"},"image":{"@id":"https:\/\/truckstyling.lt\/#\/schema\/logo\/image\/"},"sameAs":["https:\/\/www.facebook.com\/truckstylinglt"]}]}},"_links":{"self":[{"href":"https:\/\/truckstyling.lt\/ru\/wp-json\/wp\/v2\/product\/16651"}],"collection":[{"href":"https:\/\/truckstyling.lt\/ru\/wp-json\/wp\/v2\/product"}],"about":[{"href":"https:\/\/truckstyling.lt\/ru\/wp-json\/wp\/v2\/types\/product"}],"replies":[{"embeddable":true,"href":"https:\/\/truckstyling.lt\/ru\/wp-json\/wp\/v2\/comments?post=16651"}],"wp:featuredmedia":[{"embeddable":true,"href":"https:\/\/truckstyling.lt\/ru\/wp-json\/wp\/v2\/media\/16654"}],"wp:attachment":[{"href":"https:\/\/truckstyling.lt\/ru\/wp-json\/wp\/v2\/media?parent=16651"}],"wp:term":[{"taxonomy":"product_cat","embeddable":true,"href":"https:\/\/truckstyling.lt\/ru\/wp-json\/wp\/v2\/product_cat?post=16651"},{"taxonomy":"product_tag","embeddable":true,"href":"https:\/\/truckstyling.lt\/ru\/wp-json\/wp\/v2\/product_tag?post=16651"}],"curies":[{"name":"wp","href":"https:\/\/api.w.org\/{rel}","templated":true}]}}