{"id":16645,"date":"2024-04-16T05:43:07","date_gmt":"2024-04-16T07:43:07","guid":{"rendered":"https:\/\/truckstyling.lt\/?post_type=product&#038;p=16645"},"modified":"2024-04-16T05:51:33","modified_gmt":"2024-04-16T07:51:33","slug":"xtreme-cleaner-dyzeliniam-sunkvezimiui","status":"publish","type":"product","link":"https:\/\/truckstyling.lt\/ru\/\u043f\u0440\u043e\u0434\u0443\u043a\u0442\/xtreme-cleaner-dyzeliniam-sunkvezimiui\/","title":{"rendered":"XTREME CLEANER dyzeliniam sunkve\u017eimiui"},"content":{"rendered":"<ul>\n<li>Saugiai ir greitai pa\u0161alina vis\u0173 tip\u0173 nuos\u0117das ir ne\u0161varumus<\/li>\n<li>I\u0161valo purk\u0161tukus, \u012fsiurbimo vo\u017etuvus ir degimo kameras iki gamyklinio lygio<\/li>\n<li>Atstato variklio gali\u0105 ir parametrus<\/li>\n<li>Suma\u017eina degal\u0173 s\u0105naudas<\/li>\n<li>Pa\u0161alina dr\u0117gm\u0119 i\u0161 degal\u0173 sistemos<\/li>\n<li>Suma\u017eina kenksming\u0173 med\u017eiag\u0173 kiek\u012f i\u0161metamosiose<\/li>\n<\/ul>\n<h3>Revitalizanto d\u0117ka, &#171;Xtreme Cleaner for Diesel Truck&#187;:<\/h3>\n<ul>\n<li>Veikiant kuro aparat\u016brai jos besitrinan\u010di\u0173 detali\u0173 pavir\u0161iuose formuoja tvirt\u0105 dilimui atspar\u0173 sluoksn\u012f;<\/li>\n<li>Didina siurblio efektyvum\u0105 ir gerin\u0105 degal\u0173 degim\u0105*;<\/li>\n<li>Padidina degal\u0173 sistemos element\u0173 darbo patikimum\u0105 ir tarnavimo laik\u0105;<\/li>\n<li>Apsaugo kuro siurbl\u012f naudojant nekokybi\u0161kus degalus.<\/li>\n<\/ul>\n<p>*atlikti bandymai su Common Rail ir Pumpe-D\u00fcs\u0435 degal\u0173 \u012fpur\u0161kimo sistemomis.<\/p>\n<p>Priemon\u0117 specialiai sukurta \u0161iuolaikini\u0173 sunkve\u017eimi\u0173 degal\u0173 sistemos valymui. Tinka visoms sistemoms su \u012fpur\u0161kimu, \u012fskaitant Common Rail ir Pumpe-D\u00fcse.<\/p>\n<h3>Dozavimas<\/h3>\n<p>500 ml valiklio supilti \u012f 500 litr\u0173 dyzelini\u0173 degal\u0173.<\/p>\n<h3>Naudojimas<\/h3>\n<p>Prie\u0161 pilantis degalus supilti pried\u0105 \u012f degal\u0173 bak\u0105.<\/p>\n<h3>Pastaba<\/h3>\n<p>Siekiant optimalaus efekto, naudoti kas kart\u0105 pilantis degalus. Tinkamas vis\u0173 tip\u0173 dyzeliniams varikliams. Nekenkia suod\u017ei\u0173 filtrui.<\/p>\n<p>Pakuot\u0117: Skardin\u0117 500ml\u00a0XA 42375<\/p>\n","protected":false},"excerpt":{"rendered":"<p>Saugiai ir greitai pa\u0161alina vis\u0173 tip\u0173 nuos\u0117das ir ne\u0161varumus I\u0161valo purk\u0161tukus, \u012fsiurbimo vo\u017etuvus ir degimo kameras iki gamyklinio lygio Atstato variklio gali\u0105 ir parametrus Suma\u017eina degal\u0173 s\u0105naudas Pa\u0161alina dr\u0117gm\u0119 i\u0161 degal\u0173 sistemos Suma\u017eina kenksming\u0173 med\u017eiag\u0173 kiek\u012f i\u0161metamosiose Revitalizanto d\u0117ka, &#171;Xtreme Cleaner for Diesel Truck&#187;: Veikiant kuro aparat\u016brai jos besitrinan\u010di\u0173 detali\u0173 pavir\u0161iuose formuoja tvirt\u0105 dilimui atspar\u0173 [&hellip;]<\/p>\n","protected":false},"featured_media":16648,"comment_status":"open","ping_status":"closed","template":"","meta":{"_acf_changed":false,"inline_featured_image":false},"product_cat":[698],"product_tag":[],"class_list":{"0":"post-16645","1":"product","2":"type-product","3":"status-publish","4":"has-post-thumbnail","6":"product_cat-xado","8":"first","9":"onbackorder","10":"taxable","11":"shipping-taxable","12":"purchasable","13":"product-type-simple"},"acf":[],"yoast_head":"<!-- This site is optimized with the Yoast SEO plugin v23.4 - https:\/\/yoast.com\/wordpress\/plugins\/seo\/ -->\n<title>XTREME CLEANER dyzeliniam sunkve\u017eimiui - Truckstyling.lt<\/title>\n<meta name=\"description\" content=\"XADO degalus taupantis priedas. \u0160i priemon\u0117 yra dyzelino priedas, skirtas taupyti degalus sunkiasvoriuose automobiliuose.\" \/>\n<meta name=\"robots\" content=\"index, follow, max-snippet:-1, max-image-preview:large, max-video-preview:-1\" \/>\n<link rel=\"canonical\" href=\"https:\/\/truckstyling.lt\/ru\/\u043f\u0440\u043e\u0434\u0443\u043a\u0442\/xtreme-cleaner-dyzeliniam-sunkvezimiui\/\" \/>\n<meta property=\"og:locale\" content=\"ru_RU\" \/>\n<meta property=\"og:type\" content=\"article\" \/>\n<meta property=\"og:title\" content=\"XTREME CLEANER dyzeliniam sunkve\u017eimiui - Truckstyling.lt\" \/>\n<meta property=\"og:description\" content=\"XADO degalus taupantis priedas. \u0160i priemon\u0117 yra dyzelino priedas, skirtas taupyti degalus sunkiasvoriuose automobiliuose.\" \/>\n<meta property=\"og:url\" content=\"https:\/\/truckstyling.lt\/ru\/\u043f\u0440\u043e\u0434\u0443\u043a\u0442\/xtreme-cleaner-dyzeliniam-sunkvezimiui\/\" \/>\n<meta property=\"og:site_name\" content=\"Truckstyling.lt\" \/>\n<meta property=\"article:publisher\" content=\"https:\/\/www.facebook.com\/truckstylinglt\" \/>\n<meta property=\"article:modified_time\" content=\"2024-04-16T07:51:33+00:00\" \/>\n<meta property=\"og:image\" content=\"https:\/\/truckstyling.lt\/wp-content\/uploads\/2024\/04\/500_x_cleaner_complex.webp\" \/>\n\t<meta property=\"og:image:width\" content=\"1200\" \/>\n\t<meta property=\"og:image:height\" content=\"1200\" \/>\n\t<meta property=\"og:image:type\" content=\"image\/webp\" \/>\n<meta name=\"twitter:card\" content=\"summary_large_image\" \/>\n<meta name=\"twitter:label1\" content=\"\u041f\u0440\u0438\u043c\u0435\u0440\u043d\u043e\u0435 \u0432\u0440\u0435\u043c\u044f \u0434\u043b\u044f \u0447\u0442\u0435\u043d\u0438\u044f\" \/>\n\t<meta name=\"twitter:data1\" content=\"2 \u043c\u0438\u043d\u0443\u0442\u044b\" \/>\n<script type=\"application\/ld+json\" class=\"yoast-schema-graph\">{\"@context\":\"https:\/\/schema.org\",\"@graph\":[{\"@type\":\"WebPage\",\"@id\":\"https:\/\/truckstyling.lt\/ru\/\u043f\u0440\u043e\u0434\u0443\u043a\u0442\/xtreme-cleaner-dyzeliniam-sunkvezimiui\/\",\"url\":\"https:\/\/truckstyling.lt\/ru\/\u043f\u0440\u043e\u0434\u0443\u043a\u0442\/xtreme-cleaner-dyzeliniam-sunkvezimiui\/\",\"name\":\"XTREME CLEANER dyzeliniam sunkve\u017eimiui - Truckstyling.lt\",\"isPartOf\":{\"@id\":\"https:\/\/truckstyling.lt\/#website\"},\"primaryImageOfPage\":{\"@id\":\"https:\/\/truckstyling.lt\/ru\/\u043f\u0440\u043e\u0434\u0443\u043a\u0442\/xtreme-cleaner-dyzeliniam-sunkvezimiui\/#primaryimage\"},\"image\":{\"@id\":\"https:\/\/truckstyling.lt\/ru\/\u043f\u0440\u043e\u0434\u0443\u043a\u0442\/xtreme-cleaner-dyzeliniam-sunkvezimiui\/#primaryimage\"},\"thumbnailUrl\":\"https:\/\/truckstyling.lt\/wp-content\/uploads\/2024\/04\/500_x_cleaner_complex.webp\",\"datePublished\":\"2024-04-16T07:43:07+00:00\",\"dateModified\":\"2024-04-16T07:51:33+00:00\",\"description\":\"XADO degalus taupantis priedas. \u0160i priemon\u0117 yra dyzelino priedas, skirtas taupyti degalus sunkiasvoriuose automobiliuose.\",\"breadcrumb\":{\"@id\":\"https:\/\/truckstyling.lt\/ru\/\u043f\u0440\u043e\u0434\u0443\u043a\u0442\/xtreme-cleaner-dyzeliniam-sunkvezimiui\/#breadcrumb\"},\"inLanguage\":\"ru-RU\",\"potentialAction\":[{\"@type\":\"ReadAction\",\"target\":[\"https:\/\/truckstyling.lt\/ru\/\u043f\u0440\u043e\u0434\u0443\u043a\u0442\/xtreme-cleaner-dyzeliniam-sunkvezimiui\/\"]}]},{\"@type\":\"ImageObject\",\"inLanguage\":\"ru-RU\",\"@id\":\"https:\/\/truckstyling.lt\/ru\/\u043f\u0440\u043e\u0434\u0443\u043a\u0442\/xtreme-cleaner-dyzeliniam-sunkvezimiui\/#primaryimage\",\"url\":\"https:\/\/truckstyling.lt\/wp-content\/uploads\/2024\/04\/500_x_cleaner_complex.webp\",\"contentUrl\":\"https:\/\/truckstyling.lt\/wp-content\/uploads\/2024\/04\/500_x_cleaner_complex.webp\",\"width\":1200,\"height\":1200,\"caption\":\"XTREME CLEANER\"},{\"@type\":\"BreadcrumbList\",\"@id\":\"https:\/\/truckstyling.lt\/ru\/\u043f\u0440\u043e\u0434\u0443\u043a\u0442\/xtreme-cleaner-dyzeliniam-sunkvezimiui\/#breadcrumb\",\"itemListElement\":[{\"@type\":\"ListItem\",\"position\":1,\"name\":\"Home\",\"item\":\"https:\/\/truckstyling.lt\/ru\/\"},{\"@type\":\"ListItem\",\"position\":2,\"name\":\"\u041c\u0430\u0433\u0430\u0437\u0438\u043d\",\"item\":\"https:\/\/truckstyling.lt\/ru\/magazin\/\"},{\"@type\":\"ListItem\",\"position\":3,\"name\":\"XTREME CLEANER dyzeliniam sunkve\u017eimiui\"}]},{\"@type\":\"WebSite\",\"@id\":\"https:\/\/truckstyling.lt\/#website\",\"url\":\"https:\/\/truckstyling.lt\/\",\"name\":\"Truckstyling.lt\",\"description\":\"Truckstyling.lt\",\"publisher\":{\"@id\":\"https:\/\/truckstyling.lt\/#organization\"},\"potentialAction\":[{\"@type\":\"SearchAction\",\"target\":{\"@type\":\"EntryPoint\",\"urlTemplate\":\"https:\/\/truckstyling.lt\/?s={search_term_string}\"},\"query-input\":{\"@type\":\"PropertyValueSpecification\",\"valueRequired\":true,\"valueName\":\"search_term_string\"}}],\"inLanguage\":\"ru-RU\"},{\"@type\":\"Organization\",\"@id\":\"https:\/\/truckstyling.lt\/#organization\",\"name\":\"Fitmenta\",\"url\":\"https:\/\/truckstyling.lt\/\",\"logo\":{\"@type\":\"ImageObject\",\"inLanguage\":\"ru-RU\",\"@id\":\"https:\/\/truckstyling.lt\/#\/schema\/logo\/image\/\",\"url\":\"https:\/\/truckstyling.lt\/wp-content\/uploads\/2021\/01\/fitmenta-logo-white.svg\",\"contentUrl\":\"https:\/\/truckstyling.lt\/wp-content\/uploads\/2021\/01\/fitmenta-logo-white.svg\",\"width\":201,\"height\":143,\"caption\":\"Fitmenta\"},\"image\":{\"@id\":\"https:\/\/truckstyling.lt\/#\/schema\/logo\/image\/\"},\"sameAs\":[\"https:\/\/www.facebook.com\/truckstylinglt\"]}]}<\/script>\n<!-- \/ Yoast SEO plugin. -->","yoast_head_json":{"title":"XTREME CLEANER dyzeliniam sunkve\u017eimiui - Truckstyling.lt","description":"XADO degalus taupantis priedas. \u0160i priemon\u0117 yra dyzelino priedas, skirtas taupyti degalus sunkiasvoriuose automobiliuose.","robots":{"index":"index","follow":"follow","max-snippet":"max-snippet:-1","max-image-preview":"max-image-preview:large","max-video-preview":"max-video-preview:-1"},"canonical":"https:\/\/truckstyling.lt\/ru\/\u043f\u0440\u043e\u0434\u0443\u043a\u0442\/xtreme-cleaner-dyzeliniam-sunkvezimiui\/","og_locale":"ru_RU","og_type":"article","og_title":"XTREME CLEANER dyzeliniam sunkve\u017eimiui - Truckstyling.lt","og_description":"XADO degalus taupantis priedas. \u0160i priemon\u0117 yra dyzelino priedas, skirtas taupyti degalus sunkiasvoriuose automobiliuose.","og_url":"https:\/\/truckstyling.lt\/ru\/\u043f\u0440\u043e\u0434\u0443\u043a\u0442\/xtreme-cleaner-dyzeliniam-sunkvezimiui\/","og_site_name":"Truckstyling.lt","article_publisher":"https:\/\/www.facebook.com\/truckstylinglt","article_modified_time":"2024-04-16T07:51:33+00:00","og_image":[{"width":1200,"height":1200,"url":"https:\/\/truckstyling.lt\/wp-content\/uploads\/2024\/04\/500_x_cleaner_complex.webp","type":"image\/webp"}],"twitter_card":"summary_large_image","twitter_misc":{"\u041f\u0440\u0438\u043c\u0435\u0440\u043d\u043e\u0435 \u0432\u0440\u0435\u043c\u044f \u0434\u043b\u044f \u0447\u0442\u0435\u043d\u0438\u044f":"2 \u043c\u0438\u043d\u0443\u0442\u044b"},"schema":{"@context":"https:\/\/schema.org","@graph":[{"@type":"WebPage","@id":"https:\/\/truckstyling.lt\/ru\/\u043f\u0440\u043e\u0434\u0443\u043a\u0442\/xtreme-cleaner-dyzeliniam-sunkvezimiui\/","url":"https:\/\/truckstyling.lt\/ru\/\u043f\u0440\u043e\u0434\u0443\u043a\u0442\/xtreme-cleaner-dyzeliniam-sunkvezimiui\/","name":"XTREME CLEANER dyzeliniam sunkve\u017eimiui - Truckstyling.lt","isPartOf":{"@id":"https:\/\/truckstyling.lt\/#website"},"primaryImageOfPage":{"@id":"https:\/\/truckstyling.lt\/ru\/\u043f\u0440\u043e\u0434\u0443\u043a\u0442\/xtreme-cleaner-dyzeliniam-sunkvezimiui\/#primaryimage"},"image":{"@id":"https:\/\/truckstyling.lt\/ru\/\u043f\u0440\u043e\u0434\u0443\u043a\u0442\/xtreme-cleaner-dyzeliniam-sunkvezimiui\/#primaryimage"},"thumbnailUrl":"https:\/\/truckstyling.lt\/wp-content\/uploads\/2024\/04\/500_x_cleaner_complex.webp","datePublished":"2024-04-16T07:43:07+00:00","dateModified":"2024-04-16T07:51:33+00:00","description":"XADO degalus taupantis priedas. \u0160i priemon\u0117 yra dyzelino priedas, skirtas taupyti degalus sunkiasvoriuose automobiliuose.","breadcrumb":{"@id":"https:\/\/truckstyling.lt\/ru\/\u043f\u0440\u043e\u0434\u0443\u043a\u0442\/xtreme-cleaner-dyzeliniam-sunkvezimiui\/#breadcrumb"},"inLanguage":"ru-RU","potentialAction":[{"@type":"ReadAction","target":["https:\/\/truckstyling.lt\/ru\/\u043f\u0440\u043e\u0434\u0443\u043a\u0442\/xtreme-cleaner-dyzeliniam-sunkvezimiui\/"]}]},{"@type":"ImageObject","inLanguage":"ru-RU","@id":"https:\/\/truckstyling.lt\/ru\/\u043f\u0440\u043e\u0434\u0443\u043a\u0442\/xtreme-cleaner-dyzeliniam-sunkvezimiui\/#primaryimage","url":"https:\/\/truckstyling.lt\/wp-content\/uploads\/2024\/04\/500_x_cleaner_complex.webp","contentUrl":"https:\/\/truckstyling.lt\/wp-content\/uploads\/2024\/04\/500_x_cleaner_complex.webp","width":1200,"height":1200,"caption":"XTREME CLEANER"},{"@type":"BreadcrumbList","@id":"https:\/\/truckstyling.lt\/ru\/\u043f\u0440\u043e\u0434\u0443\u043a\u0442\/xtreme-cleaner-dyzeliniam-sunkvezimiui\/#breadcrumb","itemListElement":[{"@type":"ListItem","position":1,"name":"Home","item":"https:\/\/truckstyling.lt\/ru\/"},{"@type":"ListItem","position":2,"name":"\u041c\u0430\u0433\u0430\u0437\u0438\u043d","item":"https:\/\/truckstyling.lt\/ru\/magazin\/"},{"@type":"ListItem","position":3,"name":"XTREME CLEANER dyzeliniam sunkve\u017eimiui"}]},{"@type":"WebSite","@id":"https:\/\/truckstyling.lt\/#website","url":"https:\/\/truckstyling.lt\/","name":"Truckstyling.lt","description":"Truckstyling.lt","publisher":{"@id":"https:\/\/truckstyling.lt\/#organization"},"potentialAction":[{"@type":"SearchAction","target":{"@type":"EntryPoint","urlTemplate":"https:\/\/truckstyling.lt\/?s={search_term_string}"},"query-input":{"@type":"PropertyValueSpecification","valueRequired":true,"valueName":"search_term_string"}}],"inLanguage":"ru-RU"},{"@type":"Organization","@id":"https:\/\/truckstyling.lt\/#organization","name":"Fitmenta","url":"https:\/\/truckstyling.lt\/","logo":{"@type":"ImageObject","inLanguage":"ru-RU","@id":"https:\/\/truckstyling.lt\/#\/schema\/logo\/image\/","url":"https:\/\/truckstyling.lt\/wp-content\/uploads\/2021\/01\/fitmenta-logo-white.svg","contentUrl":"https:\/\/truckstyling.lt\/wp-content\/uploads\/2021\/01\/fitmenta-logo-white.svg","width":201,"height":143,"caption":"Fitmenta"},"image":{"@id":"https:\/\/truckstyling.lt\/#\/schema\/logo\/image\/"},"sameAs":["https:\/\/www.facebook.com\/truckstylinglt"]}]}},"_links":{"self":[{"href":"https:\/\/truckstyling.lt\/ru\/wp-json\/wp\/v2\/product\/16645"}],"collection":[{"href":"https:\/\/truckstyling.lt\/ru\/wp-json\/wp\/v2\/product"}],"about":[{"href":"https:\/\/truckstyling.lt\/ru\/wp-json\/wp\/v2\/types\/product"}],"replies":[{"embeddable":true,"href":"https:\/\/truckstyling.lt\/ru\/wp-json\/wp\/v2\/comments?post=16645"}],"wp:featuredmedia":[{"embeddable":true,"href":"https:\/\/truckstyling.lt\/ru\/wp-json\/wp\/v2\/media\/16648"}],"wp:attachment":[{"href":"https:\/\/truckstyling.lt\/ru\/wp-json\/wp\/v2\/media?parent=16645"}],"wp:term":[{"taxonomy":"product_cat","embeddable":true,"href":"https:\/\/truckstyling.lt\/ru\/wp-json\/wp\/v2\/product_cat?post=16645"},{"taxonomy":"product_tag","embeddable":true,"href":"https:\/\/truckstyling.lt\/ru\/wp-json\/wp\/v2\/product_tag?post=16645"}],"curies":[{"name":"wp","href":"https:\/\/api.w.org\/{rel}","templated":true}]}}