{"id":16639,"date":"2024-04-16T05:31:37","date_gmt":"2024-04-16T07:31:37","guid":{"rendered":"https:\/\/truckstyling.lt\/?post_type=product&#038;p=16639"},"modified":"2024-04-16T05:41:52","modified_gmt":"2024-04-16T07:41:52","slug":"xtreme-economy-dyzeliniam-sunkvezimiui","status":"publish","type":"product","link":"https:\/\/truckstyling.lt\/ru\/\u043f\u0440\u043e\u0434\u0443\u043a\u0442\/xtreme-economy-dyzeliniam-sunkvezimiui\/","title":{"rendered":"XTREME ECONOMY dyzeliniam sunkve\u017eimiui"},"content":{"rendered":"<p>Xtreme Diesel Economy dyzelini\u0173 degalus taupantis priedas<\/p>\n<ul>\n<li>Veikiant varikliui suma\u017eina momentinius trinties nuostolius cilindr\u0173-st\u016bmokli\u0173 grup\u0117je<\/li>\n<li>Akumuliuoja trinties modifikatorius taip u\u017etikrinant ilgalaik\u012f poveik\u012f<\/li>\n<\/ul>\n<p>\u0160i priemon\u0117 yra dyzelino priedas, skirtas taupyti degalus sunkiasvoriuose automobiliuose.<\/p>\n<p>Priedo sud\u0117tyje yra trinties modifikatoriai ir itin efektyvios plaunamosios med\u017eiagos. Modifikatoriai suma\u017eina trinties koeficient\u0105 ir d\u0117l to suma\u017e\u0117ja trinties nuostoliai trinantis cilindro sienelei ir st\u016bmokliui, jam judant auk\u0161tyn-\u017eemyn. Papildom\u0105 degal\u0173 taupym\u0105 u\u017etikrina trinties modifikatori\u0173 akumuliacija ir plaunam\u0173j\u0173 med\u017eiag\u0173, i\u0161valan\u010di\u0173 vo\u017etuvus, veikimas, kadangi tai pagerina degal\u0173 sudegim\u0105 degimo kameroje.<\/p>\n<p>&nbsp;<\/p>\n<h3>Naudojimas<\/h3>\n<p>Supilti reikiam\u0105 kiek\u012f priemon\u0117s \u012f degal\u0173 bak\u0105 prie\u0161 pilant degalus.<\/p>\n<h3>Dozavimas<\/h3>\n<p>500 ml. priedo 1000 l. dyzelino<\/p>\n<h3>Pastabos<\/h3>\n<p>Siekiant geriausio efekto priemon\u0119 rekomenduojama naudoti kas kart\u0105 pilantis degalus.<\/p>\n<p>U\u017etikrina \u0161var\u0105 kuro sistemoje bei i\u0161valo i\u0161metam\u0173j\u0173 duj\u0173 recirkuliacijos sistemos (EGR) vo\u017etuv\u0105.<\/p>\n<p>Nekenkia suod\u017ei\u0173 filtrams (PDF) ir katalizatoriams (SCR).<\/p>\n<p>Didina dyzelino sutepam\u0105sias savybes ir u\u017etikrina kuro aparat\u016bros apsaug\u0105, naudojant ma\u017eai sieros turin\u010dius degalus.<\/p>\n<h3>Pakuot\u0117<\/h3>\n<p>Skardin\u0117 500 ml. Artikulas: XA 40278<\/p>\n","protected":false},"excerpt":{"rendered":"<p>Xtreme Diesel Economy dyzelini\u0173 degalus taupantis priedas Veikiant varikliui suma\u017eina momentinius trinties nuostolius cilindr\u0173-st\u016bmokli\u0173 grup\u0117je Akumuliuoja trinties modifikatorius taip u\u017etikrinant ilgalaik\u012f poveik\u012f \u0160i priemon\u0117 yra dyzelino priedas, skirtas taupyti degalus sunkiasvoriuose automobiliuose. Priedo sud\u0117tyje yra trinties modifikatoriai ir itin efektyvios plaunamosios med\u017eiagos. Modifikatoriai suma\u017eina trinties koeficient\u0105 ir d\u0117l to suma\u017e\u0117ja trinties nuostoliai trinantis cilindro sienelei [&hellip;]<\/p>\n","protected":false},"featured_media":16642,"comment_status":"open","ping_status":"closed","template":"","meta":{"_acf_changed":false,"inline_featured_image":false},"product_cat":[698],"product_tag":[],"class_list":{"0":"post-16639","1":"product","2":"type-product","3":"status-publish","4":"has-post-thumbnail","6":"product_cat-xado","8":"first","9":"instock","10":"taxable","11":"shipping-taxable","12":"purchasable","13":"product-type-simple"},"acf":[],"yoast_head":"<!-- This site is optimized with the Yoast SEO plugin v23.4 - https:\/\/yoast.com\/wordpress\/plugins\/seo\/ -->\n<title>XTREME ECONOMY dyzeliniam sunkve\u017eimiui - Truckstyling.lt<\/title>\n<meta name=\"description\" content=\"XADO kiet\u0173j\u0173 daleli\u0173 filtro priedas, skirtas visi\u0161kam ir greitam kiet\u0173j\u0173 daleli\u0173 filtro (DPF) regeneravimui.\" \/>\n<meta name=\"robots\" content=\"index, follow, max-snippet:-1, max-image-preview:large, max-video-preview:-1\" \/>\n<link rel=\"canonical\" href=\"https:\/\/truckstyling.lt\/ru\/\u043f\u0440\u043e\u0434\u0443\u043a\u0442\/xtreme-economy-dyzeliniam-sunkvezimiui\/\" \/>\n<meta property=\"og:locale\" content=\"ru_RU\" \/>\n<meta property=\"og:type\" content=\"article\" \/>\n<meta property=\"og:title\" content=\"XTREME ECONOMY dyzeliniam sunkve\u017eimiui - Truckstyling.lt\" \/>\n<meta property=\"og:description\" content=\"XADO kiet\u0173j\u0173 daleli\u0173 filtro priedas, skirtas visi\u0161kam ir greitam kiet\u0173j\u0173 daleli\u0173 filtro (DPF) regeneravimui.\" \/>\n<meta property=\"og:url\" content=\"https:\/\/truckstyling.lt\/ru\/\u043f\u0440\u043e\u0434\u0443\u043a\u0442\/xtreme-economy-dyzeliniam-sunkvezimiui\/\" \/>\n<meta property=\"og:site_name\" content=\"Truckstyling.lt\" \/>\n<meta property=\"article:publisher\" content=\"https:\/\/www.facebook.com\/truckstylinglt\" \/>\n<meta property=\"article:modified_time\" content=\"2024-04-16T07:41:52+00:00\" \/>\n<meta property=\"og:image\" content=\"https:\/\/truckstyling.lt\/wp-content\/uploads\/2024\/04\/500_x_economy.webp\" \/>\n\t<meta property=\"og:image:width\" content=\"1200\" \/>\n\t<meta property=\"og:image:height\" content=\"1200\" \/>\n\t<meta property=\"og:image:type\" content=\"image\/webp\" \/>\n<meta name=\"twitter:card\" content=\"summary_large_image\" \/>\n<meta name=\"twitter:label1\" content=\"\u041f\u0440\u0438\u043c\u0435\u0440\u043d\u043e\u0435 \u0432\u0440\u0435\u043c\u044f \u0434\u043b\u044f \u0447\u0442\u0435\u043d\u0438\u044f\" \/>\n\t<meta name=\"twitter:data1\" content=\"1 \u043c\u0438\u043d\u0443\u0442\u0430\" \/>\n<script type=\"application\/ld+json\" class=\"yoast-schema-graph\">{\"@context\":\"https:\/\/schema.org\",\"@graph\":[{\"@type\":\"WebPage\",\"@id\":\"https:\/\/truckstyling.lt\/ru\/\u043f\u0440\u043e\u0434\u0443\u043a\u0442\/xtreme-economy-dyzeliniam-sunkvezimiui\/\",\"url\":\"https:\/\/truckstyling.lt\/ru\/\u043f\u0440\u043e\u0434\u0443\u043a\u0442\/xtreme-economy-dyzeliniam-sunkvezimiui\/\",\"name\":\"XTREME ECONOMY dyzeliniam sunkve\u017eimiui - Truckstyling.lt\",\"isPartOf\":{\"@id\":\"https:\/\/truckstyling.lt\/#website\"},\"primaryImageOfPage\":{\"@id\":\"https:\/\/truckstyling.lt\/ru\/\u043f\u0440\u043e\u0434\u0443\u043a\u0442\/xtreme-economy-dyzeliniam-sunkvezimiui\/#primaryimage\"},\"image\":{\"@id\":\"https:\/\/truckstyling.lt\/ru\/\u043f\u0440\u043e\u0434\u0443\u043a\u0442\/xtreme-economy-dyzeliniam-sunkvezimiui\/#primaryimage\"},\"thumbnailUrl\":\"https:\/\/truckstyling.lt\/wp-content\/uploads\/2024\/04\/500_x_economy.webp\",\"datePublished\":\"2024-04-16T07:31:37+00:00\",\"dateModified\":\"2024-04-16T07:41:52+00:00\",\"description\":\"XADO kiet\u0173j\u0173 daleli\u0173 filtro priedas, skirtas visi\u0161kam ir greitam kiet\u0173j\u0173 daleli\u0173 filtro (DPF) regeneravimui.\",\"breadcrumb\":{\"@id\":\"https:\/\/truckstyling.lt\/ru\/\u043f\u0440\u043e\u0434\u0443\u043a\u0442\/xtreme-economy-dyzeliniam-sunkvezimiui\/#breadcrumb\"},\"inLanguage\":\"ru-RU\",\"potentialAction\":[{\"@type\":\"ReadAction\",\"target\":[\"https:\/\/truckstyling.lt\/ru\/\u043f\u0440\u043e\u0434\u0443\u043a\u0442\/xtreme-economy-dyzeliniam-sunkvezimiui\/\"]}]},{\"@type\":\"ImageObject\",\"inLanguage\":\"ru-RU\",\"@id\":\"https:\/\/truckstyling.lt\/ru\/\u043f\u0440\u043e\u0434\u0443\u043a\u0442\/xtreme-economy-dyzeliniam-sunkvezimiui\/#primaryimage\",\"url\":\"https:\/\/truckstyling.lt\/wp-content\/uploads\/2024\/04\/500_x_economy.webp\",\"contentUrl\":\"https:\/\/truckstyling.lt\/wp-content\/uploads\/2024\/04\/500_x_economy.webp\",\"width\":1200,\"height\":1200,\"caption\":\"XTREME ECONOMY FOR DIESEL TRUCK\"},{\"@type\":\"BreadcrumbList\",\"@id\":\"https:\/\/truckstyling.lt\/ru\/\u043f\u0440\u043e\u0434\u0443\u043a\u0442\/xtreme-economy-dyzeliniam-sunkvezimiui\/#breadcrumb\",\"itemListElement\":[{\"@type\":\"ListItem\",\"position\":1,\"name\":\"Home\",\"item\":\"https:\/\/truckstyling.lt\/ru\/\"},{\"@type\":\"ListItem\",\"position\":2,\"name\":\"\u041c\u0430\u0433\u0430\u0437\u0438\u043d\",\"item\":\"https:\/\/truckstyling.lt\/ru\/magazin\/\"},{\"@type\":\"ListItem\",\"position\":3,\"name\":\"XTREME ECONOMY dyzeliniam sunkve\u017eimiui\"}]},{\"@type\":\"WebSite\",\"@id\":\"https:\/\/truckstyling.lt\/#website\",\"url\":\"https:\/\/truckstyling.lt\/\",\"name\":\"Truckstyling.lt\",\"description\":\"Truckstyling.lt\",\"publisher\":{\"@id\":\"https:\/\/truckstyling.lt\/#organization\"},\"potentialAction\":[{\"@type\":\"SearchAction\",\"target\":{\"@type\":\"EntryPoint\",\"urlTemplate\":\"https:\/\/truckstyling.lt\/?s={search_term_string}\"},\"query-input\":{\"@type\":\"PropertyValueSpecification\",\"valueRequired\":true,\"valueName\":\"search_term_string\"}}],\"inLanguage\":\"ru-RU\"},{\"@type\":\"Organization\",\"@id\":\"https:\/\/truckstyling.lt\/#organization\",\"name\":\"Fitmenta\",\"url\":\"https:\/\/truckstyling.lt\/\",\"logo\":{\"@type\":\"ImageObject\",\"inLanguage\":\"ru-RU\",\"@id\":\"https:\/\/truckstyling.lt\/#\/schema\/logo\/image\/\",\"url\":\"https:\/\/truckstyling.lt\/wp-content\/uploads\/2021\/01\/fitmenta-logo-white.svg\",\"contentUrl\":\"https:\/\/truckstyling.lt\/wp-content\/uploads\/2021\/01\/fitmenta-logo-white.svg\",\"width\":201,\"height\":143,\"caption\":\"Fitmenta\"},\"image\":{\"@id\":\"https:\/\/truckstyling.lt\/#\/schema\/logo\/image\/\"},\"sameAs\":[\"https:\/\/www.facebook.com\/truckstylinglt\"]}]}<\/script>\n<!-- \/ Yoast SEO plugin. -->","yoast_head_json":{"title":"XTREME ECONOMY dyzeliniam sunkve\u017eimiui - Truckstyling.lt","description":"XADO kiet\u0173j\u0173 daleli\u0173 filtro priedas, skirtas visi\u0161kam ir greitam kiet\u0173j\u0173 daleli\u0173 filtro (DPF) regeneravimui.","robots":{"index":"index","follow":"follow","max-snippet":"max-snippet:-1","max-image-preview":"max-image-preview:large","max-video-preview":"max-video-preview:-1"},"canonical":"https:\/\/truckstyling.lt\/ru\/\u043f\u0440\u043e\u0434\u0443\u043a\u0442\/xtreme-economy-dyzeliniam-sunkvezimiui\/","og_locale":"ru_RU","og_type":"article","og_title":"XTREME ECONOMY dyzeliniam sunkve\u017eimiui - Truckstyling.lt","og_description":"XADO kiet\u0173j\u0173 daleli\u0173 filtro priedas, skirtas visi\u0161kam ir greitam kiet\u0173j\u0173 daleli\u0173 filtro (DPF) regeneravimui.","og_url":"https:\/\/truckstyling.lt\/ru\/\u043f\u0440\u043e\u0434\u0443\u043a\u0442\/xtreme-economy-dyzeliniam-sunkvezimiui\/","og_site_name":"Truckstyling.lt","article_publisher":"https:\/\/www.facebook.com\/truckstylinglt","article_modified_time":"2024-04-16T07:41:52+00:00","og_image":[{"width":1200,"height":1200,"url":"https:\/\/truckstyling.lt\/wp-content\/uploads\/2024\/04\/500_x_economy.webp","type":"image\/webp"}],"twitter_card":"summary_large_image","twitter_misc":{"\u041f\u0440\u0438\u043c\u0435\u0440\u043d\u043e\u0435 \u0432\u0440\u0435\u043c\u044f \u0434\u043b\u044f \u0447\u0442\u0435\u043d\u0438\u044f":"1 \u043c\u0438\u043d\u0443\u0442\u0430"},"schema":{"@context":"https:\/\/schema.org","@graph":[{"@type":"WebPage","@id":"https:\/\/truckstyling.lt\/ru\/\u043f\u0440\u043e\u0434\u0443\u043a\u0442\/xtreme-economy-dyzeliniam-sunkvezimiui\/","url":"https:\/\/truckstyling.lt\/ru\/\u043f\u0440\u043e\u0434\u0443\u043a\u0442\/xtreme-economy-dyzeliniam-sunkvezimiui\/","name":"XTREME ECONOMY dyzeliniam sunkve\u017eimiui - Truckstyling.lt","isPartOf":{"@id":"https:\/\/truckstyling.lt\/#website"},"primaryImageOfPage":{"@id":"https:\/\/truckstyling.lt\/ru\/\u043f\u0440\u043e\u0434\u0443\u043a\u0442\/xtreme-economy-dyzeliniam-sunkvezimiui\/#primaryimage"},"image":{"@id":"https:\/\/truckstyling.lt\/ru\/\u043f\u0440\u043e\u0434\u0443\u043a\u0442\/xtreme-economy-dyzeliniam-sunkvezimiui\/#primaryimage"},"thumbnailUrl":"https:\/\/truckstyling.lt\/wp-content\/uploads\/2024\/04\/500_x_economy.webp","datePublished":"2024-04-16T07:31:37+00:00","dateModified":"2024-04-16T07:41:52+00:00","description":"XADO kiet\u0173j\u0173 daleli\u0173 filtro priedas, skirtas visi\u0161kam ir greitam kiet\u0173j\u0173 daleli\u0173 filtro (DPF) regeneravimui.","breadcrumb":{"@id":"https:\/\/truckstyling.lt\/ru\/\u043f\u0440\u043e\u0434\u0443\u043a\u0442\/xtreme-economy-dyzeliniam-sunkvezimiui\/#breadcrumb"},"inLanguage":"ru-RU","potentialAction":[{"@type":"ReadAction","target":["https:\/\/truckstyling.lt\/ru\/\u043f\u0440\u043e\u0434\u0443\u043a\u0442\/xtreme-economy-dyzeliniam-sunkvezimiui\/"]}]},{"@type":"ImageObject","inLanguage":"ru-RU","@id":"https:\/\/truckstyling.lt\/ru\/\u043f\u0440\u043e\u0434\u0443\u043a\u0442\/xtreme-economy-dyzeliniam-sunkvezimiui\/#primaryimage","url":"https:\/\/truckstyling.lt\/wp-content\/uploads\/2024\/04\/500_x_economy.webp","contentUrl":"https:\/\/truckstyling.lt\/wp-content\/uploads\/2024\/04\/500_x_economy.webp","width":1200,"height":1200,"caption":"XTREME ECONOMY FOR DIESEL TRUCK"},{"@type":"BreadcrumbList","@id":"https:\/\/truckstyling.lt\/ru\/\u043f\u0440\u043e\u0434\u0443\u043a\u0442\/xtreme-economy-dyzeliniam-sunkvezimiui\/#breadcrumb","itemListElement":[{"@type":"ListItem","position":1,"name":"Home","item":"https:\/\/truckstyling.lt\/ru\/"},{"@type":"ListItem","position":2,"name":"\u041c\u0430\u0433\u0430\u0437\u0438\u043d","item":"https:\/\/truckstyling.lt\/ru\/magazin\/"},{"@type":"ListItem","position":3,"name":"XTREME ECONOMY dyzeliniam sunkve\u017eimiui"}]},{"@type":"WebSite","@id":"https:\/\/truckstyling.lt\/#website","url":"https:\/\/truckstyling.lt\/","name":"Truckstyling.lt","description":"Truckstyling.lt","publisher":{"@id":"https:\/\/truckstyling.lt\/#organization"},"potentialAction":[{"@type":"SearchAction","target":{"@type":"EntryPoint","urlTemplate":"https:\/\/truckstyling.lt\/?s={search_term_string}"},"query-input":{"@type":"PropertyValueSpecification","valueRequired":true,"valueName":"search_term_string"}}],"inLanguage":"ru-RU"},{"@type":"Organization","@id":"https:\/\/truckstyling.lt\/#organization","name":"Fitmenta","url":"https:\/\/truckstyling.lt\/","logo":{"@type":"ImageObject","inLanguage":"ru-RU","@id":"https:\/\/truckstyling.lt\/#\/schema\/logo\/image\/","url":"https:\/\/truckstyling.lt\/wp-content\/uploads\/2021\/01\/fitmenta-logo-white.svg","contentUrl":"https:\/\/truckstyling.lt\/wp-content\/uploads\/2021\/01\/fitmenta-logo-white.svg","width":201,"height":143,"caption":"Fitmenta"},"image":{"@id":"https:\/\/truckstyling.lt\/#\/schema\/logo\/image\/"},"sameAs":["https:\/\/www.facebook.com\/truckstylinglt"]}]}},"_links":{"self":[{"href":"https:\/\/truckstyling.lt\/ru\/wp-json\/wp\/v2\/product\/16639"}],"collection":[{"href":"https:\/\/truckstyling.lt\/ru\/wp-json\/wp\/v2\/product"}],"about":[{"href":"https:\/\/truckstyling.lt\/ru\/wp-json\/wp\/v2\/types\/product"}],"replies":[{"embeddable":true,"href":"https:\/\/truckstyling.lt\/ru\/wp-json\/wp\/v2\/comments?post=16639"}],"wp:featuredmedia":[{"embeddable":true,"href":"https:\/\/truckstyling.lt\/ru\/wp-json\/wp\/v2\/media\/16642"}],"wp:attachment":[{"href":"https:\/\/truckstyling.lt\/ru\/wp-json\/wp\/v2\/media?parent=16639"}],"wp:term":[{"taxonomy":"product_cat","embeddable":true,"href":"https:\/\/truckstyling.lt\/ru\/wp-json\/wp\/v2\/product_cat?post=16639"},{"taxonomy":"product_tag","embeddable":true,"href":"https:\/\/truckstyling.lt\/ru\/wp-json\/wp\/v2\/product_tag?post=16639"}],"curies":[{"name":"wp","href":"https:\/\/api.w.org\/{rel}","templated":true}]}}