{"id":16630,"date":"2024-04-16T05:14:43","date_gmt":"2024-04-16T07:14:43","guid":{"rendered":"https:\/\/truckstyling.lt\/?post_type=product&#038;p=16630"},"modified":"2024-04-16T05:27:29","modified_gmt":"2024-04-16T07:27:29","slug":"xtreme-dpf-cleaner-dyzeliniam-sunkvezimiui","status":"publish","type":"product","link":"https:\/\/truckstyling.lt\/ru\/\u043f\u0440\u043e\u0434\u0443\u043a\u0442\/xtreme-dpf-cleaner-dyzeliniam-sunkvezimiui\/","title":{"rendered":"XTREME DPF CLEANER dyzeliniam sunkve\u017eimiui"},"content":{"rendered":"<p>Dyzelinio kuro priedas, skirtas visi\u0161kam ir greitam kiet\u0173j\u0173 daleli\u0173 filtro (DPF) regeneravimui.<\/p>\n<p>Labai efektyvi priemon\u0117 kiet\u0173j\u0173 daleli\u0173 filtro valymui nei\u0161ard\u017eius i\u0161metimo sistemos.<\/p>\n<p>Sud\u0117tyje yra degimo katalizatori\u0173, kurie u\u017etikrina lengv\u0105 degim\u0105 ir filtre susikaupusi\u0173 suod\u017ei\u0173 daleli\u0173 pa\u0161alinim\u0105. D\u0117l to filtras i\u0161valomas ir atkuriamas.<\/p>\n<p>Pakuot\u0117 0,5L XA 31027<\/p>\n","protected":false},"excerpt":{"rendered":"<p>Dyzelinio kuro priedas, skirtas visi\u0161kam ir greitam kiet\u0173j\u0173 daleli\u0173 filtro (DPF) regeneravimui. Labai efektyvi priemon\u0117 kiet\u0173j\u0173 daleli\u0173 filtro valymui nei\u0161ard\u017eius i\u0161metimo sistemos. Sud\u0117tyje yra degimo katalizatori\u0173, kurie u\u017etikrina lengv\u0105 degim\u0105 ir filtre susikaupusi\u0173 suod\u017ei\u0173 daleli\u0173 pa\u0161alinim\u0105. D\u0117l to filtras i\u0161valomas ir atkuriamas. Pakuot\u0117 0,5L XA 31027<\/p>\n","protected":false},"featured_media":16636,"comment_status":"open","ping_status":"closed","template":"","meta":{"_acf_changed":false,"inline_featured_image":false},"product_cat":[698],"product_tag":[],"class_list":{"0":"post-16630","1":"product","2":"type-product","3":"status-publish","4":"has-post-thumbnail","6":"product_cat-xado","8":"first","9":"instock","10":"taxable","11":"shipping-taxable","12":"purchasable","13":"product-type-simple"},"acf":[],"yoast_head":"<!-- This site is optimized with the Yoast SEO plugin v23.4 - https:\/\/yoast.com\/wordpress\/plugins\/seo\/ -->\n<title>XTREME DPF CLEANER dyzeliniam sunkve\u017eimiui - Truckstyling.lt<\/title>\n<meta name=\"description\" content=\"XADO kiet\u0173j\u0173 daleli\u0173 filtro priedas, skirtas visi\u0161kam ir greitam kiet\u0173j\u0173 daleli\u0173 filtro (DPF) regeneravimui.\" \/>\n<meta name=\"robots\" content=\"index, follow, max-snippet:-1, max-image-preview:large, max-video-preview:-1\" \/>\n<link rel=\"canonical\" href=\"https:\/\/truckstyling.lt\/ru\/\u043f\u0440\u043e\u0434\u0443\u043a\u0442\/xtreme-dpf-cleaner-dyzeliniam-sunkvezimiui\/\" \/>\n<meta property=\"og:locale\" content=\"ru_RU\" \/>\n<meta property=\"og:type\" content=\"article\" \/>\n<meta property=\"og:title\" content=\"XTREME DPF CLEANER dyzeliniam sunkve\u017eimiui - Truckstyling.lt\" \/>\n<meta property=\"og:description\" content=\"XADO kiet\u0173j\u0173 daleli\u0173 filtro priedas, skirtas visi\u0161kam ir greitam kiet\u0173j\u0173 daleli\u0173 filtro (DPF) regeneravimui.\" \/>\n<meta property=\"og:url\" content=\"https:\/\/truckstyling.lt\/ru\/\u043f\u0440\u043e\u0434\u0443\u043a\u0442\/xtreme-dpf-cleaner-dyzeliniam-sunkvezimiui\/\" \/>\n<meta property=\"og:site_name\" content=\"Truckstyling.lt\" \/>\n<meta property=\"article:publisher\" content=\"https:\/\/www.facebook.com\/truckstylinglt\" \/>\n<meta property=\"article:modified_time\" content=\"2024-04-16T07:27:29+00:00\" \/>\n<meta property=\"og:image\" content=\"https:\/\/truckstyling.lt\/wp-content\/uploads\/2024\/04\/XA31027.webp\" \/>\n\t<meta property=\"og:image:width\" content=\"400\" \/>\n\t<meta property=\"og:image:height\" content=\"400\" \/>\n\t<meta property=\"og:image:type\" content=\"image\/webp\" \/>\n<meta name=\"twitter:card\" content=\"summary_large_image\" \/>\n<meta name=\"twitter:label1\" content=\"\u041f\u0440\u0438\u043c\u0435\u0440\u043d\u043e\u0435 \u0432\u0440\u0435\u043c\u044f \u0434\u043b\u044f \u0447\u0442\u0435\u043d\u0438\u044f\" \/>\n\t<meta name=\"twitter:data1\" content=\"2 \u043c\u0438\u043d\u0443\u0442\u044b\" \/>\n<script type=\"application\/ld+json\" class=\"yoast-schema-graph\">{\"@context\":\"https:\/\/schema.org\",\"@graph\":[{\"@type\":\"WebPage\",\"@id\":\"https:\/\/truckstyling.lt\/ru\/\u043f\u0440\u043e\u0434\u0443\u043a\u0442\/xtreme-dpf-cleaner-dyzeliniam-sunkvezimiui\/\",\"url\":\"https:\/\/truckstyling.lt\/ru\/\u043f\u0440\u043e\u0434\u0443\u043a\u0442\/xtreme-dpf-cleaner-dyzeliniam-sunkvezimiui\/\",\"name\":\"XTREME DPF CLEANER dyzeliniam sunkve\u017eimiui - Truckstyling.lt\",\"isPartOf\":{\"@id\":\"https:\/\/truckstyling.lt\/#website\"},\"primaryImageOfPage\":{\"@id\":\"https:\/\/truckstyling.lt\/ru\/\u043f\u0440\u043e\u0434\u0443\u043a\u0442\/xtreme-dpf-cleaner-dyzeliniam-sunkvezimiui\/#primaryimage\"},\"image\":{\"@id\":\"https:\/\/truckstyling.lt\/ru\/\u043f\u0440\u043e\u0434\u0443\u043a\u0442\/xtreme-dpf-cleaner-dyzeliniam-sunkvezimiui\/#primaryimage\"},\"thumbnailUrl\":\"https:\/\/truckstyling.lt\/wp-content\/uploads\/2024\/04\/XA31027.webp\",\"datePublished\":\"2024-04-16T07:14:43+00:00\",\"dateModified\":\"2024-04-16T07:27:29+00:00\",\"description\":\"XADO kiet\u0173j\u0173 daleli\u0173 filtro priedas, skirtas visi\u0161kam ir greitam kiet\u0173j\u0173 daleli\u0173 filtro (DPF) regeneravimui.\",\"breadcrumb\":{\"@id\":\"https:\/\/truckstyling.lt\/ru\/\u043f\u0440\u043e\u0434\u0443\u043a\u0442\/xtreme-dpf-cleaner-dyzeliniam-sunkvezimiui\/#breadcrumb\"},\"inLanguage\":\"ru-RU\",\"potentialAction\":[{\"@type\":\"ReadAction\",\"target\":[\"https:\/\/truckstyling.lt\/ru\/\u043f\u0440\u043e\u0434\u0443\u043a\u0442\/xtreme-dpf-cleaner-dyzeliniam-sunkvezimiui\/\"]}]},{\"@type\":\"ImageObject\",\"inLanguage\":\"ru-RU\",\"@id\":\"https:\/\/truckstyling.lt\/ru\/\u043f\u0440\u043e\u0434\u0443\u043a\u0442\/xtreme-dpf-cleaner-dyzeliniam-sunkvezimiui\/#primaryimage\",\"url\":\"https:\/\/truckstyling.lt\/wp-content\/uploads\/2024\/04\/XA31027.webp\",\"contentUrl\":\"https:\/\/truckstyling.lt\/wp-content\/uploads\/2024\/04\/XA31027.webp\",\"width\":400,\"height\":400,\"caption\":\"XTREME DPF CLEANER FOR DIESEL TRUCK\"},{\"@type\":\"BreadcrumbList\",\"@id\":\"https:\/\/truckstyling.lt\/ru\/\u043f\u0440\u043e\u0434\u0443\u043a\u0442\/xtreme-dpf-cleaner-dyzeliniam-sunkvezimiui\/#breadcrumb\",\"itemListElement\":[{\"@type\":\"ListItem\",\"position\":1,\"name\":\"Home\",\"item\":\"https:\/\/truckstyling.lt\/ru\/\"},{\"@type\":\"ListItem\",\"position\":2,\"name\":\"\u041c\u0430\u0433\u0430\u0437\u0438\u043d\",\"item\":\"https:\/\/truckstyling.lt\/ru\/magazin\/\"},{\"@type\":\"ListItem\",\"position\":3,\"name\":\"XTREME DPF CLEANER dyzeliniam sunkve\u017eimiui\"}]},{\"@type\":\"WebSite\",\"@id\":\"https:\/\/truckstyling.lt\/#website\",\"url\":\"https:\/\/truckstyling.lt\/\",\"name\":\"Truckstyling.lt\",\"description\":\"Truckstyling.lt\",\"publisher\":{\"@id\":\"https:\/\/truckstyling.lt\/#organization\"},\"potentialAction\":[{\"@type\":\"SearchAction\",\"target\":{\"@type\":\"EntryPoint\",\"urlTemplate\":\"https:\/\/truckstyling.lt\/?s={search_term_string}\"},\"query-input\":{\"@type\":\"PropertyValueSpecification\",\"valueRequired\":true,\"valueName\":\"search_term_string\"}}],\"inLanguage\":\"ru-RU\"},{\"@type\":\"Organization\",\"@id\":\"https:\/\/truckstyling.lt\/#organization\",\"name\":\"Fitmenta\",\"url\":\"https:\/\/truckstyling.lt\/\",\"logo\":{\"@type\":\"ImageObject\",\"inLanguage\":\"ru-RU\",\"@id\":\"https:\/\/truckstyling.lt\/#\/schema\/logo\/image\/\",\"url\":\"https:\/\/truckstyling.lt\/wp-content\/uploads\/2021\/01\/fitmenta-logo-white.svg\",\"contentUrl\":\"https:\/\/truckstyling.lt\/wp-content\/uploads\/2021\/01\/fitmenta-logo-white.svg\",\"width\":201,\"height\":143,\"caption\":\"Fitmenta\"},\"image\":{\"@id\":\"https:\/\/truckstyling.lt\/#\/schema\/logo\/image\/\"},\"sameAs\":[\"https:\/\/www.facebook.com\/truckstylinglt\"]}]}<\/script>\n<!-- \/ Yoast SEO plugin. -->","yoast_head_json":{"title":"XTREME DPF CLEANER dyzeliniam sunkve\u017eimiui - Truckstyling.lt","description":"XADO kiet\u0173j\u0173 daleli\u0173 filtro priedas, skirtas visi\u0161kam ir greitam kiet\u0173j\u0173 daleli\u0173 filtro (DPF) regeneravimui.","robots":{"index":"index","follow":"follow","max-snippet":"max-snippet:-1","max-image-preview":"max-image-preview:large","max-video-preview":"max-video-preview:-1"},"canonical":"https:\/\/truckstyling.lt\/ru\/\u043f\u0440\u043e\u0434\u0443\u043a\u0442\/xtreme-dpf-cleaner-dyzeliniam-sunkvezimiui\/","og_locale":"ru_RU","og_type":"article","og_title":"XTREME DPF CLEANER dyzeliniam sunkve\u017eimiui - Truckstyling.lt","og_description":"XADO kiet\u0173j\u0173 daleli\u0173 filtro priedas, skirtas visi\u0161kam ir greitam kiet\u0173j\u0173 daleli\u0173 filtro (DPF) regeneravimui.","og_url":"https:\/\/truckstyling.lt\/ru\/\u043f\u0440\u043e\u0434\u0443\u043a\u0442\/xtreme-dpf-cleaner-dyzeliniam-sunkvezimiui\/","og_site_name":"Truckstyling.lt","article_publisher":"https:\/\/www.facebook.com\/truckstylinglt","article_modified_time":"2024-04-16T07:27:29+00:00","og_image":[{"width":400,"height":400,"url":"https:\/\/truckstyling.lt\/wp-content\/uploads\/2024\/04\/XA31027.webp","type":"image\/webp"}],"twitter_card":"summary_large_image","twitter_misc":{"\u041f\u0440\u0438\u043c\u0435\u0440\u043d\u043e\u0435 \u0432\u0440\u0435\u043c\u044f \u0434\u043b\u044f \u0447\u0442\u0435\u043d\u0438\u044f":"2 \u043c\u0438\u043d\u0443\u0442\u044b"},"schema":{"@context":"https:\/\/schema.org","@graph":[{"@type":"WebPage","@id":"https:\/\/truckstyling.lt\/ru\/\u043f\u0440\u043e\u0434\u0443\u043a\u0442\/xtreme-dpf-cleaner-dyzeliniam-sunkvezimiui\/","url":"https:\/\/truckstyling.lt\/ru\/\u043f\u0440\u043e\u0434\u0443\u043a\u0442\/xtreme-dpf-cleaner-dyzeliniam-sunkvezimiui\/","name":"XTREME DPF CLEANER dyzeliniam sunkve\u017eimiui - Truckstyling.lt","isPartOf":{"@id":"https:\/\/truckstyling.lt\/#website"},"primaryImageOfPage":{"@id":"https:\/\/truckstyling.lt\/ru\/\u043f\u0440\u043e\u0434\u0443\u043a\u0442\/xtreme-dpf-cleaner-dyzeliniam-sunkvezimiui\/#primaryimage"},"image":{"@id":"https:\/\/truckstyling.lt\/ru\/\u043f\u0440\u043e\u0434\u0443\u043a\u0442\/xtreme-dpf-cleaner-dyzeliniam-sunkvezimiui\/#primaryimage"},"thumbnailUrl":"https:\/\/truckstyling.lt\/wp-content\/uploads\/2024\/04\/XA31027.webp","datePublished":"2024-04-16T07:14:43+00:00","dateModified":"2024-04-16T07:27:29+00:00","description":"XADO kiet\u0173j\u0173 daleli\u0173 filtro priedas, skirtas visi\u0161kam ir greitam kiet\u0173j\u0173 daleli\u0173 filtro (DPF) regeneravimui.","breadcrumb":{"@id":"https:\/\/truckstyling.lt\/ru\/\u043f\u0440\u043e\u0434\u0443\u043a\u0442\/xtreme-dpf-cleaner-dyzeliniam-sunkvezimiui\/#breadcrumb"},"inLanguage":"ru-RU","potentialAction":[{"@type":"ReadAction","target":["https:\/\/truckstyling.lt\/ru\/\u043f\u0440\u043e\u0434\u0443\u043a\u0442\/xtreme-dpf-cleaner-dyzeliniam-sunkvezimiui\/"]}]},{"@type":"ImageObject","inLanguage":"ru-RU","@id":"https:\/\/truckstyling.lt\/ru\/\u043f\u0440\u043e\u0434\u0443\u043a\u0442\/xtreme-dpf-cleaner-dyzeliniam-sunkvezimiui\/#primaryimage","url":"https:\/\/truckstyling.lt\/wp-content\/uploads\/2024\/04\/XA31027.webp","contentUrl":"https:\/\/truckstyling.lt\/wp-content\/uploads\/2024\/04\/XA31027.webp","width":400,"height":400,"caption":"XTREME DPF CLEANER FOR DIESEL TRUCK"},{"@type":"BreadcrumbList","@id":"https:\/\/truckstyling.lt\/ru\/\u043f\u0440\u043e\u0434\u0443\u043a\u0442\/xtreme-dpf-cleaner-dyzeliniam-sunkvezimiui\/#breadcrumb","itemListElement":[{"@type":"ListItem","position":1,"name":"Home","item":"https:\/\/truckstyling.lt\/ru\/"},{"@type":"ListItem","position":2,"name":"\u041c\u0430\u0433\u0430\u0437\u0438\u043d","item":"https:\/\/truckstyling.lt\/ru\/magazin\/"},{"@type":"ListItem","position":3,"name":"XTREME DPF CLEANER dyzeliniam sunkve\u017eimiui"}]},{"@type":"WebSite","@id":"https:\/\/truckstyling.lt\/#website","url":"https:\/\/truckstyling.lt\/","name":"Truckstyling.lt","description":"Truckstyling.lt","publisher":{"@id":"https:\/\/truckstyling.lt\/#organization"},"potentialAction":[{"@type":"SearchAction","target":{"@type":"EntryPoint","urlTemplate":"https:\/\/truckstyling.lt\/?s={search_term_string}"},"query-input":{"@type":"PropertyValueSpecification","valueRequired":true,"valueName":"search_term_string"}}],"inLanguage":"ru-RU"},{"@type":"Organization","@id":"https:\/\/truckstyling.lt\/#organization","name":"Fitmenta","url":"https:\/\/truckstyling.lt\/","logo":{"@type":"ImageObject","inLanguage":"ru-RU","@id":"https:\/\/truckstyling.lt\/#\/schema\/logo\/image\/","url":"https:\/\/truckstyling.lt\/wp-content\/uploads\/2021\/01\/fitmenta-logo-white.svg","contentUrl":"https:\/\/truckstyling.lt\/wp-content\/uploads\/2021\/01\/fitmenta-logo-white.svg","width":201,"height":143,"caption":"Fitmenta"},"image":{"@id":"https:\/\/truckstyling.lt\/#\/schema\/logo\/image\/"},"sameAs":["https:\/\/www.facebook.com\/truckstylinglt"]}]}},"_links":{"self":[{"href":"https:\/\/truckstyling.lt\/ru\/wp-json\/wp\/v2\/product\/16630"}],"collection":[{"href":"https:\/\/truckstyling.lt\/ru\/wp-json\/wp\/v2\/product"}],"about":[{"href":"https:\/\/truckstyling.lt\/ru\/wp-json\/wp\/v2\/types\/product"}],"replies":[{"embeddable":true,"href":"https:\/\/truckstyling.lt\/ru\/wp-json\/wp\/v2\/comments?post=16630"}],"wp:featuredmedia":[{"embeddable":true,"href":"https:\/\/truckstyling.lt\/ru\/wp-json\/wp\/v2\/media\/16636"}],"wp:attachment":[{"href":"https:\/\/truckstyling.lt\/ru\/wp-json\/wp\/v2\/media?parent=16630"}],"wp:term":[{"taxonomy":"product_cat","embeddable":true,"href":"https:\/\/truckstyling.lt\/ru\/wp-json\/wp\/v2\/product_cat?post=16630"},{"taxonomy":"product_tag","embeddable":true,"href":"https:\/\/truckstyling.lt\/ru\/wp-json\/wp\/v2\/product_tag?post=16630"}],"curies":[{"name":"wp","href":"https:\/\/api.w.org\/{rel}","templated":true}]}}