{"id":16626,"date":"2024-04-15T10:48:08","date_gmt":"2024-04-15T12:48:08","guid":{"rendered":"https:\/\/truckstyling.lt\/produktas\/xtreme-flush-dyzeliniam-sunkvezimiui\/"},"modified":"2024-04-15T10:48:08","modified_gmt":"2024-04-15T12:48:08","slug":"xtreme-flush-dyzeliniam-sunkvezimiui","status":"publish","type":"product","link":"https:\/\/truckstyling.lt\/ru\/\u043f\u0440\u043e\u0434\u0443\u043a\u0442\/xtreme-flush-dyzeliniam-sunkvezimiui\/","title":{"rendered":"XTREME FLUSH dyzeliniam sunkve\u017eimiui"},"content":{"rendered":"<p>Xtreme Flush for Diesel Truck kompleksinis sunkiasvori\u0173 automobili\u0173 alyvos sistemos valiklis, turintis st\u016bmoklio \u017eied\u0173 i\u0161koksavimo poveik\u012f. Sud\u0117tyje yra Revitalizanto.<\/p>\n<ul>\n<li>Kruop\u0161\u010diai i\u0161valo variklio alyvos sistem\u0105<\/li>\n<li>Pa\u0161alina nuos\u0117das ir suod\u017eius<\/li>\n<li>Didina st\u016bmoklio \u017eied\u0173 paslankum\u0105<\/li>\n<li>Sud\u0117tyje esantis Revitalizantas\u00ae saugo varikl\u012f<\/li>\n<\/ul>\n<p>\u0160i priemon\u0117 yra variklin\u0117s alyvos priedas, skirtas sunkiasvori\u0173 automobili\u0173 varikli\u0173 alyvos sistemos valymui. Priedo sud\u0117tyje yra veiksmingi plaunamieji komponentai ir Revitalizantas\u00ae. Plaunam\u0173j\u0173 komponent\u0173 d\u0117ka priedas lengvai pa\u0161alina vis\u0173 tip\u0173 ne\u0161varumus ir puikiai i\u0161valo alyvos sistem\u0105; i\u0161 grioveli\u0173 pa\u0161alina suangl\u0117jusias nuos\u0117das ir atstato st\u016bmoklio \u017eied\u0173 paslankum\u0105. Veikiant priedui Revitalizantas\u00ae alyvos sistemoje ant variklio detali\u0173 sieneli\u0173 sukuria apsaugin\u012f sluoksn\u012f, saugant\u012f nuo dilimo.<\/p>\n<h3>Naudojimas:<\/h3>\n<p>Supilti priemon\u0119 \u012f alyvos sistem\u0105, varikl\u012f su\u0161ild\u017eius iki darbin\u0117s temperat\u016bros.<\/p>\n<p>Jei variklis labai ne\u0161varus ir siekiant i\u0161 esm\u0117s i\u0161valyti alyvos sistem\u0105 bei i\u0161koksuoti \u017eiedus, reikia va\u017eiuoti \u012fprastu re\u017eimu 150\u2013200 km.<\/p>\n<p>Naudojant reguliariai: palikti varikl\u012f veikti tu\u0161\u010di\u0105ja eiga 10-15 min. arba nuva\u017eiuoti 20 km.<\/p>\n<p>Pakeisti alyv\u0105.<\/p>\n<h3>Pastabos:<\/h3>\n<p>Pried\u0105 galima naudoti su visomis variklin\u0117s alyvos r\u016b\u0161imis, nekenkia turboprip\u016btimo agregatams.<\/p>\n<p>Rekomenduojama naudoti reguliariai \u2013 kas kart\u0105 kei\u010diant alyv\u0105. Intensyv\u0173 valym\u0105 rekomenduoja atlikti pirm\u0105 kart\u0105 naudojant priemon\u0119, nesilaikant alyvos keitimo interval\u0173, perkaitus varikliui, naudojant nekokybi\u0161kus degalus.<\/p>\n<h3>Dozavimas:<\/h3>\n<p>500 ml priemon\u0117s 35-45 l. vatriklin\u0117s alyvos.<\/p>\n<h3>Pakuot\u0117:<\/h3>\n<p>Skardin\u0117 500 ml.<\/p>\n","protected":false},"excerpt":{"rendered":"<p>Xtreme Flush for Diesel Truck kompleksinis sunkiasvori\u0173 automobili\u0173 alyvos sistemos valiklis, turintis st\u016bmoklio \u017eied\u0173 i\u0161koksavimo poveik\u012f. Sud\u0117tyje yra Revitalizanto. Kruop\u0161\u010diai i\u0161valo variklio alyvos sistem\u0105 Pa\u0161alina nuos\u0117das ir suod\u017eius Didina st\u016bmoklio \u017eied\u0173 paslankum\u0105 Sud\u0117tyje esantis Revitalizantas\u00ae saugo varikl\u012f \u0160i priemon\u0117 yra variklin\u0117s alyvos priedas, skirtas sunkiasvori\u0173 automobili\u0173 varikli\u0173 alyvos sistemos valymui. Priedo sud\u0117tyje yra veiksmingi plaunamieji [&hellip;]<\/p>\n","protected":false},"featured_media":16623,"comment_status":"open","ping_status":"closed","template":"","meta":{"_acf_changed":false,"inline_featured_image":false},"product_cat":[698],"product_tag":[],"class_list":{"0":"post-16626","1":"product","2":"type-product","3":"status-publish","4":"has-post-thumbnail","6":"product_cat-xado","8":"first","9":"onbackorder","10":"taxable","11":"shipping-taxable","12":"purchasable","13":"product-type-simple"},"acf":[],"yoast_head":"<!-- This site is optimized with the Yoast SEO plugin v23.4 - https:\/\/yoast.com\/wordpress\/plugins\/seo\/ -->\n<title>XTREME FLUSH dyzeliniam sunkve\u017eimiui - Truckstyling.lt<\/title>\n<meta name=\"robots\" content=\"index, follow, max-snippet:-1, max-image-preview:large, max-video-preview:-1\" \/>\n<link rel=\"canonical\" href=\"https:\/\/truckstyling.lt\/ru\/\u043f\u0440\u043e\u0434\u0443\u043a\u0442\/xtreme-flush-dyzeliniam-sunkvezimiui\/\" \/>\n<meta property=\"og:locale\" content=\"ru_RU\" \/>\n<meta property=\"og:type\" content=\"article\" \/>\n<meta property=\"og:title\" content=\"XTREME FLUSH dyzeliniam sunkve\u017eimiui - Truckstyling.lt\" \/>\n<meta property=\"og:description\" content=\"Xtreme Flush for Diesel Truck kompleksinis sunkiasvori\u0173 automobili\u0173 alyvos sistemos valiklis, turintis st\u016bmoklio \u017eied\u0173 i\u0161koksavimo poveik\u012f. Sud\u0117tyje yra Revitalizanto. Kruop\u0161\u010diai i\u0161valo variklio alyvos sistem\u0105 Pa\u0161alina nuos\u0117das ir suod\u017eius Didina st\u016bmoklio \u017eied\u0173 paslankum\u0105 Sud\u0117tyje esantis Revitalizantas\u00ae saugo varikl\u012f \u0160i priemon\u0117 yra variklin\u0117s alyvos priedas, skirtas sunkiasvori\u0173 automobili\u0173 varikli\u0173 alyvos sistemos valymui. Priedo sud\u0117tyje yra veiksmingi plaunamieji [&hellip;]\" \/>\n<meta property=\"og:url\" content=\"https:\/\/truckstyling.lt\/ru\/\u043f\u0440\u043e\u0434\u0443\u043a\u0442\/xtreme-flush-dyzeliniam-sunkvezimiui\/\" \/>\n<meta property=\"og:site_name\" content=\"Truckstyling.lt\" \/>\n<meta property=\"article:publisher\" content=\"https:\/\/www.facebook.com\/truckstylinglt\" \/>\n<meta name=\"twitter:card\" content=\"summary_large_image\" \/>\n<meta name=\"twitter:label1\" content=\"\u041f\u0440\u0438\u043c\u0435\u0440\u043d\u043e\u0435 \u0432\u0440\u0435\u043c\u044f \u0434\u043b\u044f \u0447\u0442\u0435\u043d\u0438\u044f\" \/>\n\t<meta name=\"twitter:data1\" content=\"1 \u043c\u0438\u043d\u0443\u0442\u0430\" \/>\n<script type=\"application\/ld+json\" class=\"yoast-schema-graph\">{\"@context\":\"https:\/\/schema.org\",\"@graph\":[{\"@type\":\"WebPage\",\"@id\":\"https:\/\/truckstyling.lt\/ru\/\u043f\u0440\u043e\u0434\u0443\u043a\u0442\/xtreme-flush-dyzeliniam-sunkvezimiui\/\",\"url\":\"https:\/\/truckstyling.lt\/ru\/\u043f\u0440\u043e\u0434\u0443\u043a\u0442\/xtreme-flush-dyzeliniam-sunkvezimiui\/\",\"name\":\"XTREME FLUSH dyzeliniam sunkve\u017eimiui - Truckstyling.lt\",\"isPartOf\":{\"@id\":\"https:\/\/truckstyling.lt\/#website\"},\"primaryImageOfPage\":{\"@id\":\"https:\/\/truckstyling.lt\/ru\/\u043f\u0440\u043e\u0434\u0443\u043a\u0442\/xtreme-flush-dyzeliniam-sunkvezimiui\/#primaryimage\"},\"image\":{\"@id\":\"https:\/\/truckstyling.lt\/ru\/\u043f\u0440\u043e\u0434\u0443\u043a\u0442\/xtreme-flush-dyzeliniam-sunkvezimiui\/#primaryimage\"},\"thumbnailUrl\":\"https:\/\/truckstyling.lt\/wp-content\/uploads\/2024\/04\/500_x_flush_complex.webp\",\"datePublished\":\"2024-04-15T12:48:08+00:00\",\"dateModified\":\"2024-04-15T12:48:08+00:00\",\"breadcrumb\":{\"@id\":\"https:\/\/truckstyling.lt\/ru\/\u043f\u0440\u043e\u0434\u0443\u043a\u0442\/xtreme-flush-dyzeliniam-sunkvezimiui\/#breadcrumb\"},\"inLanguage\":\"ru-RU\",\"potentialAction\":[{\"@type\":\"ReadAction\",\"target\":[\"https:\/\/truckstyling.lt\/ru\/\u043f\u0440\u043e\u0434\u0443\u043a\u0442\/xtreme-flush-dyzeliniam-sunkvezimiui\/\"]}]},{\"@type\":\"ImageObject\",\"inLanguage\":\"ru-RU\",\"@id\":\"https:\/\/truckstyling.lt\/ru\/\u043f\u0440\u043e\u0434\u0443\u043a\u0442\/xtreme-flush-dyzeliniam-sunkvezimiui\/#primaryimage\",\"url\":\"https:\/\/truckstyling.lt\/wp-content\/uploads\/2024\/04\/500_x_flush_complex.webp\",\"contentUrl\":\"https:\/\/truckstyling.lt\/wp-content\/uploads\/2024\/04\/500_x_flush_complex.webp\",\"width\":1200,\"height\":1200,\"caption\":\"XADO XTREME FLUSH\"},{\"@type\":\"BreadcrumbList\",\"@id\":\"https:\/\/truckstyling.lt\/ru\/\u043f\u0440\u043e\u0434\u0443\u043a\u0442\/xtreme-flush-dyzeliniam-sunkvezimiui\/#breadcrumb\",\"itemListElement\":[{\"@type\":\"ListItem\",\"position\":1,\"name\":\"Home\",\"item\":\"https:\/\/truckstyling.lt\/ru\/\"},{\"@type\":\"ListItem\",\"position\":2,\"name\":\"\u041c\u0430\u0433\u0430\u0437\u0438\u043d\",\"item\":\"https:\/\/truckstyling.lt\/ru\/magazin\/\"},{\"@type\":\"ListItem\",\"position\":3,\"name\":\"XTREME FLUSH dyzeliniam sunkve\u017eimiui\"}]},{\"@type\":\"WebSite\",\"@id\":\"https:\/\/truckstyling.lt\/#website\",\"url\":\"https:\/\/truckstyling.lt\/\",\"name\":\"Truckstyling.lt\",\"description\":\"Truckstyling.lt\",\"publisher\":{\"@id\":\"https:\/\/truckstyling.lt\/#organization\"},\"potentialAction\":[{\"@type\":\"SearchAction\",\"target\":{\"@type\":\"EntryPoint\",\"urlTemplate\":\"https:\/\/truckstyling.lt\/?s={search_term_string}\"},\"query-input\":{\"@type\":\"PropertyValueSpecification\",\"valueRequired\":true,\"valueName\":\"search_term_string\"}}],\"inLanguage\":\"ru-RU\"},{\"@type\":\"Organization\",\"@id\":\"https:\/\/truckstyling.lt\/#organization\",\"name\":\"Fitmenta\",\"url\":\"https:\/\/truckstyling.lt\/\",\"logo\":{\"@type\":\"ImageObject\",\"inLanguage\":\"ru-RU\",\"@id\":\"https:\/\/truckstyling.lt\/#\/schema\/logo\/image\/\",\"url\":\"https:\/\/truckstyling.lt\/wp-content\/uploads\/2021\/01\/fitmenta-logo-white.svg\",\"contentUrl\":\"https:\/\/truckstyling.lt\/wp-content\/uploads\/2021\/01\/fitmenta-logo-white.svg\",\"width\":201,\"height\":143,\"caption\":\"Fitmenta\"},\"image\":{\"@id\":\"https:\/\/truckstyling.lt\/#\/schema\/logo\/image\/\"},\"sameAs\":[\"https:\/\/www.facebook.com\/truckstylinglt\"]}]}<\/script>\n<!-- \/ Yoast SEO plugin. -->","yoast_head_json":{"title":"XTREME FLUSH dyzeliniam sunkve\u017eimiui - Truckstyling.lt","robots":{"index":"index","follow":"follow","max-snippet":"max-snippet:-1","max-image-preview":"max-image-preview:large","max-video-preview":"max-video-preview:-1"},"canonical":"https:\/\/truckstyling.lt\/ru\/\u043f\u0440\u043e\u0434\u0443\u043a\u0442\/xtreme-flush-dyzeliniam-sunkvezimiui\/","og_locale":"ru_RU","og_type":"article","og_title":"XTREME FLUSH dyzeliniam sunkve\u017eimiui - Truckstyling.lt","og_description":"Xtreme Flush for Diesel Truck kompleksinis sunkiasvori\u0173 automobili\u0173 alyvos sistemos valiklis, turintis st\u016bmoklio \u017eied\u0173 i\u0161koksavimo poveik\u012f. Sud\u0117tyje yra Revitalizanto. Kruop\u0161\u010diai i\u0161valo variklio alyvos sistem\u0105 Pa\u0161alina nuos\u0117das ir suod\u017eius Didina st\u016bmoklio \u017eied\u0173 paslankum\u0105 Sud\u0117tyje esantis Revitalizantas\u00ae saugo varikl\u012f \u0160i priemon\u0117 yra variklin\u0117s alyvos priedas, skirtas sunkiasvori\u0173 automobili\u0173 varikli\u0173 alyvos sistemos valymui. Priedo sud\u0117tyje yra veiksmingi plaunamieji [&hellip;]","og_url":"https:\/\/truckstyling.lt\/ru\/\u043f\u0440\u043e\u0434\u0443\u043a\u0442\/xtreme-flush-dyzeliniam-sunkvezimiui\/","og_site_name":"Truckstyling.lt","article_publisher":"https:\/\/www.facebook.com\/truckstylinglt","twitter_card":"summary_large_image","twitter_misc":{"\u041f\u0440\u0438\u043c\u0435\u0440\u043d\u043e\u0435 \u0432\u0440\u0435\u043c\u044f \u0434\u043b\u044f \u0447\u0442\u0435\u043d\u0438\u044f":"1 \u043c\u0438\u043d\u0443\u0442\u0430"},"schema":{"@context":"https:\/\/schema.org","@graph":[{"@type":"WebPage","@id":"https:\/\/truckstyling.lt\/ru\/\u043f\u0440\u043e\u0434\u0443\u043a\u0442\/xtreme-flush-dyzeliniam-sunkvezimiui\/","url":"https:\/\/truckstyling.lt\/ru\/\u043f\u0440\u043e\u0434\u0443\u043a\u0442\/xtreme-flush-dyzeliniam-sunkvezimiui\/","name":"XTREME FLUSH dyzeliniam sunkve\u017eimiui - Truckstyling.lt","isPartOf":{"@id":"https:\/\/truckstyling.lt\/#website"},"primaryImageOfPage":{"@id":"https:\/\/truckstyling.lt\/ru\/\u043f\u0440\u043e\u0434\u0443\u043a\u0442\/xtreme-flush-dyzeliniam-sunkvezimiui\/#primaryimage"},"image":{"@id":"https:\/\/truckstyling.lt\/ru\/\u043f\u0440\u043e\u0434\u0443\u043a\u0442\/xtreme-flush-dyzeliniam-sunkvezimiui\/#primaryimage"},"thumbnailUrl":"https:\/\/truckstyling.lt\/wp-content\/uploads\/2024\/04\/500_x_flush_complex.webp","datePublished":"2024-04-15T12:48:08+00:00","dateModified":"2024-04-15T12:48:08+00:00","breadcrumb":{"@id":"https:\/\/truckstyling.lt\/ru\/\u043f\u0440\u043e\u0434\u0443\u043a\u0442\/xtreme-flush-dyzeliniam-sunkvezimiui\/#breadcrumb"},"inLanguage":"ru-RU","potentialAction":[{"@type":"ReadAction","target":["https:\/\/truckstyling.lt\/ru\/\u043f\u0440\u043e\u0434\u0443\u043a\u0442\/xtreme-flush-dyzeliniam-sunkvezimiui\/"]}]},{"@type":"ImageObject","inLanguage":"ru-RU","@id":"https:\/\/truckstyling.lt\/ru\/\u043f\u0440\u043e\u0434\u0443\u043a\u0442\/xtreme-flush-dyzeliniam-sunkvezimiui\/#primaryimage","url":"https:\/\/truckstyling.lt\/wp-content\/uploads\/2024\/04\/500_x_flush_complex.webp","contentUrl":"https:\/\/truckstyling.lt\/wp-content\/uploads\/2024\/04\/500_x_flush_complex.webp","width":1200,"height":1200,"caption":"XADO XTREME FLUSH"},{"@type":"BreadcrumbList","@id":"https:\/\/truckstyling.lt\/ru\/\u043f\u0440\u043e\u0434\u0443\u043a\u0442\/xtreme-flush-dyzeliniam-sunkvezimiui\/#breadcrumb","itemListElement":[{"@type":"ListItem","position":1,"name":"Home","item":"https:\/\/truckstyling.lt\/ru\/"},{"@type":"ListItem","position":2,"name":"\u041c\u0430\u0433\u0430\u0437\u0438\u043d","item":"https:\/\/truckstyling.lt\/ru\/magazin\/"},{"@type":"ListItem","position":3,"name":"XTREME FLUSH dyzeliniam sunkve\u017eimiui"}]},{"@type":"WebSite","@id":"https:\/\/truckstyling.lt\/#website","url":"https:\/\/truckstyling.lt\/","name":"Truckstyling.lt","description":"Truckstyling.lt","publisher":{"@id":"https:\/\/truckstyling.lt\/#organization"},"potentialAction":[{"@type":"SearchAction","target":{"@type":"EntryPoint","urlTemplate":"https:\/\/truckstyling.lt\/?s={search_term_string}"},"query-input":{"@type":"PropertyValueSpecification","valueRequired":true,"valueName":"search_term_string"}}],"inLanguage":"ru-RU"},{"@type":"Organization","@id":"https:\/\/truckstyling.lt\/#organization","name":"Fitmenta","url":"https:\/\/truckstyling.lt\/","logo":{"@type":"ImageObject","inLanguage":"ru-RU","@id":"https:\/\/truckstyling.lt\/#\/schema\/logo\/image\/","url":"https:\/\/truckstyling.lt\/wp-content\/uploads\/2021\/01\/fitmenta-logo-white.svg","contentUrl":"https:\/\/truckstyling.lt\/wp-content\/uploads\/2021\/01\/fitmenta-logo-white.svg","width":201,"height":143,"caption":"Fitmenta"},"image":{"@id":"https:\/\/truckstyling.lt\/#\/schema\/logo\/image\/"},"sameAs":["https:\/\/www.facebook.com\/truckstylinglt"]}]}},"_links":{"self":[{"href":"https:\/\/truckstyling.lt\/ru\/wp-json\/wp\/v2\/product\/16626"}],"collection":[{"href":"https:\/\/truckstyling.lt\/ru\/wp-json\/wp\/v2\/product"}],"about":[{"href":"https:\/\/truckstyling.lt\/ru\/wp-json\/wp\/v2\/types\/product"}],"replies":[{"embeddable":true,"href":"https:\/\/truckstyling.lt\/ru\/wp-json\/wp\/v2\/comments?post=16626"}],"wp:featuredmedia":[{"embeddable":true,"href":"https:\/\/truckstyling.lt\/ru\/wp-json\/wp\/v2\/media\/16623"}],"wp:attachment":[{"href":"https:\/\/truckstyling.lt\/ru\/wp-json\/wp\/v2\/media?parent=16626"}],"wp:term":[{"taxonomy":"product_cat","embeddable":true,"href":"https:\/\/truckstyling.lt\/ru\/wp-json\/wp\/v2\/product_cat?post=16626"},{"taxonomy":"product_tag","embeddable":true,"href":"https:\/\/truckstyling.lt\/ru\/wp-json\/wp\/v2\/product_tag?post=16626"}],"curies":[{"name":"wp","href":"https:\/\/api.w.org\/{rel}","templated":true}]}}