{"id":16695,"date":"2024-04-24T10:18:18","date_gmt":"2024-04-24T12:18:18","guid":{"rendered":"https:\/\/truckstyling.lt\/?post_type=product&#038;p=16695"},"modified":"2024-04-24T11:08:14","modified_gmt":"2024-04-24T13:08:14","slug":"xado-atomic-metal-conditioner-xado-maximum-manual-transmission-for-diesel-truck-kopija-2","status":"publish","type":"product","link":"https:\/\/truckstyling.lt\/en\/product\/xado-atomic-metal-conditioner-xado-maximum-manual-transmission-for-diesel-truck-kopija-2\/","title":{"rendered":"XADO ATOMIC METAL CONDITIONER MAXIMUM DIESEL TRUCK FOR AUTOMATIC TRANSMISSION"},"content":{"rendered":"<h3><iframe loading=\"lazy\" src=\"\/\/www.youtube.com\/embed\/B2PVpP7X5cI?ab_channel=XADOLT\" width=\"560\" height=\"314\" allowfullscreen=\"allowfullscreen\"><\/iframe><\/h3>\n<h3>THE PRODUCT IS DESIGNED FOR RESTORATION, REPAIR AND ANTIWEAR PROTECTION OF ASSEMBLIES OF MECHANICAL TRANSMISSIONS<\/h3>\n<p>It forms a ceramic-metal coating on the surfaces of gear wheels, shafts, bearings, synchronizers etc. As a result, the geometry of parts is restored.<\/p>\n<p>The product is applied universally for the treatment of mechanical, robotized and sequential gearboxes including Direct Shift gearboxes, transfer cases and axles (differentials). Owing to the two-component formula atomic metal conditioner Maximum Transmission for Diesel Truck provides an extra level of antiwear protection. It possesses an extended potential for worn surface restoration. The product forms a ceramic-metal coating with a long-term regenerative potential.<\/p>\n<p>One syringe (50 ml) is enough for the treatment of a transmission assembly with an oil system capacity of 10\u201325 L.<\/p>\n<ul>\n<li>Eliminates blowholes and scratches on the operation surfaces<\/li>\n<li>Optimizes contact patterns in gear engagement<\/li>\n<li>Reduces the level of noise and vibrations of assemblies by 10 times<\/li>\n<li>Increases the accuracy of gear shifting<\/li>\n<li>Improves the operation of synchronizers<\/li>\n<li>Considerably reduces fuel consumption<\/li>\n<li>Ensures extended period of transmission assemblies operation up to 600 miles in case of catastrophic oil loss<\/li>\n<\/ul>\n<h3>APPLICATION<\/h3>\n<p>Introduce the contents of the syringe into the oil filler neck of the gearbox, transfer case or axle gearbox warmed up to the operating temperature.<\/p>\n<h3>NOTE<\/h3>\n<p>A typical sign of the revitalization process beginning is the reduction of noise in the mechanism operation from the first miles of run. The compound is compatible with all types of motor oils for mechanical transmission assemblies. Revitalization takes place during 600\u20131,000 miles of run. It is not recommended to change oil during this period. Repeated application is recommended after the mechanism has been in operation for 60,000 miles of run.<\/p>\n<h3>DOSAGE<\/h3>\n<p>One syringe (50 ml) is enough for the treatment of a transmission assembly with the oil system capacity of 10\u201325 L.<\/p>\n","protected":false},"excerpt":{"rendered":"<p>THE PRODUCT IS DESIGNED FOR RESTORATION, REPAIR AND ANTIWEAR PROTECTION OF ASSEMBLIES OF MECHANICAL TRANSMISSIONS It forms a ceramic-metal coating on the surfaces of gear wheels, shafts, bearings, synchronizers etc. As a result, the geometry of parts is restored. The product is applied universally for the treatment of mechanical, robotized and sequential gearboxes including Direct [&hellip;]<\/p>\n","protected":false},"featured_media":16698,"comment_status":"open","ping_status":"closed","template":"","meta":{"_acf_changed":false,"inline_featured_image":false},"product_cat":[697],"product_tag":[],"class_list":{"0":"post-16695","1":"product","2":"type-product","3":"status-publish","4":"has-post-thumbnail","6":"product_cat-xado","8":"first","9":"instock","10":"sale","11":"taxable","12":"shipping-taxable","13":"purchasable","14":"product-type-simple"},"acf":[],"yoast_head":"<!-- This site is optimized with the Yoast SEO plugin v23.4 - https:\/\/yoast.com\/wordpress\/plugins\/seo\/ -->\n<title>XADO ATOMIC METAL CONDITIONER MAXIMUM DIESEL TRUCK FOR AUTOMATIC TRANSMISSION - Truckstyling.lt<\/title>\n<meta name=\"description\" content=\"THE PRODUCT IS DESIGNED FOR RESTORATION, REPAIR AND ANTIWEAR PROTECTION OF ASSEMBLIES OF MECHANICAL TRANSMISSIONS\" \/>\n<meta name=\"robots\" content=\"index, follow, max-snippet:-1, max-image-preview:large, max-video-preview:-1\" \/>\n<link rel=\"canonical\" href=\"https:\/\/truckstyling.lt\/en\/product\/xado-atomic-metal-conditioner-xado-maximum-manual-transmission-for-diesel-truck-kopija-2\/\" \/>\n<meta property=\"og:locale\" content=\"en_US\" \/>\n<meta property=\"og:type\" content=\"article\" \/>\n<meta property=\"og:title\" content=\"XADO ATOMIC METAL CONDITIONER MAXIMUM DIESEL TRUCK FOR AUTOMATIC TRANSMISSION - Truckstyling.lt\" \/>\n<meta property=\"og:description\" content=\"THE PRODUCT IS DESIGNED FOR RESTORATION, REPAIR AND ANTIWEAR PROTECTION OF ASSEMBLIES OF MECHANICAL TRANSMISSIONS\" \/>\n<meta property=\"og:url\" content=\"https:\/\/truckstyling.lt\/en\/product\/xado-atomic-metal-conditioner-xado-maximum-manual-transmission-for-diesel-truck-kopija-2\/\" \/>\n<meta property=\"og:site_name\" content=\"Truckstyling.lt\" \/>\n<meta property=\"article:publisher\" content=\"https:\/\/www.facebook.com\/truckstylinglt\" \/>\n<meta property=\"article:modified_time\" content=\"2024-04-24T13:08:14+00:00\" \/>\n<meta property=\"og:image\" content=\"https:\/\/truckstyling.lt\/wp-content\/uploads\/2024\/04\/XADO-MAXIMUM-for-automatic-transmission_p.jpg\" \/>\n\t<meta property=\"og:image:width\" content=\"400\" \/>\n\t<meta property=\"og:image:height\" content=\"400\" \/>\n\t<meta property=\"og:image:type\" content=\"image\/jpeg\" \/>\n<meta name=\"twitter:card\" content=\"summary_large_image\" \/>\n<meta name=\"twitter:label1\" content=\"Est. reading time\" \/>\n\t<meta name=\"twitter:data1\" content=\"2 minutes\" \/>\n<script type=\"application\/ld+json\" class=\"yoast-schema-graph\">{\"@context\":\"https:\/\/schema.org\",\"@graph\":[{\"@type\":\"WebPage\",\"@id\":\"https:\/\/truckstyling.lt\/en\/product\/xado-atomic-metal-conditioner-xado-maximum-manual-transmission-for-diesel-truck-kopija-2\/\",\"url\":\"https:\/\/truckstyling.lt\/en\/product\/xado-atomic-metal-conditioner-xado-maximum-manual-transmission-for-diesel-truck-kopija-2\/\",\"name\":\"XADO ATOMIC METAL CONDITIONER MAXIMUM DIESEL TRUCK FOR AUTOMATIC TRANSMISSION - Truckstyling.lt\",\"isPartOf\":{\"@id\":\"https:\/\/truckstyling.lt\/#website\"},\"primaryImageOfPage\":{\"@id\":\"https:\/\/truckstyling.lt\/en\/product\/xado-atomic-metal-conditioner-xado-maximum-manual-transmission-for-diesel-truck-kopija-2\/#primaryimage\"},\"image\":{\"@id\":\"https:\/\/truckstyling.lt\/en\/product\/xado-atomic-metal-conditioner-xado-maximum-manual-transmission-for-diesel-truck-kopija-2\/#primaryimage\"},\"thumbnailUrl\":\"https:\/\/truckstyling.lt\/wp-content\/uploads\/2024\/04\/XADO-MAXIMUM-for-automatic-transmission_p.jpg\",\"datePublished\":\"2024-04-24T12:18:18+00:00\",\"dateModified\":\"2024-04-24T13:08:14+00:00\",\"description\":\"THE PRODUCT IS DESIGNED FOR RESTORATION, REPAIR AND ANTIWEAR PROTECTION OF ASSEMBLIES OF MECHANICAL TRANSMISSIONS\",\"breadcrumb\":{\"@id\":\"https:\/\/truckstyling.lt\/en\/product\/xado-atomic-metal-conditioner-xado-maximum-manual-transmission-for-diesel-truck-kopija-2\/#breadcrumb\"},\"inLanguage\":\"en-US\",\"potentialAction\":[{\"@type\":\"ReadAction\",\"target\":[\"https:\/\/truckstyling.lt\/en\/product\/xado-atomic-metal-conditioner-xado-maximum-manual-transmission-for-diesel-truck-kopija-2\/\"]}]},{\"@type\":\"ImageObject\",\"inLanguage\":\"en-US\",\"@id\":\"https:\/\/truckstyling.lt\/en\/product\/xado-atomic-metal-conditioner-xado-maximum-manual-transmission-for-diesel-truck-kopija-2\/#primaryimage\",\"url\":\"https:\/\/truckstyling.lt\/wp-content\/uploads\/2024\/04\/XADO-MAXIMUM-for-automatic-transmission_p.jpg\",\"contentUrl\":\"https:\/\/truckstyling.lt\/wp-content\/uploads\/2024\/04\/XADO-MAXIMUM-for-automatic-transmission_p.jpg\",\"width\":400,\"height\":400,\"caption\":\"XADO MAXIMUM AUTOMATIN\u0116MS PAVAR\u0172 D\u0116\u017d\u0116MS\"},{\"@type\":\"BreadcrumbList\",\"@id\":\"https:\/\/truckstyling.lt\/en\/product\/xado-atomic-metal-conditioner-xado-maximum-manual-transmission-for-diesel-truck-kopija-2\/#breadcrumb\",\"itemListElement\":[{\"@type\":\"ListItem\",\"position\":1,\"name\":\"Home\",\"item\":\"https:\/\/truckstyling.lt\/en\/\"},{\"@type\":\"ListItem\",\"position\":2,\"name\":\"Shop\",\"item\":\"https:\/\/truckstyling.lt\/en\/shop\/\"},{\"@type\":\"ListItem\",\"position\":3,\"name\":\"XADO ATOMIC METAL CONDITIONER MAXIMUM DIESEL TRUCK FOR AUTOMATIC TRANSMISSION\"}]},{\"@type\":\"WebSite\",\"@id\":\"https:\/\/truckstyling.lt\/#website\",\"url\":\"https:\/\/truckstyling.lt\/\",\"name\":\"Truckstyling.lt\",\"description\":\"Truckstyling.lt\",\"publisher\":{\"@id\":\"https:\/\/truckstyling.lt\/#organization\"},\"potentialAction\":[{\"@type\":\"SearchAction\",\"target\":{\"@type\":\"EntryPoint\",\"urlTemplate\":\"https:\/\/truckstyling.lt\/?s={search_term_string}\"},\"query-input\":{\"@type\":\"PropertyValueSpecification\",\"valueRequired\":true,\"valueName\":\"search_term_string\"}}],\"inLanguage\":\"en-US\"},{\"@type\":\"Organization\",\"@id\":\"https:\/\/truckstyling.lt\/#organization\",\"name\":\"Fitmenta\",\"url\":\"https:\/\/truckstyling.lt\/\",\"logo\":{\"@type\":\"ImageObject\",\"inLanguage\":\"en-US\",\"@id\":\"https:\/\/truckstyling.lt\/#\/schema\/logo\/image\/\",\"url\":\"https:\/\/truckstyling.lt\/wp-content\/uploads\/2021\/01\/fitmenta-logo-white.svg\",\"contentUrl\":\"https:\/\/truckstyling.lt\/wp-content\/uploads\/2021\/01\/fitmenta-logo-white.svg\",\"width\":201,\"height\":143,\"caption\":\"Fitmenta\"},\"image\":{\"@id\":\"https:\/\/truckstyling.lt\/#\/schema\/logo\/image\/\"},\"sameAs\":[\"https:\/\/www.facebook.com\/truckstylinglt\"]}]}<\/script>\n<!-- \/ Yoast SEO plugin. -->","yoast_head_json":{"title":"XADO ATOMIC METAL CONDITIONER MAXIMUM DIESEL TRUCK FOR AUTOMATIC TRANSMISSION - Truckstyling.lt","description":"THE PRODUCT IS DESIGNED FOR RESTORATION, REPAIR AND ANTIWEAR PROTECTION OF ASSEMBLIES OF MECHANICAL TRANSMISSIONS","robots":{"index":"index","follow":"follow","max-snippet":"max-snippet:-1","max-image-preview":"max-image-preview:large","max-video-preview":"max-video-preview:-1"},"canonical":"https:\/\/truckstyling.lt\/en\/product\/xado-atomic-metal-conditioner-xado-maximum-manual-transmission-for-diesel-truck-kopija-2\/","og_locale":"en_US","og_type":"article","og_title":"XADO ATOMIC METAL CONDITIONER MAXIMUM DIESEL TRUCK FOR AUTOMATIC TRANSMISSION - Truckstyling.lt","og_description":"THE PRODUCT IS DESIGNED FOR RESTORATION, REPAIR AND ANTIWEAR PROTECTION OF ASSEMBLIES OF MECHANICAL TRANSMISSIONS","og_url":"https:\/\/truckstyling.lt\/en\/product\/xado-atomic-metal-conditioner-xado-maximum-manual-transmission-for-diesel-truck-kopija-2\/","og_site_name":"Truckstyling.lt","article_publisher":"https:\/\/www.facebook.com\/truckstylinglt","article_modified_time":"2024-04-24T13:08:14+00:00","og_image":[{"width":400,"height":400,"url":"https:\/\/truckstyling.lt\/wp-content\/uploads\/2024\/04\/XADO-MAXIMUM-for-automatic-transmission_p.jpg","type":"image\/jpeg"}],"twitter_card":"summary_large_image","twitter_misc":{"Est. reading time":"2 minutes"},"schema":{"@context":"https:\/\/schema.org","@graph":[{"@type":"WebPage","@id":"https:\/\/truckstyling.lt\/en\/product\/xado-atomic-metal-conditioner-xado-maximum-manual-transmission-for-diesel-truck-kopija-2\/","url":"https:\/\/truckstyling.lt\/en\/product\/xado-atomic-metal-conditioner-xado-maximum-manual-transmission-for-diesel-truck-kopija-2\/","name":"XADO ATOMIC METAL CONDITIONER MAXIMUM DIESEL TRUCK FOR AUTOMATIC TRANSMISSION - Truckstyling.lt","isPartOf":{"@id":"https:\/\/truckstyling.lt\/#website"},"primaryImageOfPage":{"@id":"https:\/\/truckstyling.lt\/en\/product\/xado-atomic-metal-conditioner-xado-maximum-manual-transmission-for-diesel-truck-kopija-2\/#primaryimage"},"image":{"@id":"https:\/\/truckstyling.lt\/en\/product\/xado-atomic-metal-conditioner-xado-maximum-manual-transmission-for-diesel-truck-kopija-2\/#primaryimage"},"thumbnailUrl":"https:\/\/truckstyling.lt\/wp-content\/uploads\/2024\/04\/XADO-MAXIMUM-for-automatic-transmission_p.jpg","datePublished":"2024-04-24T12:18:18+00:00","dateModified":"2024-04-24T13:08:14+00:00","description":"THE PRODUCT IS DESIGNED FOR RESTORATION, REPAIR AND ANTIWEAR PROTECTION OF ASSEMBLIES OF MECHANICAL TRANSMISSIONS","breadcrumb":{"@id":"https:\/\/truckstyling.lt\/en\/product\/xado-atomic-metal-conditioner-xado-maximum-manual-transmission-for-diesel-truck-kopija-2\/#breadcrumb"},"inLanguage":"en-US","potentialAction":[{"@type":"ReadAction","target":["https:\/\/truckstyling.lt\/en\/product\/xado-atomic-metal-conditioner-xado-maximum-manual-transmission-for-diesel-truck-kopija-2\/"]}]},{"@type":"ImageObject","inLanguage":"en-US","@id":"https:\/\/truckstyling.lt\/en\/product\/xado-atomic-metal-conditioner-xado-maximum-manual-transmission-for-diesel-truck-kopija-2\/#primaryimage","url":"https:\/\/truckstyling.lt\/wp-content\/uploads\/2024\/04\/XADO-MAXIMUM-for-automatic-transmission_p.jpg","contentUrl":"https:\/\/truckstyling.lt\/wp-content\/uploads\/2024\/04\/XADO-MAXIMUM-for-automatic-transmission_p.jpg","width":400,"height":400,"caption":"XADO MAXIMUM AUTOMATIN\u0116MS PAVAR\u0172 D\u0116\u017d\u0116MS"},{"@type":"BreadcrumbList","@id":"https:\/\/truckstyling.lt\/en\/product\/xado-atomic-metal-conditioner-xado-maximum-manual-transmission-for-diesel-truck-kopija-2\/#breadcrumb","itemListElement":[{"@type":"ListItem","position":1,"name":"Home","item":"https:\/\/truckstyling.lt\/en\/"},{"@type":"ListItem","position":2,"name":"Shop","item":"https:\/\/truckstyling.lt\/en\/shop\/"},{"@type":"ListItem","position":3,"name":"XADO ATOMIC METAL CONDITIONER MAXIMUM DIESEL TRUCK FOR AUTOMATIC TRANSMISSION"}]},{"@type":"WebSite","@id":"https:\/\/truckstyling.lt\/#website","url":"https:\/\/truckstyling.lt\/","name":"Truckstyling.lt","description":"Truckstyling.lt","publisher":{"@id":"https:\/\/truckstyling.lt\/#organization"},"potentialAction":[{"@type":"SearchAction","target":{"@type":"EntryPoint","urlTemplate":"https:\/\/truckstyling.lt\/?s={search_term_string}"},"query-input":{"@type":"PropertyValueSpecification","valueRequired":true,"valueName":"search_term_string"}}],"inLanguage":"en-US"},{"@type":"Organization","@id":"https:\/\/truckstyling.lt\/#organization","name":"Fitmenta","url":"https:\/\/truckstyling.lt\/","logo":{"@type":"ImageObject","inLanguage":"en-US","@id":"https:\/\/truckstyling.lt\/#\/schema\/logo\/image\/","url":"https:\/\/truckstyling.lt\/wp-content\/uploads\/2021\/01\/fitmenta-logo-white.svg","contentUrl":"https:\/\/truckstyling.lt\/wp-content\/uploads\/2021\/01\/fitmenta-logo-white.svg","width":201,"height":143,"caption":"Fitmenta"},"image":{"@id":"https:\/\/truckstyling.lt\/#\/schema\/logo\/image\/"},"sameAs":["https:\/\/www.facebook.com\/truckstylinglt"]}]}},"_links":{"self":[{"href":"https:\/\/truckstyling.lt\/en\/wp-json\/wp\/v2\/product\/16695"}],"collection":[{"href":"https:\/\/truckstyling.lt\/en\/wp-json\/wp\/v2\/product"}],"about":[{"href":"https:\/\/truckstyling.lt\/en\/wp-json\/wp\/v2\/types\/product"}],"replies":[{"embeddable":true,"href":"https:\/\/truckstyling.lt\/en\/wp-json\/wp\/v2\/comments?post=16695"}],"wp:featuredmedia":[{"embeddable":true,"href":"https:\/\/truckstyling.lt\/en\/wp-json\/wp\/v2\/media\/16698"}],"wp:attachment":[{"href":"https:\/\/truckstyling.lt\/en\/wp-json\/wp\/v2\/media?parent=16695"}],"wp:term":[{"taxonomy":"product_cat","embeddable":true,"href":"https:\/\/truckstyling.lt\/en\/wp-json\/wp\/v2\/product_cat?post=16695"},{"taxonomy":"product_tag","embeddable":true,"href":"https:\/\/truckstyling.lt\/en\/wp-json\/wp\/v2\/product_tag?post=16695"}],"curies":[{"name":"wp","href":"https:\/\/api.w.org\/{rel}","templated":true}]}}