{"id":16625,"date":"2024-04-15T10:48:08","date_gmt":"2024-04-15T12:48:08","guid":{"rendered":"https:\/\/truckstyling.lt\/produktas\/xtreme-flush-dyzeliniam-sunkvezimiui\/"},"modified":"2024-04-15T10:55:22","modified_gmt":"2024-04-15T12:55:22","slug":"xtreme-flush-dyzeliniam-sunkvezimiui","status":"publish","type":"product","link":"https:\/\/truckstyling.lt\/en\/product\/xtreme-flush-dyzeliniam-sunkvezimiui\/","title":{"rendered":"XTREME FLUSH for diesel truck"},"content":{"rendered":"<h3>PRODUCT DESCRIPTION<\/h3>\n<p>Oil additive for cleaning of the diesel engine oil system with decarbonization effect for diesel truck engines. Contains REVITALIZANT\u00ae.<\/p>\n<ul>\n<li>Thoroughly cleans the engine oil system<\/li>\n<li>Removes deposits, carbon and sludge<\/li>\n<li>Restores the mobility of piston rings<\/li>\n<li>Due to the presence of REVITALIZANT\u00ae, protects the engine<\/li>\n<\/ul>\n<p>The product is an additive to motor oil designed for cleaning of the engine oil system of heavy trucks. It contains effective cleaning components and the REVITALIZANT\u00ae. Due to the cleaning components the product easily dissolves all kinds of contaminations and cleans the oil system to the level of technical purity; it eliminates carbon deposits from grooves and restores the mobility of piston rings. During the flushing the REVITALIZANT\u00ae creates a protective antiwear coating on the engine parts surface.<\/p>\n<h3>APPLICATION INSTRUCTIONS<\/h3>\n<p>Introduce the product into the oil system of the engine warmed up to the operational temperature.<\/p>\n<p>In case of severe engine contamination, for deep cleaning of the oil and for anticarbon treatment of piston rings: drive 150\u2013200 km (100-130 miles) in regular mode.<\/p>\n<p>In case of regular application: idle the engine for 10\u201315 minutes or drive 20 km (~15 miles).<\/p>\n<p>Change the motor oil.<\/p>\n<h3>NOTE:<\/h3>\n<p>The product is compatible with all types of motor oils and safe for turbocharging units.<\/p>\n<p>Regular application of the product during each oil change is recommended. Intensive cleaning is also recommended during the first application of the product, as well as by engine overheating, usage of low-quality fuel and failure to meet proper oil change intervals.<\/p>\n<h3>DOSAGE<\/h3>\n<p>500 ml of the product for 35\u201345 L (~10 gal) of motor oil.<\/p>\n<h3>PACKAGING<\/h3>\n<p>Can 500 ml XA 42301<\/p>\n","protected":false},"excerpt":{"rendered":"<p>PRODUCT DESCRIPTION Oil additive for cleaning of the diesel engine oil system with decarbonization effect for diesel truck engines. Contains REVITALIZANT\u00ae. Thoroughly cleans the engine oil system Removes deposits, carbon and sludge Restores the mobility of piston rings Due to the presence of REVITALIZANT\u00ae, protects the engine The product is an additive to motor oil [&hellip;]<\/p>\n","protected":false},"featured_media":16622,"comment_status":"open","ping_status":"closed","template":"","meta":{"_acf_changed":false,"inline_featured_image":false},"product_cat":[697],"product_tag":[],"class_list":{"0":"post-16625","1":"product","2":"type-product","3":"status-publish","4":"has-post-thumbnail","6":"product_cat-xado","8":"first","9":"onbackorder","10":"taxable","11":"shipping-taxable","12":"purchasable","13":"product-type-simple"},"acf":[],"yoast_head":"<!-- This site is optimized with the Yoast SEO plugin v23.4 - https:\/\/yoast.com\/wordpress\/plugins\/seo\/ -->\n<title>XTREME FLUSH for diesel truck - Truckstyling.lt<\/title>\n<meta name=\"description\" content=\"Xtreme Flush kompleksinis sunkiasvori\u0173 automobili\u0173 alyvos sistemos valiklis, turintis st\u016bmoklio \u017eied\u0173 i\u0161koksavimo poveik\u012f. Sud\u0117tyje yra Revitalizanto.\" \/>\n<meta name=\"robots\" content=\"index, follow, max-snippet:-1, max-image-preview:large, max-video-preview:-1\" \/>\n<link rel=\"canonical\" href=\"https:\/\/truckstyling.lt\/en\/product\/xtreme-flush-dyzeliniam-sunkvezimiui\/\" \/>\n<meta property=\"og:locale\" content=\"en_US\" \/>\n<meta property=\"og:type\" content=\"article\" \/>\n<meta property=\"og:title\" content=\"XTREME FLUSH for diesel truck - Truckstyling.lt\" \/>\n<meta property=\"og:description\" content=\"Xtreme Flush kompleksinis sunkiasvori\u0173 automobili\u0173 alyvos sistemos valiklis, turintis st\u016bmoklio \u017eied\u0173 i\u0161koksavimo poveik\u012f. Sud\u0117tyje yra Revitalizanto.\" \/>\n<meta property=\"og:url\" content=\"https:\/\/truckstyling.lt\/en\/product\/xtreme-flush-dyzeliniam-sunkvezimiui\/\" \/>\n<meta property=\"og:site_name\" content=\"Truckstyling.lt\" \/>\n<meta property=\"article:publisher\" content=\"https:\/\/www.facebook.com\/truckstylinglt\" \/>\n<meta property=\"article:modified_time\" content=\"2024-04-15T12:55:22+00:00\" \/>\n<meta property=\"og:image\" content=\"https:\/\/truckstyling.lt\/wp-content\/uploads\/2024\/04\/500_x_flush_complex.webp\" \/>\n\t<meta property=\"og:image:width\" content=\"1200\" \/>\n\t<meta property=\"og:image:height\" content=\"1200\" \/>\n\t<meta property=\"og:image:type\" content=\"image\/webp\" \/>\n<meta name=\"twitter:card\" content=\"summary_large_image\" \/>\n<meta name=\"twitter:label1\" content=\"Est. reading time\" \/>\n\t<meta name=\"twitter:data1\" content=\"2 minutes\" \/>\n<script type=\"application\/ld+json\" class=\"yoast-schema-graph\">{\"@context\":\"https:\/\/schema.org\",\"@graph\":[{\"@type\":\"WebPage\",\"@id\":\"https:\/\/truckstyling.lt\/en\/product\/xtreme-flush-dyzeliniam-sunkvezimiui\/\",\"url\":\"https:\/\/truckstyling.lt\/en\/product\/xtreme-flush-dyzeliniam-sunkvezimiui\/\",\"name\":\"XTREME FLUSH for diesel truck - Truckstyling.lt\",\"isPartOf\":{\"@id\":\"https:\/\/truckstyling.lt\/#website\"},\"primaryImageOfPage\":{\"@id\":\"https:\/\/truckstyling.lt\/en\/product\/xtreme-flush-dyzeliniam-sunkvezimiui\/#primaryimage\"},\"image\":{\"@id\":\"https:\/\/truckstyling.lt\/en\/product\/xtreme-flush-dyzeliniam-sunkvezimiui\/#primaryimage\"},\"thumbnailUrl\":\"https:\/\/truckstyling.lt\/wp-content\/uploads\/2024\/04\/500_x_flush_complex.webp\",\"datePublished\":\"2024-04-15T12:48:08+00:00\",\"dateModified\":\"2024-04-15T12:55:22+00:00\",\"description\":\"Xtreme Flush kompleksinis sunkiasvori\u0173 automobili\u0173 alyvos sistemos valiklis, turintis st\u016bmoklio \u017eied\u0173 i\u0161koksavimo poveik\u012f. Sud\u0117tyje yra Revitalizanto.\",\"breadcrumb\":{\"@id\":\"https:\/\/truckstyling.lt\/en\/product\/xtreme-flush-dyzeliniam-sunkvezimiui\/#breadcrumb\"},\"inLanguage\":\"en-US\",\"potentialAction\":[{\"@type\":\"ReadAction\",\"target\":[\"https:\/\/truckstyling.lt\/en\/product\/xtreme-flush-dyzeliniam-sunkvezimiui\/\"]}]},{\"@type\":\"ImageObject\",\"inLanguage\":\"en-US\",\"@id\":\"https:\/\/truckstyling.lt\/en\/product\/xtreme-flush-dyzeliniam-sunkvezimiui\/#primaryimage\",\"url\":\"https:\/\/truckstyling.lt\/wp-content\/uploads\/2024\/04\/500_x_flush_complex.webp\",\"contentUrl\":\"https:\/\/truckstyling.lt\/wp-content\/uploads\/2024\/04\/500_x_flush_complex.webp\",\"width\":1200,\"height\":1200,\"caption\":\"XADO XTREME FLUSH\"},{\"@type\":\"BreadcrumbList\",\"@id\":\"https:\/\/truckstyling.lt\/en\/product\/xtreme-flush-dyzeliniam-sunkvezimiui\/#breadcrumb\",\"itemListElement\":[{\"@type\":\"ListItem\",\"position\":1,\"name\":\"Home\",\"item\":\"https:\/\/truckstyling.lt\/en\/\"},{\"@type\":\"ListItem\",\"position\":2,\"name\":\"Shop\",\"item\":\"https:\/\/truckstyling.lt\/en\/shop\/\"},{\"@type\":\"ListItem\",\"position\":3,\"name\":\"XTREME FLUSH for diesel truck\"}]},{\"@type\":\"WebSite\",\"@id\":\"https:\/\/truckstyling.lt\/#website\",\"url\":\"https:\/\/truckstyling.lt\/\",\"name\":\"Truckstyling.lt\",\"description\":\"Truckstyling.lt\",\"publisher\":{\"@id\":\"https:\/\/truckstyling.lt\/#organization\"},\"potentialAction\":[{\"@type\":\"SearchAction\",\"target\":{\"@type\":\"EntryPoint\",\"urlTemplate\":\"https:\/\/truckstyling.lt\/?s={search_term_string}\"},\"query-input\":{\"@type\":\"PropertyValueSpecification\",\"valueRequired\":true,\"valueName\":\"search_term_string\"}}],\"inLanguage\":\"en-US\"},{\"@type\":\"Organization\",\"@id\":\"https:\/\/truckstyling.lt\/#organization\",\"name\":\"Fitmenta\",\"url\":\"https:\/\/truckstyling.lt\/\",\"logo\":{\"@type\":\"ImageObject\",\"inLanguage\":\"en-US\",\"@id\":\"https:\/\/truckstyling.lt\/#\/schema\/logo\/image\/\",\"url\":\"https:\/\/truckstyling.lt\/wp-content\/uploads\/2021\/01\/fitmenta-logo-white.svg\",\"contentUrl\":\"https:\/\/truckstyling.lt\/wp-content\/uploads\/2021\/01\/fitmenta-logo-white.svg\",\"width\":201,\"height\":143,\"caption\":\"Fitmenta\"},\"image\":{\"@id\":\"https:\/\/truckstyling.lt\/#\/schema\/logo\/image\/\"},\"sameAs\":[\"https:\/\/www.facebook.com\/truckstylinglt\"]}]}<\/script>\n<!-- \/ Yoast SEO plugin. -->","yoast_head_json":{"title":"XTREME FLUSH for diesel truck - Truckstyling.lt","description":"Xtreme Flush kompleksinis sunkiasvori\u0173 automobili\u0173 alyvos sistemos valiklis, turintis st\u016bmoklio \u017eied\u0173 i\u0161koksavimo poveik\u012f. Sud\u0117tyje yra Revitalizanto.","robots":{"index":"index","follow":"follow","max-snippet":"max-snippet:-1","max-image-preview":"max-image-preview:large","max-video-preview":"max-video-preview:-1"},"canonical":"https:\/\/truckstyling.lt\/en\/product\/xtreme-flush-dyzeliniam-sunkvezimiui\/","og_locale":"en_US","og_type":"article","og_title":"XTREME FLUSH for diesel truck - Truckstyling.lt","og_description":"Xtreme Flush kompleksinis sunkiasvori\u0173 automobili\u0173 alyvos sistemos valiklis, turintis st\u016bmoklio \u017eied\u0173 i\u0161koksavimo poveik\u012f. Sud\u0117tyje yra Revitalizanto.","og_url":"https:\/\/truckstyling.lt\/en\/product\/xtreme-flush-dyzeliniam-sunkvezimiui\/","og_site_name":"Truckstyling.lt","article_publisher":"https:\/\/www.facebook.com\/truckstylinglt","article_modified_time":"2024-04-15T12:55:22+00:00","og_image":[{"width":1200,"height":1200,"url":"https:\/\/truckstyling.lt\/wp-content\/uploads\/2024\/04\/500_x_flush_complex.webp","type":"image\/webp"}],"twitter_card":"summary_large_image","twitter_misc":{"Est. reading time":"2 minutes"},"schema":{"@context":"https:\/\/schema.org","@graph":[{"@type":"WebPage","@id":"https:\/\/truckstyling.lt\/en\/product\/xtreme-flush-dyzeliniam-sunkvezimiui\/","url":"https:\/\/truckstyling.lt\/en\/product\/xtreme-flush-dyzeliniam-sunkvezimiui\/","name":"XTREME FLUSH for diesel truck - Truckstyling.lt","isPartOf":{"@id":"https:\/\/truckstyling.lt\/#website"},"primaryImageOfPage":{"@id":"https:\/\/truckstyling.lt\/en\/product\/xtreme-flush-dyzeliniam-sunkvezimiui\/#primaryimage"},"image":{"@id":"https:\/\/truckstyling.lt\/en\/product\/xtreme-flush-dyzeliniam-sunkvezimiui\/#primaryimage"},"thumbnailUrl":"https:\/\/truckstyling.lt\/wp-content\/uploads\/2024\/04\/500_x_flush_complex.webp","datePublished":"2024-04-15T12:48:08+00:00","dateModified":"2024-04-15T12:55:22+00:00","description":"Xtreme Flush kompleksinis sunkiasvori\u0173 automobili\u0173 alyvos sistemos valiklis, turintis st\u016bmoklio \u017eied\u0173 i\u0161koksavimo poveik\u012f. Sud\u0117tyje yra Revitalizanto.","breadcrumb":{"@id":"https:\/\/truckstyling.lt\/en\/product\/xtreme-flush-dyzeliniam-sunkvezimiui\/#breadcrumb"},"inLanguage":"en-US","potentialAction":[{"@type":"ReadAction","target":["https:\/\/truckstyling.lt\/en\/product\/xtreme-flush-dyzeliniam-sunkvezimiui\/"]}]},{"@type":"ImageObject","inLanguage":"en-US","@id":"https:\/\/truckstyling.lt\/en\/product\/xtreme-flush-dyzeliniam-sunkvezimiui\/#primaryimage","url":"https:\/\/truckstyling.lt\/wp-content\/uploads\/2024\/04\/500_x_flush_complex.webp","contentUrl":"https:\/\/truckstyling.lt\/wp-content\/uploads\/2024\/04\/500_x_flush_complex.webp","width":1200,"height":1200,"caption":"XADO XTREME FLUSH"},{"@type":"BreadcrumbList","@id":"https:\/\/truckstyling.lt\/en\/product\/xtreme-flush-dyzeliniam-sunkvezimiui\/#breadcrumb","itemListElement":[{"@type":"ListItem","position":1,"name":"Home","item":"https:\/\/truckstyling.lt\/en\/"},{"@type":"ListItem","position":2,"name":"Shop","item":"https:\/\/truckstyling.lt\/en\/shop\/"},{"@type":"ListItem","position":3,"name":"XTREME FLUSH for diesel truck"}]},{"@type":"WebSite","@id":"https:\/\/truckstyling.lt\/#website","url":"https:\/\/truckstyling.lt\/","name":"Truckstyling.lt","description":"Truckstyling.lt","publisher":{"@id":"https:\/\/truckstyling.lt\/#organization"},"potentialAction":[{"@type":"SearchAction","target":{"@type":"EntryPoint","urlTemplate":"https:\/\/truckstyling.lt\/?s={search_term_string}"},"query-input":{"@type":"PropertyValueSpecification","valueRequired":true,"valueName":"search_term_string"}}],"inLanguage":"en-US"},{"@type":"Organization","@id":"https:\/\/truckstyling.lt\/#organization","name":"Fitmenta","url":"https:\/\/truckstyling.lt\/","logo":{"@type":"ImageObject","inLanguage":"en-US","@id":"https:\/\/truckstyling.lt\/#\/schema\/logo\/image\/","url":"https:\/\/truckstyling.lt\/wp-content\/uploads\/2021\/01\/fitmenta-logo-white.svg","contentUrl":"https:\/\/truckstyling.lt\/wp-content\/uploads\/2021\/01\/fitmenta-logo-white.svg","width":201,"height":143,"caption":"Fitmenta"},"image":{"@id":"https:\/\/truckstyling.lt\/#\/schema\/logo\/image\/"},"sameAs":["https:\/\/www.facebook.com\/truckstylinglt"]}]}},"_links":{"self":[{"href":"https:\/\/truckstyling.lt\/en\/wp-json\/wp\/v2\/product\/16625"}],"collection":[{"href":"https:\/\/truckstyling.lt\/en\/wp-json\/wp\/v2\/product"}],"about":[{"href":"https:\/\/truckstyling.lt\/en\/wp-json\/wp\/v2\/types\/product"}],"replies":[{"embeddable":true,"href":"https:\/\/truckstyling.lt\/en\/wp-json\/wp\/v2\/comments?post=16625"}],"wp:featuredmedia":[{"embeddable":true,"href":"https:\/\/truckstyling.lt\/en\/wp-json\/wp\/v2\/media\/16622"}],"wp:attachment":[{"href":"https:\/\/truckstyling.lt\/en\/wp-json\/wp\/v2\/media?parent=16625"}],"wp:term":[{"taxonomy":"product_cat","embeddable":true,"href":"https:\/\/truckstyling.lt\/en\/wp-json\/wp\/v2\/product_cat?post=16625"},{"taxonomy":"product_tag","embeddable":true,"href":"https:\/\/truckstyling.lt\/en\/wp-json\/wp\/v2\/product_tag?post=16625"}],"curies":[{"name":"wp","href":"https:\/\/api.w.org\/{rel}","templated":true}]}}