{"id":13541,"date":"2023-02-09T12:21:06","date_gmt":"2023-02-09T14:21:06","guid":{"rendered":"https:\/\/truckstyling.lt\/produktas\/saugos-dirzu-paminkstinimai-uzvalkalai\/"},"modified":"2023-05-02T16:00:55","modified_gmt":"2023-05-02T18:00:55","slug":"saugos-dirzu-paminkstinimai-uzvalkalai","status":"publish","type":"product","link":"https:\/\/truckstyling.lt\/en\/product\/saugos-dirzu-paminkstinimai-uzvalkalai\/","title":{"rendered":"Saugos dir\u017e\u0173 pamink\u0161tinimai \/ u\u017evalkalai"},"content":{"rendered":"<p>Universal\u016bs saugos dir\u017e\u0173 pamink\u0161tinimai\/ u\u017evalkalai<\/p>\n<p>Galimi 6 spalv\u0173 variantai.<\/p>\n<p>Supakuota plastikin\u0117je pakuot\u0117je<\/p>\n<p>Pagaminta Italijoje<\/p>\n","protected":false},"excerpt":{"rendered":"<p>U\u017esakymo numeris 7750<\/p>\n<p>Komplektas, 2 vnt.<\/p>\n<p>&nbsp;<\/p>\n","protected":false},"featured_media":13499,"comment_status":"open","ping_status":"closed","template":"","meta":{"_acf_changed":false,"inline_featured_image":false},"product_cat":[276],"product_tag":[],"class_list":{"0":"post-13541","1":"product","2":"type-product","3":"status-publish","4":"has-post-thumbnail","6":"product_cat-other-accessories","7":"pa_produkto-sudetis-eko-oda-en","8":"pa_produkto-sudetis-polyurethane-en","9":"pa_produkto-sudetis-woven-non-woven-en","10":"pa_spalvos-parinkimas-smelio-en","11":"pa_spalvos-parinkimas-juoda-en","12":"pa_spalvos-parinkimas-melyna-en","13":"pa_spalvos-parinkimas-tamsiai-melyna-en","14":"pa_spalvos-parinkimas-pilka-en","15":"pa_spalvos-parinkimas-raudona-en","17":"first","18":"instock","19":"taxable","20":"shipping-taxable","21":"purchasable","22":"product-type-variable"},"acf":[],"yoast_head":"<!-- This site is optimized with the Yoast SEO plugin v23.4 - https:\/\/yoast.com\/wordpress\/plugins\/seo\/ -->\n<title>Saugos dir\u017e\u0173 pamink\u0161tinimai \/ u\u017evalkalai - Truckstyling.lt<\/title>\n<meta name=\"description\" content=\"Safety belt covers\" \/>\n<meta name=\"robots\" content=\"index, follow, max-snippet:-1, max-image-preview:large, max-video-preview:-1\" \/>\n<link rel=\"canonical\" href=\"https:\/\/truckstyling.lt\/en\/product\/saugos-dirzu-paminkstinimai-uzvalkalai\/\" \/>\n<meta property=\"og:locale\" content=\"en_US\" \/>\n<meta property=\"og:type\" content=\"article\" \/>\n<meta property=\"og:title\" content=\"Saugos dir\u017e\u0173 pamink\u0161tinimai \/ u\u017evalkalai - Truckstyling.lt\" \/>\n<meta property=\"og:description\" content=\"Safety belt covers\" \/>\n<meta property=\"og:url\" content=\"https:\/\/truckstyling.lt\/en\/product\/saugos-dirzu-paminkstinimai-uzvalkalai\/\" \/>\n<meta property=\"og:site_name\" content=\"Truckstyling.lt\" \/>\n<meta property=\"article:publisher\" content=\"https:\/\/www.facebook.com\/truckstylinglt\" \/>\n<meta property=\"article:modified_time\" content=\"2023-05-02T18:00:55+00:00\" \/>\n<meta property=\"og:image\" content=\"https:\/\/truckstyling.lt\/wp-content\/uploads\/2023\/02\/dirzo-apsauga-pilka.jpg\" \/>\n\t<meta property=\"og:image:width\" content=\"774\" \/>\n\t<meta property=\"og:image:height\" content=\"771\" \/>\n\t<meta property=\"og:image:type\" content=\"image\/jpeg\" \/>\n<meta name=\"twitter:card\" content=\"summary_large_image\" \/>\n<meta name=\"twitter:label1\" content=\"Est. reading time\" \/>\n\t<meta name=\"twitter:data1\" content=\"1 minute\" \/>\n<script type=\"application\/ld+json\" class=\"yoast-schema-graph\">{\"@context\":\"https:\/\/schema.org\",\"@graph\":[{\"@type\":\"WebPage\",\"@id\":\"https:\/\/truckstyling.lt\/en\/product\/saugos-dirzu-paminkstinimai-uzvalkalai\/\",\"url\":\"https:\/\/truckstyling.lt\/en\/product\/saugos-dirzu-paminkstinimai-uzvalkalai\/\",\"name\":\"Saugos dir\u017e\u0173 pamink\u0161tinimai \/ u\u017evalkalai - Truckstyling.lt\",\"isPartOf\":{\"@id\":\"https:\/\/truckstyling.lt\/#website\"},\"primaryImageOfPage\":{\"@id\":\"https:\/\/truckstyling.lt\/en\/product\/saugos-dirzu-paminkstinimai-uzvalkalai\/#primaryimage\"},\"image\":{\"@id\":\"https:\/\/truckstyling.lt\/en\/product\/saugos-dirzu-paminkstinimai-uzvalkalai\/#primaryimage\"},\"thumbnailUrl\":\"https:\/\/truckstyling.lt\/wp-content\/uploads\/2023\/02\/dirzo-apsauga-pilka.jpg\",\"datePublished\":\"2023-02-09T14:21:06+00:00\",\"dateModified\":\"2023-05-02T18:00:55+00:00\",\"description\":\"Safety belt covers\",\"breadcrumb\":{\"@id\":\"https:\/\/truckstyling.lt\/en\/product\/saugos-dirzu-paminkstinimai-uzvalkalai\/#breadcrumb\"},\"inLanguage\":\"en-US\",\"potentialAction\":[{\"@type\":\"ReadAction\",\"target\":[\"https:\/\/truckstyling.lt\/en\/product\/saugos-dirzu-paminkstinimai-uzvalkalai\/\"]}]},{\"@type\":\"ImageObject\",\"inLanguage\":\"en-US\",\"@id\":\"https:\/\/truckstyling.lt\/en\/product\/saugos-dirzu-paminkstinimai-uzvalkalai\/#primaryimage\",\"url\":\"https:\/\/truckstyling.lt\/wp-content\/uploads\/2023\/02\/dirzo-apsauga-pilka.jpg\",\"contentUrl\":\"https:\/\/truckstyling.lt\/wp-content\/uploads\/2023\/02\/dirzo-apsauga-pilka.jpg\",\"width\":774,\"height\":771,\"caption\":\"Safety belt cover\"},{\"@type\":\"BreadcrumbList\",\"@id\":\"https:\/\/truckstyling.lt\/en\/product\/saugos-dirzu-paminkstinimai-uzvalkalai\/#breadcrumb\",\"itemListElement\":[{\"@type\":\"ListItem\",\"position\":1,\"name\":\"Home\",\"item\":\"https:\/\/truckstyling.lt\/en\/\"},{\"@type\":\"ListItem\",\"position\":2,\"name\":\"Shop\",\"item\":\"https:\/\/truckstyling.lt\/en\/shop\/\"},{\"@type\":\"ListItem\",\"position\":3,\"name\":\"Saugos dir\u017e\u0173 pamink\u0161tinimai \/ u\u017evalkalai\"}]},{\"@type\":\"WebSite\",\"@id\":\"https:\/\/truckstyling.lt\/#website\",\"url\":\"https:\/\/truckstyling.lt\/\",\"name\":\"Truckstyling.lt\",\"description\":\"Truckstyling.lt\",\"publisher\":{\"@id\":\"https:\/\/truckstyling.lt\/#organization\"},\"potentialAction\":[{\"@type\":\"SearchAction\",\"target\":{\"@type\":\"EntryPoint\",\"urlTemplate\":\"https:\/\/truckstyling.lt\/?s={search_term_string}\"},\"query-input\":{\"@type\":\"PropertyValueSpecification\",\"valueRequired\":true,\"valueName\":\"search_term_string\"}}],\"inLanguage\":\"en-US\"},{\"@type\":\"Organization\",\"@id\":\"https:\/\/truckstyling.lt\/#organization\",\"name\":\"Fitmenta\",\"url\":\"https:\/\/truckstyling.lt\/\",\"logo\":{\"@type\":\"ImageObject\",\"inLanguage\":\"en-US\",\"@id\":\"https:\/\/truckstyling.lt\/#\/schema\/logo\/image\/\",\"url\":\"https:\/\/truckstyling.lt\/wp-content\/uploads\/2021\/01\/fitmenta-logo-white.svg\",\"contentUrl\":\"https:\/\/truckstyling.lt\/wp-content\/uploads\/2021\/01\/fitmenta-logo-white.svg\",\"width\":201,\"height\":143,\"caption\":\"Fitmenta\"},\"image\":{\"@id\":\"https:\/\/truckstyling.lt\/#\/schema\/logo\/image\/\"},\"sameAs\":[\"https:\/\/www.facebook.com\/truckstylinglt\"]}]}<\/script>\n<!-- \/ Yoast SEO plugin. -->","yoast_head_json":{"title":"Saugos dir\u017e\u0173 pamink\u0161tinimai \/ u\u017evalkalai - Truckstyling.lt","description":"Safety belt covers","robots":{"index":"index","follow":"follow","max-snippet":"max-snippet:-1","max-image-preview":"max-image-preview:large","max-video-preview":"max-video-preview:-1"},"canonical":"https:\/\/truckstyling.lt\/en\/product\/saugos-dirzu-paminkstinimai-uzvalkalai\/","og_locale":"en_US","og_type":"article","og_title":"Saugos dir\u017e\u0173 pamink\u0161tinimai \/ u\u017evalkalai - Truckstyling.lt","og_description":"Safety belt covers","og_url":"https:\/\/truckstyling.lt\/en\/product\/saugos-dirzu-paminkstinimai-uzvalkalai\/","og_site_name":"Truckstyling.lt","article_publisher":"https:\/\/www.facebook.com\/truckstylinglt","article_modified_time":"2023-05-02T18:00:55+00:00","og_image":[{"width":774,"height":771,"url":"https:\/\/truckstyling.lt\/wp-content\/uploads\/2023\/02\/dirzo-apsauga-pilka.jpg","type":"image\/jpeg"}],"twitter_card":"summary_large_image","twitter_misc":{"Est. reading time":"1 minute"},"schema":{"@context":"https:\/\/schema.org","@graph":[{"@type":"WebPage","@id":"https:\/\/truckstyling.lt\/en\/product\/saugos-dirzu-paminkstinimai-uzvalkalai\/","url":"https:\/\/truckstyling.lt\/en\/product\/saugos-dirzu-paminkstinimai-uzvalkalai\/","name":"Saugos dir\u017e\u0173 pamink\u0161tinimai \/ u\u017evalkalai - Truckstyling.lt","isPartOf":{"@id":"https:\/\/truckstyling.lt\/#website"},"primaryImageOfPage":{"@id":"https:\/\/truckstyling.lt\/en\/product\/saugos-dirzu-paminkstinimai-uzvalkalai\/#primaryimage"},"image":{"@id":"https:\/\/truckstyling.lt\/en\/product\/saugos-dirzu-paminkstinimai-uzvalkalai\/#primaryimage"},"thumbnailUrl":"https:\/\/truckstyling.lt\/wp-content\/uploads\/2023\/02\/dirzo-apsauga-pilka.jpg","datePublished":"2023-02-09T14:21:06+00:00","dateModified":"2023-05-02T18:00:55+00:00","description":"Safety belt covers","breadcrumb":{"@id":"https:\/\/truckstyling.lt\/en\/product\/saugos-dirzu-paminkstinimai-uzvalkalai\/#breadcrumb"},"inLanguage":"en-US","potentialAction":[{"@type":"ReadAction","target":["https:\/\/truckstyling.lt\/en\/product\/saugos-dirzu-paminkstinimai-uzvalkalai\/"]}]},{"@type":"ImageObject","inLanguage":"en-US","@id":"https:\/\/truckstyling.lt\/en\/product\/saugos-dirzu-paminkstinimai-uzvalkalai\/#primaryimage","url":"https:\/\/truckstyling.lt\/wp-content\/uploads\/2023\/02\/dirzo-apsauga-pilka.jpg","contentUrl":"https:\/\/truckstyling.lt\/wp-content\/uploads\/2023\/02\/dirzo-apsauga-pilka.jpg","width":774,"height":771,"caption":"Safety belt cover"},{"@type":"BreadcrumbList","@id":"https:\/\/truckstyling.lt\/en\/product\/saugos-dirzu-paminkstinimai-uzvalkalai\/#breadcrumb","itemListElement":[{"@type":"ListItem","position":1,"name":"Home","item":"https:\/\/truckstyling.lt\/en\/"},{"@type":"ListItem","position":2,"name":"Shop","item":"https:\/\/truckstyling.lt\/en\/shop\/"},{"@type":"ListItem","position":3,"name":"Saugos dir\u017e\u0173 pamink\u0161tinimai \/ u\u017evalkalai"}]},{"@type":"WebSite","@id":"https:\/\/truckstyling.lt\/#website","url":"https:\/\/truckstyling.lt\/","name":"Truckstyling.lt","description":"Truckstyling.lt","publisher":{"@id":"https:\/\/truckstyling.lt\/#organization"},"potentialAction":[{"@type":"SearchAction","target":{"@type":"EntryPoint","urlTemplate":"https:\/\/truckstyling.lt\/?s={search_term_string}"},"query-input":{"@type":"PropertyValueSpecification","valueRequired":true,"valueName":"search_term_string"}}],"inLanguage":"en-US"},{"@type":"Organization","@id":"https:\/\/truckstyling.lt\/#organization","name":"Fitmenta","url":"https:\/\/truckstyling.lt\/","logo":{"@type":"ImageObject","inLanguage":"en-US","@id":"https:\/\/truckstyling.lt\/#\/schema\/logo\/image\/","url":"https:\/\/truckstyling.lt\/wp-content\/uploads\/2021\/01\/fitmenta-logo-white.svg","contentUrl":"https:\/\/truckstyling.lt\/wp-content\/uploads\/2021\/01\/fitmenta-logo-white.svg","width":201,"height":143,"caption":"Fitmenta"},"image":{"@id":"https:\/\/truckstyling.lt\/#\/schema\/logo\/image\/"},"sameAs":["https:\/\/www.facebook.com\/truckstylinglt"]}]}},"_links":{"self":[{"href":"https:\/\/truckstyling.lt\/en\/wp-json\/wp\/v2\/product\/13541"}],"collection":[{"href":"https:\/\/truckstyling.lt\/en\/wp-json\/wp\/v2\/product"}],"about":[{"href":"https:\/\/truckstyling.lt\/en\/wp-json\/wp\/v2\/types\/product"}],"replies":[{"embeddable":true,"href":"https:\/\/truckstyling.lt\/en\/wp-json\/wp\/v2\/comments?post=13541"}],"wp:featuredmedia":[{"embeddable":true,"href":"https:\/\/truckstyling.lt\/en\/wp-json\/wp\/v2\/media\/13499"}],"wp:attachment":[{"href":"https:\/\/truckstyling.lt\/en\/wp-json\/wp\/v2\/media?parent=13541"}],"wp:term":[{"taxonomy":"product_cat","embeddable":true,"href":"https:\/\/truckstyling.lt\/en\/wp-json\/wp\/v2\/product_cat?post=13541"},{"taxonomy":"product_tag","embeddable":true,"href":"https:\/\/truckstyling.lt\/en\/wp-json\/wp\/v2\/product_tag?post=13541"}],"curies":[{"name":"wp","href":"https:\/\/api.w.org\/{rel}","templated":true}]}}